{"id":125,"date":"2023-07-13T08:26:59","date_gmt":"2023-07-13T08:26:59","guid":{"rendered":"https:\/\/animatsuri.baka.ee\/2023\/?page_id=125"},"modified":"2023-11-20T13:39:45","modified_gmt":"2023-11-20T10:39:45","slug":"kontakt","status":"publish","type":"page","link":"https:\/\/animatsuri.eu\/2023\/?page_id=125","title":{"rendered":"Kontakt"},"content":{"rendered":"\t\t<div data-elementor-type=\"wp-page\" data-elementor-id=\"125\" class=\"elementor elementor-125\">\n\t\t\t\t\t\t<section class=\"elementor-section elementor-top-section elementor-element elementor-element-19cd110a elementor-section-full_width elementor-section-stretched elementor-section-height-default elementor-section-height-default\" data-id=\"19cd110a\" data-element_type=\"section\" data-settings=\"{&quot;stretch_section&quot;:&quot;section-stretched&quot;}\">\n\t\t\t\t\t\t<div class=\"elementor-container elementor-column-gap-no\">\n\t\t\t\t\t<div class=\"elementor-column elementor-col-100 elementor-top-column elementor-element elementor-element-2c6b8c87\" data-id=\"2c6b8c87\" data-element_type=\"column\">\n\t\t\t<div class=\"elementor-widget-wrap elementor-element-populated\">\n\t\t\t\t\t\t<div class=\"elementor-element elementor-element-4cd0006c elementor-widget__width-inherit elementor-widget elementor-widget-image\" data-id=\"4cd0006c\" data-element_type=\"widget\" data-widget_type=\"image.default\">\n\t\t\t\t<div class=\"elementor-widget-container\">\n\t\t\t<style>\/*! elementor - v3.20.0 - 26-03-2024 *\/\n.elementor-widget-image{text-align:center}.elementor-widget-image a{display:inline-block}.elementor-widget-image a img[src$=\".svg\"]{width:48px}.elementor-widget-image img{vertical-align:middle;display:inline-block}<\/style>\t\t\t\t\t\t\t\t\t\t<img fetchpriority=\"high\" decoding=\"async\" width=\"1920\" height=\"533\" src=\"https:\/\/animatsuri.eu\/2023\/wp-content\/uploads\/2023\/11\/korraldajatest.png\" class=\"attachment-full size-full wp-image-2620\" alt=\"\" srcset=\"https:\/\/animatsuri.eu\/2023\/wp-content\/uploads\/2023\/11\/korraldajatest.png 1920w, https:\/\/animatsuri.eu\/2023\/wp-content\/uploads\/2023\/11\/korraldajatest-300x83.png 300w, https:\/\/animatsuri.eu\/2023\/wp-content\/uploads\/2023\/11\/korraldajatest-1024x284.png 1024w, https:\/\/animatsuri.eu\/2023\/wp-content\/uploads\/2023\/11\/korraldajatest-768x213.png 768w, https:\/\/animatsuri.eu\/2023\/wp-content\/uploads\/2023\/11\/korraldajatest-1536x426.png 1536w, https:\/\/animatsuri.eu\/2023\/wp-content\/uploads\/2023\/11\/korraldajatest-1200x333.png 1200w\" sizes=\"(max-width: 1920px) 100vw, 1920px\" \/>\t\t\t\t\t\t\t\t\t\t\t\t\t<\/div>\n\t\t\t\t<\/div>\n\t\t\t\t\t<\/div>\n\t\t<\/div>\n\t\t\t\t\t<\/div>\n\t\t<\/section>\n\t\t\t\t<section class=\"elementor-section elementor-top-section elementor-element elementor-element-531d17cf elementor-section-boxed elementor-section-height-default elementor-section-height-default\" data-id=\"531d17cf\" data-element_type=\"section\">\n\t\t\t\t\t\t<div class=\"elementor-container elementor-column-gap-default\">\n\t\t\t\t\t<div class=\"elementor-column elementor-col-100 elementor-top-column elementor-element elementor-element-42691deb\" data-id=\"42691deb\" data-element_type=\"column\">\n\t\t\t<div class=\"elementor-widget-wrap elementor-element-populated\">\n\t\t\t\t\t\t<div class=\"elementor-element elementor-element-7093e133 elementor-widget__width-initial elementor-widget elementor-widget-text-editor\" data-id=\"7093e133\" data-element_type=\"widget\" data-widget_type=\"text-editor.default\">\n\t\t\t\t<div class=\"elementor-widget-container\">\n\t\t\t<style>\/*! elementor - v3.20.0 - 26-03-2024 *\/\n.elementor-widget-text-editor.elementor-drop-cap-view-stacked .elementor-drop-cap{background-color:#69727d;color:#fff}.elementor-widget-text-editor.elementor-drop-cap-view-framed .elementor-drop-cap{color:#69727d;border:3px solid;background-color:transparent}.elementor-widget-text-editor:not(.elementor-drop-cap-view-default) .elementor-drop-cap{margin-top:8px}.elementor-widget-text-editor:not(.elementor-drop-cap-view-default) .elementor-drop-cap-letter{width:1em;height:1em}.elementor-widget-text-editor .elementor-drop-cap{float:left;text-align:center;line-height:1;font-size:50px}.elementor-widget-text-editor .elementor-drop-cap-letter{display:inline-block}<\/style>\t\t\t\t<header class=\"entry-header\">\n<div class=\"entry-cover\">\n<div class=\"entry-info\">\n<div class=\"inner-wrap\">\n<h1 class=\"entry-title\">Kontakt<\/h1>\n<p>&nbsp;<\/p>\n<p><!-- \/wp:paragraph --><\/p>\n<p><!-- wp:paragraph --><\/p>\n<p>Festivali \u00fcldinfo: info@animatsuri.eu<\/p>\n<p><!-- \/wp:paragraph --><\/p>\n<p><!-- wp:separator --><\/p>\n<hr \/>\n<p><!-- \/wp:separator --><\/p>\n<p><!-- wp:paragraph --><\/p>\n<p>&nbsp;<\/p>\n<p><strong>AniMatsuri festivali peakorraldaja<\/strong><br \/>Kaia Jallai<br \/>kaia@animatsuri.eu \/ +372 5687 5916<br \/><em>(\u00dcldinfo ja meedia)<\/em><\/p>\n<p><!-- \/wp:paragraph --><\/p>\n<p><!-- wp:paragraph --><\/p>\n<p><strong>AniMatsuri festivali programm<\/strong><br \/>Janar P\u00e4\u00e4sik<br \/>janar@animatsuri.eu<\/p>\n<p><!-- \/wp:paragraph --><\/p>\n<p><!-- wp:separator --><\/p>\n<p><!-- \/wp:separator --><\/p>\n<p>&nbsp;<\/p>\n<p><!-- wp:paragraph --><\/p>\n<p><strong>Piletim\u00fc\u00fck<\/strong><br \/>Merlin Lumiste\u00a0<br \/>tickets@animatsuri.eu<\/p>\n<p><!-- \/wp:paragraph --><\/p>\n<p><!-- wp:paragraph --><\/p>\n<p><strong>M\u00fc\u00fcgiletid &amp; kunstnike allee<\/strong><br \/>Anett Lillemaa<br \/>anett@animatsuri.eu<\/p>\n<p><!-- \/wp:paragraph --><\/p>\n<p><!-- wp:paragraph --><\/p>\n<p><strong>Meeskond<\/strong><br \/>Siim Neljandik<br \/>staff@animatsuri.eu<\/p>\n<p><!-- \/wp:paragraph --><\/p>\n<p><!-- wp:paragraph --><\/p>\n<p><strong>Cosplay<\/strong><br \/>Helen Vaino<br \/>cosplay@animatsuri.eu<\/p>\n<p><!-- \/wp:paragraph --><\/p>\n<p><!-- wp:paragraph --><\/p>\n<p><strong>Turvameeskond<\/strong><br \/>Siim Neljandik<br \/>security@animatsuri.eu<\/p>\n<p>&nbsp;<\/p>\n<hr \/><\/div>\n<\/div>\n<\/div>\n<\/header>\n<article id=\"post-125\" class=\"post-125 page type-page status-publish has-post-thumbnail hentry\">\n<p>&nbsp;<\/p>\n<p><strong>MT\u00dc Jaapani kultuuriklubi\u00a0Asashio<\/strong><br \/><a href=\"http:\/\/www.asashio.ee\">www.asashio.ee<\/a><br \/>asashio@asashio.ee<\/p>\n<\/article>\t\t\t\t\t\t<\/div>\n\t\t\t\t<\/div>\n\t\t\t\t\t<\/div>\n\t\t<\/div>\n\t\t\t\t\t<\/div>\n\t\t<\/section>\n\t\t\t\t<\/div>\n\t\t","protected":false},"excerpt":{"rendered":"<p>Kontakt &nbsp; Festivali \u00fcldinfo: info@animatsuri.eu &nbsp; AniMatsuri festivali peakorraldajaKaia Jallaikaia@animatsuri.eu \/ +372 5687 5916(\u00dcldinfo ja meedia) AniMatsuri festivali programmJanar P\u00e4\u00e4sikjanar@animatsuri.eu &nbsp; Piletim\u00fc\u00fckMerlin Lumiste\u00a0tickets@animatsuri.eu M\u00fc\u00fcgiletid &amp; kunstnike alleeAnett Lillemaaanett@animatsuri.eu MeeskondSiim Neljandikstaff@animatsuri.eu CosplayHelen Vainocosplay@animatsuri.eu TurvameeskondSiim Neljandiksecurity@animatsuri.eu &nbsp; &nbsp; MT\u00dc Jaapani kultuuriklubi\u00a0Asashiowww.asashio.eeasashio@asashio.ee<\/p>\n","protected":false},"author":1,"featured_media":0,"parent":0,"menu_order":0,"comment_status":"closed","ping_status":"closed","template":"elementor_header_footer","meta":{"footnotes":""},"_links":{"self":[{"href":"https:\/\/animatsuri.eu\/2023\/index.php?rest_route=\/wp\/v2\/pages\/125"}],"collection":[{"href":"https:\/\/animatsuri.eu\/2023\/index.php?rest_route=\/wp\/v2\/pages"}],"about":[{"href":"https:\/\/animatsuri.eu\/2023\/index.php?rest_route=\/wp\/v2\/types\/page"}],"author":[{"embeddable":true,"href":"https:\/\/animatsuri.eu\/2023\/index.php?rest_route=\/wp\/v2\/users\/1"}],"replies":[{"embeddable":true,"href":"https:\/\/animatsuri.eu\/2023\/index.php?rest_route=%2Fwp%2Fv2%2Fcomments&post=125"}],"version-history":[{"count":56,"href":"https:\/\/animatsuri.eu\/2023\/index.php?rest_route=\/wp\/v2\/pages\/125\/revisions"}],"predecessor-version":[{"id":3096,"href":"https:\/\/animatsuri.eu\/2023\/index.php?rest_route=\/wp\/v2\/pages\/125\/revisions\/3096"}],"wp:attachment":[{"href":"https:\/\/animatsuri.eu\/2023\/index.php?rest_route=%2Fwp%2Fv2%2Fmedia&parent=125"}],"curies":[{"name":"wp","href":"https:\/\/api.w.org\/{rel}","templated":true}]}}