{"id":156,"date":"2023-07-13T11:27:50","date_gmt":"2023-07-13T11:27:50","guid":{"rendered":"https:\/\/animatsuri.baka.ee\/2023\/?page_id=156"},"modified":"2023-11-16T02:51:33","modified_gmt":"2023-11-15T23:51:33","slug":"piletid","status":"publish","type":"page","link":"https:\/\/animatsuri.eu\/2023\/?page_id=156","title":{"rendered":"Piletid"},"content":{"rendered":"\t\t<div data-elementor-type=\"wp-page\" data-elementor-id=\"156\" class=\"elementor elementor-156\">\n\t\t\t\t\t\t<section class=\"elementor-section elementor-top-section elementor-element elementor-element-6bea34f elementor-section-full_width elementor-section-stretched elementor-section-height-default elementor-section-height-default\" data-id=\"6bea34f\" data-element_type=\"section\" data-settings=\"{&quot;stretch_section&quot;:&quot;section-stretched&quot;}\">\n\t\t\t\t\t\t<div class=\"elementor-container elementor-column-gap-no\">\n\t\t\t\t\t<div class=\"elementor-column elementor-col-100 elementor-top-column elementor-element elementor-element-babef74\" data-id=\"babef74\" data-element_type=\"column\">\n\t\t\t<div class=\"elementor-widget-wrap elementor-element-populated\">\n\t\t\t\t\t\t<div class=\"elementor-element elementor-element-5f5a81b elementor-widget__width-inherit elementor-widget elementor-widget-image\" data-id=\"5f5a81b\" data-element_type=\"widget\" data-widget_type=\"image.default\">\n\t\t\t\t<div class=\"elementor-widget-container\">\n\t\t\t<style>\/*! elementor - v3.20.0 - 26-03-2024 *\/\n.elementor-widget-image{text-align:center}.elementor-widget-image a{display:inline-block}.elementor-widget-image a img[src$=\".svg\"]{width:48px}.elementor-widget-image img{vertical-align:middle;display:inline-block}<\/style>\t\t\t\t\t\t\t\t\t\t<img fetchpriority=\"high\" decoding=\"async\" width=\"1200\" height=\"316\" src=\"https:\/\/animatsuri.eu\/2023\/wp-content\/uploads\/2023\/07\/piletid.png\" class=\"attachment-full size-full wp-image-434\" alt=\"\" srcset=\"https:\/\/animatsuri.eu\/2023\/wp-content\/uploads\/2023\/07\/piletid.png 1200w, https:\/\/animatsuri.eu\/2023\/wp-content\/uploads\/2023\/07\/piletid-300x79.png 300w, https:\/\/animatsuri.eu\/2023\/wp-content\/uploads\/2023\/07\/piletid-1024x270.png 1024w, https:\/\/animatsuri.eu\/2023\/wp-content\/uploads\/2023\/07\/piletid-768x202.png 768w\" sizes=\"(max-width: 1200px) 100vw, 1200px\" \/>\t\t\t\t\t\t\t\t\t\t\t\t\t<\/div>\n\t\t\t\t<\/div>\n\t\t\t\t\t<\/div>\n\t\t<\/div>\n\t\t\t\t\t<\/div>\n\t\t<\/section>\n\t\t\t\t<section class=\"elementor-section elementor-top-section elementor-element elementor-element-1c8a0eb7 elementor-section-boxed elementor-section-height-default elementor-section-height-default\" data-id=\"1c8a0eb7\" data-element_type=\"section\">\n\t\t\t\t\t\t<div class=\"elementor-container elementor-column-gap-default\">\n\t\t\t\t\t<div class=\"elementor-column elementor-col-100 elementor-top-column elementor-element elementor-element-52ab2dc6\" data-id=\"52ab2dc6\" data-element_type=\"column\">\n\t\t\t<div class=\"elementor-widget-wrap elementor-element-populated\">\n\t\t\t\t\t\t<div class=\"elementor-element elementor-element-7e50d725 elementor-widget__width-auto elementor-widget elementor-widget-text-editor\" data-id=\"7e50d725\" data-element_type=\"widget\" data-widget_type=\"text-editor.default\">\n\t\t\t\t<div class=\"elementor-widget-container\">\n\t\t\t<style>\/*! elementor - v3.20.0 - 26-03-2024 *\/\n.elementor-widget-text-editor.elementor-drop-cap-view-stacked .elementor-drop-cap{background-color:#69727d;color:#fff}.elementor-widget-text-editor.elementor-drop-cap-view-framed .elementor-drop-cap{color:#69727d;border:3px solid;background-color:transparent}.elementor-widget-text-editor:not(.elementor-drop-cap-view-default) .elementor-drop-cap{margin-top:8px}.elementor-widget-text-editor:not(.elementor-drop-cap-view-default) .elementor-drop-cap-letter{width:1em;height:1em}.elementor-widget-text-editor .elementor-drop-cap{float:left;text-align:center;line-height:1;font-size:50px}.elementor-widget-text-editor .elementor-drop-cap-letter{display:inline-block}<\/style>\t\t\t\t<header class=\"entry-header\"><div class=\"entry-cover\"><div class=\"entry-info\"><div class=\"inner-wrap\"><h1 class=\"entry-title\">Piletid<\/h1><p>\u00a0<\/p><p>Pileteid saab osta <a href=\"https:\/\/fienta.com\/et\/animatsuri-71649\">Fientast<\/a>.<\/p><p>Piletite hind s\u00f5ltub ajast, millal see ostetakse:<\/p><ul><li>Eelm\u00fc\u00fcgis sooduspiletid \u00fcheks p\u00e4evaks 12\u20ac ning kaheks p\u00e4evaks 18\u20ac (kuni 01.12.2023)<\/li><li>Kohapeal on v\u00f5imalik piletid soetada hinnaga \u00fcks p\u00e4ev 18\u20ac ning kaks p\u00e4eva 20\u20ac<\/li><\/ul><p>K\u00e4esoleval aastal on v\u00f5imalus endale soetada toetajapilet. Toetajapilet on m\u00f5eldud neile, kes soovivad rohkem festivali toimumisse panustada. Toetajapiletid saavad olema m\u00fc\u00fcgil ainult Fientas novembri keskpaigani ning hinnaga 40\u20ac.<\/p><p>Piletite hulk on piiratud!<\/p><p>Alla 10-aastastel peab olema v\u00e4hemalt 15-aastane saatja.<br \/>S\u00fclelastele (kuni 2 aastat, k.a.) sissep\u00e4\u00e4s tasuta.<\/p><p>\u00a0<\/p><hr \/><\/div><h5>PILETIOSTJA MEELESPEA<\/h5><ul><li>Pilet vahetatakse kohapeal k\u00e4epaela vastu.<ul><li>K\u00e4epaelu on kahte sorti:<ul><li><strong>1-p\u00e4eva piletiga<\/strong>\u00a0saab k\u00fclastada kas laup\u00e4eval (02.12) v\u00f5i p\u00fchap\u00e4eval (03.12);<\/li><li><strong>2-p\u00e4eva piletiga<\/strong>\u00a0on v\u00f5imalik k\u00fclastada \u00fcritust m\u00f5lemal p\u00e4eval (02. ja 03.12).<\/li><\/ul><\/li><li>K\u00e4epael t\u00e4hendab, et on v\u00f5imalik vabalt lahkuda festivali alalt ja sinna uuesti tagasi minna k\u00e4epaelast l\u00e4htuvatel kuup\u00e4evadel.<\/li><\/ul><\/li><\/ul><ul><li>Festivali meeskonnal v\u00f5i turvameeskonnal on \u00f5igus:<ul><li>keelduda teid laskmast festivali alale, kui on reaalne kahtlus, et tegu ei ole \u00f5ige pileti\/k\u00e4epaelaga;<\/li><li>teie k\u00e4epaela olemasolu igal hetkel kontrollida, kui viibite festivali alal;<\/li><li>saatma teid festivalialalt \u00e4ra, kui teil puudub k\u00e4epael v\u00f5i olemasoleva k\u00e4epaela puhul on kahtlus, et tegu ei ole \u00f5ige k\u00e4epaelaga.<\/li><\/ul><\/li><li><strong>Festivali k\u00fclastaja on kohustatud j\u00e4rgima\u00a0<a href=\"https:\/\/animatsuri.eu\/2023\/?page_id=254\">festivali kodukorda<\/a>!<\/strong><\/li><li><strong>K\u00e4epaela kadumisel v\u00f5i h\u00e4vimisel tuleb soetada \u00fcritusele sisse saamiseks uus pilet<\/strong>!<\/li><\/ul><div class=\"inner-wrap\"><p>\u00a0<\/p><\/div><\/div><\/div><\/header>\t\t\t\t\t\t<\/div>\n\t\t\t\t<\/div>\n\t\t\t\t\t<\/div>\n\t\t<\/div>\n\t\t\t\t\t<\/div>\n\t\t<\/section>\n\t\t\t\t<\/div>\n\t\t","protected":false},"excerpt":{"rendered":"<p>Piletid \u00a0 Pileteid saab osta Fientast. Piletite hind s\u00f5ltub ajast, millal see ostetakse: Eelm\u00fc\u00fcgis sooduspiletid \u00fcheks p\u00e4evaks 12\u20ac ning kaheks p\u00e4evaks 18\u20ac (kuni 01.12.2023) Kohapeal on v\u00f5imalik piletid soetada hinnaga \u00fcks p\u00e4ev 18\u20ac ning kaks p\u00e4eva 20\u20ac K\u00e4esoleval aastal on v\u00f5imalus endale soetada toetajapilet. Toetajapilet on m\u00f5eldud neile, kes soovivad rohkem festivali toimumisse panustada. Toetajapiletid [&hellip;]<\/p>\n","protected":false},"author":1,"featured_media":434,"parent":0,"menu_order":0,"comment_status":"closed","ping_status":"closed","template":"elementor_header_footer","meta":{"footnotes":""},"_links":{"self":[{"href":"https:\/\/animatsuri.eu\/2023\/index.php?rest_route=\/wp\/v2\/pages\/156"}],"collection":[{"href":"https:\/\/animatsuri.eu\/2023\/index.php?rest_route=\/wp\/v2\/pages"}],"about":[{"href":"https:\/\/animatsuri.eu\/2023\/index.php?rest_route=\/wp\/v2\/types\/page"}],"author":[{"embeddable":true,"href":"https:\/\/animatsuri.eu\/2023\/index.php?rest_route=\/wp\/v2\/users\/1"}],"replies":[{"embeddable":true,"href":"https:\/\/animatsuri.eu\/2023\/index.php?rest_route=%2Fwp%2Fv2%2Fcomments&post=156"}],"version-history":[{"count":75,"href":"https:\/\/animatsuri.eu\/2023\/index.php?rest_route=\/wp\/v2\/pages\/156\/revisions"}],"predecessor-version":[{"id":2473,"href":"https:\/\/animatsuri.eu\/2023\/index.php?rest_route=\/wp\/v2\/pages\/156\/revisions\/2473"}],"wp:featuredmedia":[{"embeddable":true,"href":"https:\/\/animatsuri.eu\/2023\/index.php?rest_route=\/wp\/v2\/media\/434"}],"wp:attachment":[{"href":"https:\/\/animatsuri.eu\/2023\/index.php?rest_route=%2Fwp%2Fv2%2Fmedia&parent=156"}],"curies":[{"name":"wp","href":"https:\/\/api.w.org\/{rel}","templated":true}]}}