{"id":1577,"date":"2023-10-30T21:59:17","date_gmt":"2023-10-30T18:59:17","guid":{"rendered":"https:\/\/animatsuri.baka.ee\/2023\/?page_id=1577"},"modified":"2023-11-14T19:47:32","modified_gmt":"2023-11-14T16:47:32","slug":"news","status":"publish","type":"page","link":"https:\/\/animatsuri.eu\/2023\/?page_id=1577&lang=en","title":{"rendered":"News"},"content":{"rendered":"\t\t<div data-elementor-type=\"wp-page\" data-elementor-id=\"1577\" class=\"elementor elementor-1577\">\n\t\t\t\t\t\t<section class=\"elementor-section elementor-top-section elementor-element elementor-element-68e5fd6 elementor-section-boxed elementor-section-height-default elementor-section-height-default\" data-id=\"68e5fd6\" data-element_type=\"section\" data-settings=\"{&quot;background_background&quot;:&quot;classic&quot;}\">\n\t\t\t\t\t\t<div class=\"elementor-container elementor-column-gap-default\">\n\t\t\t\t\t<div class=\"elementor-column elementor-col-100 elementor-top-column elementor-element elementor-element-dcc5995\" data-id=\"dcc5995\" data-element_type=\"column\">\n\t\t\t<div class=\"elementor-widget-wrap elementor-element-populated\">\n\t\t\t\t\t\t<div class=\"elementor-element elementor-element-8497c10 elementor-widget elementor-widget-spacer\" data-id=\"8497c10\" data-element_type=\"widget\" data-widget_type=\"spacer.default\">\n\t\t\t\t<div class=\"elementor-widget-container\">\n\t\t\t<style>\/*! elementor - v3.20.0 - 26-03-2024 *\/\n.elementor-column .elementor-spacer-inner{height:var(--spacer-size)}.e-con{--container-widget-width:100%}.e-con-inner>.elementor-widget-spacer,.e-con>.elementor-widget-spacer{width:var(--container-widget-width,var(--spacer-size));--align-self:var(--container-widget-align-self,initial);--flex-shrink:0}.e-con-inner>.elementor-widget-spacer>.elementor-widget-container,.e-con>.elementor-widget-spacer>.elementor-widget-container{height:100%;width:100%}.e-con-inner>.elementor-widget-spacer>.elementor-widget-container>.elementor-spacer,.e-con>.elementor-widget-spacer>.elementor-widget-container>.elementor-spacer{height:100%}.e-con-inner>.elementor-widget-spacer>.elementor-widget-container>.elementor-spacer>.elementor-spacer-inner,.e-con>.elementor-widget-spacer>.elementor-widget-container>.elementor-spacer>.elementor-spacer-inner{height:var(--container-widget-height,var(--spacer-size))}.e-con-inner>.elementor-widget-spacer.elementor-widget-empty,.e-con>.elementor-widget-spacer.elementor-widget-empty{position:relative;min-height:22px;min-width:22px}.e-con-inner>.elementor-widget-spacer.elementor-widget-empty .elementor-widget-empty-icon,.e-con>.elementor-widget-spacer.elementor-widget-empty .elementor-widget-empty-icon{position:absolute;top:0;bottom:0;left:0;right:0;margin:auto;padding:0;width:22px;height:22px}<\/style>\t\t<div class=\"elementor-spacer\">\n\t\t\t<div class=\"elementor-spacer-inner\"><\/div>\n\t\t<\/div>\n\t\t\t\t<\/div>\n\t\t\t\t<\/div>\n\t\t\t\t\t<\/div>\n\t\t<\/div>\n\t\t\t\t\t<\/div>\n\t\t<\/section>\n\t\t\t\t<section class=\"elementor-section elementor-top-section elementor-element elementor-element-de0e8b0 elementor-section-boxed elementor-section-height-default elementor-section-height-default\" data-id=\"de0e8b0\" data-element_type=\"section\" data-settings=\"{&quot;background_background&quot;:&quot;classic&quot;}\">\n\t\t\t\t\t\t<div class=\"elementor-container elementor-column-gap-default\">\n\t\t\t\t\t<div class=\"elementor-column elementor-col-100 elementor-top-column elementor-element elementor-element-b29bd7d\" data-id=\"b29bd7d\" data-element_type=\"column\">\n\t\t\t<div class=\"elementor-widget-wrap elementor-element-populated\">\n\t\t\t\t\t\t<div class=\"elementor-element elementor-element-07adc72 elementor-widget elementor-widget-heading\" data-id=\"07adc72\" data-element_type=\"widget\" data-widget_type=\"heading.default\">\n\t\t\t\t<div class=\"elementor-widget-container\">\n\t\t\t<style>\/*! elementor - v3.20.0 - 26-03-2024 *\/\n.elementor-heading-title{padding:0;margin:0;line-height:1}.elementor-widget-heading .elementor-heading-title[class*=elementor-size-]>a{color:inherit;font-size:inherit;line-height:inherit}.elementor-widget-heading .elementor-heading-title.elementor-size-small{font-size:15px}.elementor-widget-heading .elementor-heading-title.elementor-size-medium{font-size:19px}.elementor-widget-heading .elementor-heading-title.elementor-size-large{font-size:29px}.elementor-widget-heading .elementor-heading-title.elementor-size-xl{font-size:39px}.elementor-widget-heading .elementor-heading-title.elementor-size-xxl{font-size:59px}<\/style><h1 class=\"elementor-heading-title elementor-size-default\">News<\/h1>\t\t<\/div>\n\t\t\t\t<\/div>\n\t\t\t\t\t<\/div>\n\t\t<\/div>\n\t\t\t\t\t<\/div>\n\t\t<\/section>\n\t\t\t\t<section class=\"elementor-section elementor-top-section elementor-element elementor-element-0dd7dea elementor-section-full_width elementor-section-height-default elementor-section-height-default\" data-id=\"0dd7dea\" data-element_type=\"section\" data-settings=\"{&quot;background_background&quot;:&quot;classic&quot;}\">\n\t\t\t\t\t\t<div class=\"elementor-container elementor-column-gap-default\">\n\t\t\t\t\t<div class=\"elementor-column elementor-col-33 elementor-top-column elementor-element elementor-element-a0fc5e8\" data-id=\"a0fc5e8\" data-element_type=\"column\">\n\t\t\t<div class=\"elementor-widget-wrap\">\n\t\t\t\t\t\t\t<\/div>\n\t\t<\/div>\n\t\t\t\t<div class=\"elementor-column elementor-col-33 elementor-top-column elementor-element elementor-element-d24eca3\" data-id=\"d24eca3\" data-element_type=\"column\">\n\t\t\t<div class=\"elementor-widget-wrap elementor-element-populated\">\n\t\t\t\t\t\t<div class=\"elementor-element elementor-element-187d7b3 elementor-widget__width-initial elementor-widget elementor-widget-wp-widget-recent-posts-widget-with-thumbnails\" data-id=\"187d7b3\" data-element_type=\"widget\" data-widget_type=\"wp-widget-recent-posts-widget-with-thumbnails.default\">\n\t\t\t\t<div class=\"elementor-widget-container\">\n\t\t\t\n<div id=\"rpwwt-wp-widget-recent-posts-widget-with-thumbnails\" class=\"rpwwt-widget\">\n\t<nav role=\"navigation\" aria-label=\"Recent Posts With Thumbnails\">\n\t<div class=\"news-post-area\">\n\t\t<div class=\"news-post\"><a href=\"https:\/\/animatsuri.eu\/2023\/?p=3910\"><img loading=\"lazy\" decoding=\"async\" width=\"580\" height=\"161\" src=\"https:\/\/animatsuri.eu\/2023\/wp-content\/uploads\/2023\/11\/cosplayvoistlus-1024x284.png\" class=\"attachment-large size-large wp-post-image\" alt=\"\" srcset=\"https:\/\/animatsuri.eu\/2023\/wp-content\/uploads\/2023\/11\/cosplayvoistlus-1024x284.png 1024w, https:\/\/animatsuri.eu\/2023\/wp-content\/uploads\/2023\/11\/cosplayvoistlus-300x83.png 300w, https:\/\/animatsuri.eu\/2023\/wp-content\/uploads\/2023\/11\/cosplayvoistlus-768x213.png 768w, https:\/\/animatsuri.eu\/2023\/wp-content\/uploads\/2023\/11\/cosplayvoistlus-1536x426.png 1536w, https:\/\/animatsuri.eu\/2023\/wp-content\/uploads\/2023\/11\/cosplayvoistlus-1200x333.png 1200w, https:\/\/animatsuri.eu\/2023\/wp-content\/uploads\/2023\/11\/cosplayvoistlus.png 1920w\" sizes=\"(max-width: 580px) 100vw, 580px\" \/><span class=\"rpwwt-post-title\">AniMatsuri 2023 v\u00f5itjad!<\/span><\/a><div class=\"rpwwt-post-excerpt\"><p>\n\t\t\tAniMatsuri 2023 v\u00f5itjad! K\u00fclmade talvetuulte kiuste on j\u00e4rjekordne s\u00fcdantsoojendav AniMatsuri l\u00e4bi &#8211; kuulasime ettekandeid, panime k\u00e4ed k\u00fclge t\u00f6\u00f6tubades, n\u00e4gime oma ala eksperte demodes, kulutasime raha kunstnike alleel ja poodides, puhkasime jalga puhkeruumis, suhtlesime ja nautisime festivalimelu, aga k\u00f5igele lisaks autasustasime selle aasta mitme v\u00f5istluse parimaid! Siin nad <a href=\"https:\/\/animatsuri.eu\/2023\/?p=3910\" class=\"rpwwt-post-excerpt-more\"> [\u2026]<\/a>\t\t\t<\/p><\/div><\/div>\n\t\t<div class=\"news-post\"><a href=\"https:\/\/animatsuri.eu\/2023\/?p=3924&#038;lang=en\"><img loading=\"lazy\" decoding=\"async\" width=\"580\" height=\"161\" src=\"https:\/\/animatsuri.eu\/2023\/wp-content\/uploads\/2023\/11\/cosplayvoistlus-1024x284.png\" class=\"attachment-large size-large wp-post-image\" alt=\"\" srcset=\"https:\/\/animatsuri.eu\/2023\/wp-content\/uploads\/2023\/11\/cosplayvoistlus-1024x284.png 1024w, https:\/\/animatsuri.eu\/2023\/wp-content\/uploads\/2023\/11\/cosplayvoistlus-300x83.png 300w, https:\/\/animatsuri.eu\/2023\/wp-content\/uploads\/2023\/11\/cosplayvoistlus-768x213.png 768w, https:\/\/animatsuri.eu\/2023\/wp-content\/uploads\/2023\/11\/cosplayvoistlus-1536x426.png 1536w, https:\/\/animatsuri.eu\/2023\/wp-content\/uploads\/2023\/11\/cosplayvoistlus-1200x333.png 1200w, https:\/\/animatsuri.eu\/2023\/wp-content\/uploads\/2023\/11\/cosplayvoistlus.png 1920w\" sizes=\"(max-width: 580px) 100vw, 580px\" \/><span class=\"rpwwt-post-title\">AniMatsuri 2023 winners!<\/span><\/a><div class=\"rpwwt-post-excerpt\"><p>\n\t\t\tAniMatsuri 2023 winners! In spite of the cold winter winds, yet another heartwarming AniMatsuri is over &#8211; we listened to presentations, tried our hand in workshops, watched experts in their fields in demos, spent money at Artist Alley and vendors, rested at the lounge, interacted and enjoyed the festival vibes, but in addition to all that we rewarded the best in this year\u2019s competitions! <a href=\"https:\/\/animatsuri.eu\/2023\/?p=3924&lang=en\" class=\"rpwwt-post-excerpt-more\"> [\u2026]<\/a>\t\t\t<\/p><\/div><\/div>\n\t\t<div class=\"news-post\"><a href=\"https:\/\/animatsuri.eu\/2023\/?p=3972&#038;lang=en\"><img loading=\"lazy\" decoding=\"async\" width=\"580\" height=\"486\" src=\"https:\/\/animatsuri.eu\/2023\/wp-content\/uploads\/2023\/12\/feeback-1024x858.jpg\" class=\"attachment-large size-large wp-post-image\" alt=\"\" srcset=\"https:\/\/animatsuri.eu\/2023\/wp-content\/uploads\/2023\/12\/feeback-1024x858.jpg 1024w, https:\/\/animatsuri.eu\/2023\/wp-content\/uploads\/2023\/12\/feeback-300x252.jpg 300w, https:\/\/animatsuri.eu\/2023\/wp-content\/uploads\/2023\/12\/feeback-768x644.jpg 768w, https:\/\/animatsuri.eu\/2023\/wp-content\/uploads\/2023\/12\/feeback.jpg 1200w\" sizes=\"(max-width: 580px) 100vw, 580px\" \/><span class=\"rpwwt-post-title\">Feedback<\/span><\/a><div class=\"rpwwt-post-excerpt\"><p>\n\t\t\tThank you so much for yet another fantastic AniMatsuri! Now before the festival high disappears, we\u2019d like to ask you to fill in a feedback form and tell us what you particularly enjoyed, what could be done better, and what you\u2019d like to see in the future. Any feedback counts and you are not limited by space, time, or dim room lighting, so please write as little or as much as you\u2019d like! You can <a href=\"https:\/\/animatsuri.eu\/2023\/?p=3972&lang=en\" class=\"rpwwt-post-excerpt-more\"> [\u2026]<\/a>\t\t\t<\/p><\/div><\/div>\n\t\t<div class=\"news-post\"><a href=\"https:\/\/animatsuri.eu\/2023\/?p=3965\"><img loading=\"lazy\" decoding=\"async\" width=\"580\" height=\"486\" src=\"https:\/\/animatsuri.eu\/2023\/wp-content\/uploads\/2023\/12\/feeback-1024x858.jpg\" class=\"attachment-large size-large wp-post-image\" alt=\"\" srcset=\"https:\/\/animatsuri.eu\/2023\/wp-content\/uploads\/2023\/12\/feeback-1024x858.jpg 1024w, https:\/\/animatsuri.eu\/2023\/wp-content\/uploads\/2023\/12\/feeback-300x252.jpg 300w, https:\/\/animatsuri.eu\/2023\/wp-content\/uploads\/2023\/12\/feeback-768x644.jpg 768w, https:\/\/animatsuri.eu\/2023\/wp-content\/uploads\/2023\/12\/feeback.jpg 1200w\" sizes=\"(max-width: 580px) 100vw, 580px\" \/><span class=\"rpwwt-post-title\">Tagasiside<\/span><\/a><div class=\"rpwwt-post-excerpt\"><p>\n\t\t\tSuur-suur ait\u00e4h j\u00e4rjekordse fantastilise AniMatsuri eest! Enne kui see festivalielevus vaibub, palume sul t\u00e4ita tagasisidevorm ja panna kirja, mis sulle kohe eriti meeldis, mida v\u00f5iks paremini teha ja mida sooviksid tulevikus n\u00e4ha-kogeda. Igasugune tagasiside loeb ja n\u00fc\u00fcd ei takista sind ei kirjutamisruum, aeg ega h\u00e4mar valgustus, seega kirjuta nii v\u00e4he v\u00f5i palju kui soovid! Tagasisidevormi leiad <a href=\"https:\/\/animatsuri.eu\/2023\/?p=3965\" class=\"rpwwt-post-excerpt-more\"> [\u2026]<\/a>\t\t\t<\/p><\/div><\/div>\n\t\t<div class=\"news-post\"><a href=\"https:\/\/animatsuri.eu\/2023\/?p=3789&#038;lang=en\"><img loading=\"lazy\" decoding=\"async\" width=\"580\" height=\"580\" src=\"https:\/\/animatsuri.eu\/2023\/wp-content\/uploads\/2023\/11\/IMG_8790-1024x1024.jpg\" class=\"attachment-large size-large wp-post-image\" alt=\"\" srcset=\"https:\/\/animatsuri.eu\/2023\/wp-content\/uploads\/2023\/11\/IMG_8790-1024x1024.jpg 1024w, https:\/\/animatsuri.eu\/2023\/wp-content\/uploads\/2023\/11\/IMG_8790-300x300.jpg 300w, https:\/\/animatsuri.eu\/2023\/wp-content\/uploads\/2023\/11\/IMG_8790-150x150.jpg 150w, https:\/\/animatsuri.eu\/2023\/wp-content\/uploads\/2023\/11\/IMG_8790-768x768.jpg 768w, https:\/\/animatsuri.eu\/2023\/wp-content\/uploads\/2023\/11\/IMG_8790.jpg 1200w\" sizes=\"(max-width: 580px) 100vw, 580px\" \/><span class=\"rpwwt-post-title\">Feeling ill?<\/span><\/a><div class=\"rpwwt-post-excerpt\"><p>\n\t\t\tAs we gear up for AniMatsuri, we wanted to take a moment to remind everyone about the importance of prioritizing health and well-being.If you&#8217;re feeling under the weather or dealing with any symptoms of illness, we kindly ask that you take a rain check on the festival this time. Especially if you are sick, for example with COVID-19, flu or another infectious disease, please stay at home. We <a href=\"https:\/\/animatsuri.eu\/2023\/?p=3789&lang=en\" class=\"rpwwt-post-excerpt-more\"> [\u2026]<\/a>\t\t\t<\/p><\/div><\/div>\n\t\t<div class=\"news-post\"><a href=\"https:\/\/animatsuri.eu\/2023\/?p=3781\"><img loading=\"lazy\" decoding=\"async\" width=\"580\" height=\"580\" src=\"https:\/\/animatsuri.eu\/2023\/wp-content\/uploads\/2023\/11\/IMG_8790-1024x1024.jpg\" class=\"attachment-large size-large wp-post-image\" alt=\"\" srcset=\"https:\/\/animatsuri.eu\/2023\/wp-content\/uploads\/2023\/11\/IMG_8790-1024x1024.jpg 1024w, https:\/\/animatsuri.eu\/2023\/wp-content\/uploads\/2023\/11\/IMG_8790-300x300.jpg 300w, https:\/\/animatsuri.eu\/2023\/wp-content\/uploads\/2023\/11\/IMG_8790-150x150.jpg 150w, https:\/\/animatsuri.eu\/2023\/wp-content\/uploads\/2023\/11\/IMG_8790-768x768.jpg 768w, https:\/\/animatsuri.eu\/2023\/wp-content\/uploads\/2023\/11\/IMG_8790.jpg 1200w\" sizes=\"(max-width: 580px) 100vw, 580px\" \/><span class=\"rpwwt-post-title\">Tunned end kehvalt?<\/span><\/a><div class=\"rpwwt-post-excerpt\"><p>\n\t\t\tAniMatsuri jaoks valmistudes tahtsime v\u00f5tta hetke, et k\u00f5igile meelde tuletada tervise ja terve olemise t\u00e4htsusest.Kui tunned end kehvalt v\u00f5i vaevavad haiguss\u00fcmptomid, palume seekord festival vahele j\u00e4tta. Eriti kui oled haigeks j\u00e4\u00e4nud, n\u00e4iteks COVID-19, grippi v\u00f5i m\u00f5ni muu nakkushaigusse, siis palun j\u00e4\u00e4 koju. Soovime hoida festivali v\u00f5imalikult turvalise kohana k\u00f5ikidele osalejatele. Kasutamata <a href=\"https:\/\/animatsuri.eu\/2023\/?p=3781\" class=\"rpwwt-post-excerpt-more\"> [\u2026]<\/a>\t\t\t<\/p><\/div><\/div>\n\t\t<div class=\"news-post\"><a href=\"https:\/\/animatsuri.eu\/2023\/?p=3653&#038;lang=en\"><img loading=\"lazy\" decoding=\"async\" width=\"580\" height=\"580\" src=\"https:\/\/animatsuri.eu\/2023\/wp-content\/uploads\/2023\/11\/IMG_8797-1024x1024.jpg\" class=\"attachment-large size-large wp-post-image\" alt=\"\" srcset=\"https:\/\/animatsuri.eu\/2023\/wp-content\/uploads\/2023\/11\/IMG_8797-1024x1024.jpg 1024w, https:\/\/animatsuri.eu\/2023\/wp-content\/uploads\/2023\/11\/IMG_8797-300x300.jpg 300w, https:\/\/animatsuri.eu\/2023\/wp-content\/uploads\/2023\/11\/IMG_8797-150x150.jpg 150w, https:\/\/animatsuri.eu\/2023\/wp-content\/uploads\/2023\/11\/IMG_8797-768x768.jpg 768w, https:\/\/animatsuri.eu\/2023\/wp-content\/uploads\/2023\/11\/IMG_8797.jpg 1200w\" sizes=\"(max-width: 580px) 100vw, 580px\" \/><span class=\"rpwwt-post-title\">Cosplay is not consent<\/span><\/a><div class=\"rpwwt-post-excerpt\"><p>\n\t\t\tHey, festival visitors! Before the AniMatsuri festival we want to remind you that Cosplay Is Not Consent! Let&#8217;s be clear \u2013 wearing a costume is not an invitation for unwanted attention. Boundaries matter, and respecting them is what makes our community incredible. Remember, every costume is a masterpiece and every cosplayer deserves respect. Do not touch people\u2019s costumes, wigs, etc without <a href=\"https:\/\/animatsuri.eu\/2023\/?p=3653&lang=en\" class=\"rpwwt-post-excerpt-more\"> [\u2026]<\/a>\t\t\t<\/p><\/div><\/div>\n\t\t<div class=\"news-post\"><a href=\"https:\/\/animatsuri.eu\/2023\/?p=3645\"><img loading=\"lazy\" decoding=\"async\" width=\"580\" height=\"580\" src=\"https:\/\/animatsuri.eu\/2023\/wp-content\/uploads\/2023\/11\/IMG_8797-1024x1024.jpg\" class=\"attachment-large size-large wp-post-image\" alt=\"\" srcset=\"https:\/\/animatsuri.eu\/2023\/wp-content\/uploads\/2023\/11\/IMG_8797-1024x1024.jpg 1024w, https:\/\/animatsuri.eu\/2023\/wp-content\/uploads\/2023\/11\/IMG_8797-300x300.jpg 300w, https:\/\/animatsuri.eu\/2023\/wp-content\/uploads\/2023\/11\/IMG_8797-150x150.jpg 150w, https:\/\/animatsuri.eu\/2023\/wp-content\/uploads\/2023\/11\/IMG_8797-768x768.jpg 768w, https:\/\/animatsuri.eu\/2023\/wp-content\/uploads\/2023\/11\/IMG_8797.jpg 1200w\" sizes=\"(max-width: 580px) 100vw, 580px\" \/><span class=\"rpwwt-post-title\">Cosplay ei ole n\u00f5usolek<\/span><\/a><div class=\"rpwwt-post-excerpt\"><p>\n\t\t\tHei, festivali k\u00fclastajad! Enne AniMatsuri festivali tahame teile meelde tuletada, et cosplay ei ole n\u00f5usolek!Olgem selged \u2013 kost\u00fc\u00fcmi kandmine ei ole kutse soovimatule t\u00e4helepanule. Piirid on olulised ja nende austamine muudab meie kogukonna fantastiliseks. Pidage meeles, et iga kost\u00fc\u00fcm on meistriteos ja iga cosplayer v\u00e4\u00e4rib austust. \u00c4rge puudutage inimeste kost\u00fc\u00fcme, parukaid jms ilma nende <a href=\"https:\/\/animatsuri.eu\/2023\/?p=3645\" class=\"rpwwt-post-excerpt-more\"> [\u2026]<\/a>\t\t\t<\/p><\/div><\/div>\n\t\t<div class=\"news-post\"><a href=\"https:\/\/animatsuri.eu\/2023\/?p=3628&#038;lang=en\"><img loading=\"lazy\" decoding=\"async\" width=\"580\" height=\"349\" src=\"https:\/\/animatsuri.eu\/2023\/wp-content\/uploads\/2023\/11\/CosplayShop-Logo-1024x616.jpg\" class=\"attachment-large size-large wp-post-image\" alt=\"\" srcset=\"https:\/\/animatsuri.eu\/2023\/wp-content\/uploads\/2023\/11\/CosplayShop-Logo-1024x616.jpg 1024w, https:\/\/animatsuri.eu\/2023\/wp-content\/uploads\/2023\/11\/CosplayShop-Logo-300x180.jpg 300w, https:\/\/animatsuri.eu\/2023\/wp-content\/uploads\/2023\/11\/CosplayShop-Logo-768x462.jpg 768w, https:\/\/animatsuri.eu\/2023\/wp-content\/uploads\/2023\/11\/CosplayShop-Logo-1200x722.jpg 1200w, https:\/\/animatsuri.eu\/2023\/wp-content\/uploads\/2023\/11\/CosplayShop-Logo.jpg 1274w\" sizes=\"(max-width: 580px) 100vw, 580px\" \/><span class=\"rpwwt-post-title\">Cosplayshop.be<\/span><\/a><div class=\"rpwwt-post-excerpt\"><p>\n\t\t\tOnce again we are happy to announce that the cosplay competition awards are sponsored by Cosplayshop.be!Cosplayshop is known as the home of foam. It was founded in 1990 as a workshop for artistic and traditional upholstery but it has expanded to selling crafting materials for film, theatre, cosplay, LARP and other creative industries. Cosplayshop has a physical and online store. They have a <a href=\"https:\/\/animatsuri.eu\/2023\/?p=3628&lang=en\" class=\"rpwwt-post-excerpt-more\"> [\u2026]<\/a>\t\t\t<\/p><\/div><\/div>\n\t\t<div class=\"news-post\"><a href=\"https:\/\/animatsuri.eu\/2023\/?p=3621\"><img loading=\"lazy\" decoding=\"async\" width=\"580\" height=\"349\" src=\"https:\/\/animatsuri.eu\/2023\/wp-content\/uploads\/2023\/11\/CosplayShop-Logo-1024x616.jpg\" class=\"attachment-large size-large wp-post-image\" alt=\"\" srcset=\"https:\/\/animatsuri.eu\/2023\/wp-content\/uploads\/2023\/11\/CosplayShop-Logo-1024x616.jpg 1024w, https:\/\/animatsuri.eu\/2023\/wp-content\/uploads\/2023\/11\/CosplayShop-Logo-300x180.jpg 300w, https:\/\/animatsuri.eu\/2023\/wp-content\/uploads\/2023\/11\/CosplayShop-Logo-768x462.jpg 768w, https:\/\/animatsuri.eu\/2023\/wp-content\/uploads\/2023\/11\/CosplayShop-Logo-1200x722.jpg 1200w, https:\/\/animatsuri.eu\/2023\/wp-content\/uploads\/2023\/11\/CosplayShop-Logo.jpg 1274w\" sizes=\"(max-width: 580px) 100vw, 580px\" \/><span class=\"rpwwt-post-title\">Cosplayshop.be<\/span><\/a><div class=\"rpwwt-post-excerpt\"><p>\n\t\t\tTaas on hea meel teatada, et cosplay v\u00f5istluse auhindu sponsoreerib Cosplayshop.be! Cosplayshop on tuntud vahtplasti koduna. See asutati 1990. aastal kunstilise ja traditsioonilise polstri t\u00f6\u00f6kojana, aga n\u00fc\u00fcdseks on Cosplayshop laienenud ka filmi-, teatri-, cosplay-, LARP-i ja teiste loomemajanduse jaoks m\u00f5eldud meisterdamismaterjalide m\u00fc\u00fcgile. Cosplayshopil on f\u00fc\u00fcsiline ja veebipood. Nende <a href=\"https:\/\/animatsuri.eu\/2023\/?p=3621\" class=\"rpwwt-post-excerpt-more\"> [\u2026]<\/a>\t\t\t<\/p><\/div><\/div>\n\t\t<div class=\"news-post\"><a href=\"https:\/\/animatsuri.eu\/2023\/?p=3568&#038;lang=en\"><img loading=\"lazy\" decoding=\"async\" width=\"580\" height=\"253\" src=\"https:\/\/animatsuri.eu\/2023\/wp-content\/uploads\/2023\/11\/afterparty-1024x447.png\" class=\"attachment-large size-large wp-post-image\" alt=\"\" srcset=\"https:\/\/animatsuri.eu\/2023\/wp-content\/uploads\/2023\/11\/afterparty-1024x447.png 1024w, https:\/\/animatsuri.eu\/2023\/wp-content\/uploads\/2023\/11\/afterparty-300x131.png 300w, https:\/\/animatsuri.eu\/2023\/wp-content\/uploads\/2023\/11\/afterparty-768x335.png 768w, https:\/\/animatsuri.eu\/2023\/wp-content\/uploads\/2023\/11\/afterparty.png 1032w\" sizes=\"(max-width: 580px) 100vw, 580px\" \/><span class=\"rpwwt-post-title\">Afterparty<\/span><\/a><div class=\"rpwwt-post-excerpt\"><p>\n\t\t\tThe AniMatsuri afterparty is back after four years! Come and enjoy the wonderful festival atmosphere on Saturday evening at Klubi Gutenberg (former Erinevate Tubade Klubi in Aparaaditehas)! Doors open at 20:00 and the program starts at 21:00. Lots of fun games and group activities await, and of course a trash meme playlist rave. Tickets can only be purchased at the door only in cash. The ticket <a href=\"https:\/\/animatsuri.eu\/2023\/?p=3568&lang=en\" class=\"rpwwt-post-excerpt-more\"> [\u2026]<\/a>\t\t\t<\/p><\/div><\/div>\n\t\t<div class=\"news-post\"><a href=\"https:\/\/animatsuri.eu\/2023\/?p=3562\"><img loading=\"lazy\" decoding=\"async\" width=\"580\" height=\"253\" src=\"https:\/\/animatsuri.eu\/2023\/wp-content\/uploads\/2023\/11\/afterparty-1024x447.png\" class=\"attachment-large size-large wp-post-image\" alt=\"\" srcset=\"https:\/\/animatsuri.eu\/2023\/wp-content\/uploads\/2023\/11\/afterparty-1024x447.png 1024w, https:\/\/animatsuri.eu\/2023\/wp-content\/uploads\/2023\/11\/afterparty-300x131.png 300w, https:\/\/animatsuri.eu\/2023\/wp-content\/uploads\/2023\/11\/afterparty-768x335.png 768w, https:\/\/animatsuri.eu\/2023\/wp-content\/uploads\/2023\/11\/afterparty.png 1032w\" sizes=\"(max-width: 580px) 100vw, 580px\" \/><span class=\"rpwwt-post-title\">Afterparty<\/span><\/a><div class=\"rpwwt-post-excerpt\"><p>\n\t\t\tAniMatsuri afterparty on p\u00e4rast nelja aastat tagasi! Tule ja naudi veel imelist festivali atmosf\u00e4\u00e4ri laup\u00e4eva \u00f5htul Klubi Gutenbergis (endine Erinevate Tubade Klubi Aparaaditehases)! Uksed avatakse 20.00 ja programm algab 21.00. Ees ootab palju l\u00f5busaid m\u00e4nge ja \u00fchistegevusi ning muidugi ka trash meme playlisti rave.\u00a0 Pileteid saab osta ainult kohapeal sularahas. Festivali k\u00e4epaelaga maksab pilet <a href=\"https:\/\/animatsuri.eu\/2023\/?p=3562\" class=\"rpwwt-post-excerpt-more\"> [\u2026]<\/a>\t\t\t<\/p><\/div><\/div>\n\t<\/div>\n\t<\/nav>\n<\/div><!-- .rpwwt-widget -->\n\t\t<\/div>\n\t\t\t\t<\/div>\n\t\t\t\t\t<\/div>\n\t\t<\/div>\n\t\t\t\t<div class=\"elementor-column elementor-col-33 elementor-top-column elementor-element elementor-element-380c606\" data-id=\"380c606\" data-element_type=\"column\">\n\t\t\t<div class=\"elementor-widget-wrap\">\n\t\t\t\t\t\t\t<\/div>\n\t\t<\/div>\n\t\t\t\t\t<\/div>\n\t\t<\/section>\n\t\t\t\t<\/div>\n\t\t","protected":false},"excerpt":{"rendered":"<p>News<\/p>\n","protected":false},"author":1,"featured_media":0,"parent":0,"menu_order":0,"comment_status":"closed","ping_status":"closed","template":"elementor_header_footer","meta":{"footnotes":""},"_links":{"self":[{"href":"https:\/\/animatsuri.eu\/2023\/index.php?rest_route=\/wp\/v2\/pages\/1577"}],"collection":[{"href":"https:\/\/animatsuri.eu\/2023\/index.php?rest_route=\/wp\/v2\/pages"}],"about":[{"href":"https:\/\/animatsuri.eu\/2023\/index.php?rest_route=\/wp\/v2\/types\/page"}],"author":[{"embeddable":true,"href":"https:\/\/animatsuri.eu\/2023\/index.php?rest_route=\/wp\/v2\/users\/1"}],"replies":[{"embeddable":true,"href":"https:\/\/animatsuri.eu\/2023\/index.php?rest_route=%2Fwp%2Fv2%2Fcomments&post=1577"}],"version-history":[{"count":10,"href":"https:\/\/animatsuri.eu\/2023\/index.php?rest_route=\/wp\/v2\/pages\/1577\/revisions"}],"predecessor-version":[{"id":2111,"href":"https:\/\/animatsuri.eu\/2023\/index.php?rest_route=\/wp\/v2\/pages\/1577\/revisions\/2111"}],"wp:attachment":[{"href":"https:\/\/animatsuri.eu\/2023\/index.php?rest_route=%2Fwp%2Fv2%2Fmedia&parent=1577"}],"curies":[{"name":"wp","href":"https:\/\/api.w.org\/{rel}","templated":true}]}}