{"id":1681,"date":"2023-11-12T19:52:49","date_gmt":"2023-11-12T16:52:49","guid":{"rendered":"https:\/\/animatsuri.baka.ee\/2023\/?page_id=1681"},"modified":"2023-11-20T13:25:29","modified_gmt":"2023-11-20T10:25:29","slug":"lauamangud","status":"publish","type":"page","link":"https:\/\/animatsuri.eu\/2023\/?page_id=1681","title":{"rendered":"Lauam\u00e4ngud"},"content":{"rendered":"\t\t<div data-elementor-type=\"wp-page\" data-elementor-id=\"1681\" class=\"elementor elementor-1681\">\n\t\t\t\t\t\t<section class=\"elementor-section elementor-top-section elementor-element elementor-element-4eef3e9e elementor-section-full_width elementor-section-stretched elementor-section-height-default elementor-section-height-default\" data-id=\"4eef3e9e\" data-element_type=\"section\" data-settings=\"{&quot;stretch_section&quot;:&quot;section-stretched&quot;}\">\n\t\t\t\t\t\t<div class=\"elementor-container elementor-column-gap-no\">\n\t\t\t\t\t<div class=\"elementor-column elementor-col-100 elementor-top-column elementor-element elementor-element-7ea1324b\" data-id=\"7ea1324b\" data-element_type=\"column\">\n\t\t\t<div class=\"elementor-widget-wrap elementor-element-populated\">\n\t\t\t\t\t\t<div class=\"elementor-element elementor-element-7c2bd0d4 elementor-widget__width-inherit elementor-widget elementor-widget-image\" data-id=\"7c2bd0d4\" data-element_type=\"widget\" data-widget_type=\"image.default\">\n\t\t\t\t<div class=\"elementor-widget-container\">\n\t\t\t<style>\/*! elementor - v3.20.0 - 26-03-2024 *\/\n.elementor-widget-image{text-align:center}.elementor-widget-image a{display:inline-block}.elementor-widget-image a img[src$=\".svg\"]{width:48px}.elementor-widget-image img{vertical-align:middle;display:inline-block}<\/style>\t\t\t\t\t\t\t\t\t\t<img fetchpriority=\"high\" decoding=\"async\" width=\"1920\" height=\"533\" src=\"https:\/\/animatsuri.eu\/2023\/wp-content\/uploads\/2023\/11\/lauamangud.png\" class=\"attachment-full size-full wp-image-1684\" alt=\"\" srcset=\"https:\/\/animatsuri.eu\/2023\/wp-content\/uploads\/2023\/11\/lauamangud.png 1920w, https:\/\/animatsuri.eu\/2023\/wp-content\/uploads\/2023\/11\/lauamangud-300x83.png 300w, https:\/\/animatsuri.eu\/2023\/wp-content\/uploads\/2023\/11\/lauamangud-1024x284.png 1024w, https:\/\/animatsuri.eu\/2023\/wp-content\/uploads\/2023\/11\/lauamangud-768x213.png 768w, https:\/\/animatsuri.eu\/2023\/wp-content\/uploads\/2023\/11\/lauamangud-1536x426.png 1536w, https:\/\/animatsuri.eu\/2023\/wp-content\/uploads\/2023\/11\/lauamangud-1200x333.png 1200w\" sizes=\"(max-width: 1920px) 100vw, 1920px\" \/>\t\t\t\t\t\t\t\t\t\t\t\t\t<\/div>\n\t\t\t\t<\/div>\n\t\t\t\t\t<\/div>\n\t\t<\/div>\n\t\t\t\t\t<\/div>\n\t\t<\/section>\n\t\t\t\t<section class=\"elementor-section elementor-top-section elementor-element elementor-element-5af749e6 elementor-section-boxed elementor-section-height-default elementor-section-height-default\" data-id=\"5af749e6\" data-element_type=\"section\">\n\t\t\t\t\t\t<div class=\"elementor-container elementor-column-gap-default\">\n\t\t\t\t\t<div class=\"elementor-column elementor-col-100 elementor-top-column elementor-element elementor-element-3f0d491e\" data-id=\"3f0d491e\" data-element_type=\"column\">\n\t\t\t<div class=\"elementor-widget-wrap elementor-element-populated\">\n\t\t\t\t\t\t<div class=\"elementor-element elementor-element-d663808 elementor-widget__width-auto elementor-widget elementor-widget-text-editor\" data-id=\"d663808\" data-element_type=\"widget\" data-widget_type=\"text-editor.default\">\n\t\t\t\t<div class=\"elementor-widget-container\">\n\t\t\t<style>\/*! elementor - v3.20.0 - 26-03-2024 *\/\n.elementor-widget-text-editor.elementor-drop-cap-view-stacked .elementor-drop-cap{background-color:#69727d;color:#fff}.elementor-widget-text-editor.elementor-drop-cap-view-framed .elementor-drop-cap{color:#69727d;border:3px solid;background-color:transparent}.elementor-widget-text-editor:not(.elementor-drop-cap-view-default) .elementor-drop-cap{margin-top:8px}.elementor-widget-text-editor:not(.elementor-drop-cap-view-default) .elementor-drop-cap-letter{width:1em;height:1em}.elementor-widget-text-editor .elementor-drop-cap{float:left;text-align:center;line-height:1;font-size:50px}.elementor-widget-text-editor .elementor-drop-cap-letter{display:inline-block}<\/style>\t\t\t\t<header><div><div><div><h1>Lauam\u00e4ngud<\/h1><\/div><div>\u00a0<\/div><\/div><\/div><\/header><article><div><p>AniMatsuri traditsiooniliseks osaks on lauam\u00e4ngud ning ka sel aastal on k\u00fclastajatel v\u00f5imalus koos teiste k\u00fclastajatega natukeseks maha istuda ja aju ragistada. M\u00e4ngimiseks saavad olema kolm Jaapanis populaarset lauam\u00e4ngu.<\/p><h5><b>Go<\/b><\/h5><p>Go on kahele inimese m\u00f5eldud strateegiline lauam\u00e4ng Hiinast. Seda peetakse vanimaks t\u00e4nap\u00e4evani m\u00e4ngitavaks lauam\u00e4nguks. Go eesm\u00e4rk on h\u00f5ivata vastasest suurem territoorium. See lauam\u00e4ng on k\u00f5ige populaarsem Aasias, eriti Jaapanis, Hiinas, Koreas ja Taiwanis.<\/p><h5><b>Mahjong<\/b><\/h5><p>Mahjong on Hiinas v\u00e4lja t\u00f6\u00f6tatud klotsip\u00f5hine m\u00e4ng. See on m\u00f5eldud neljale m\u00e4ngijale ja seda m\u00e4ngitakse 144 klotsiga. Igal m\u00e4ngijal on k\u00e4es 13 klotsi ning nad v\u00f5tavad ja panevad klotse \u00e4ra, kuni \u00fchel m\u00e4ngijatest \u00f5nnestub saada 14 klotsiga v\u00f5iduk\u00e4e. Mahjong on eriti populaarne Aasia riikides ja sellest on saanud \u00fcldlevinud online-meelelahutus.<\/p><h5><b>Shogi<\/b><\/h5><p>Shogi, tuntud ka kui Jaapani male, on strateegiline lauam\u00e4ng kahele inimesele. See on \u00fcks populaarsemaid m\u00e4nge Jaapanis. M\u00e4ngu eesm\u00e4rk on vastase kuningas saada matiseisu. \u201cShogi\u201d t\u00e4hendab \u201ckindralite m\u00e4ng\u201d.<\/p><\/div><\/article>\t\t\t\t\t\t<\/div>\n\t\t\t\t<\/div>\n\t\t\t\t\t<\/div>\n\t\t<\/div>\n\t\t\t\t\t<\/div>\n\t\t<\/section>\n\t\t\t\t<\/div>\n\t\t","protected":false},"excerpt":{"rendered":"<p>Lauam\u00e4ngud \u00a0 AniMatsuri traditsiooniliseks osaks on lauam\u00e4ngud ning ka sel aastal on k\u00fclastajatel v\u00f5imalus koos teiste k\u00fclastajatega natukeseks maha istuda ja aju ragistada. M\u00e4ngimiseks saavad olema kolm Jaapanis populaarset lauam\u00e4ngu. Go Go on kahele inimese m\u00f5eldud strateegiline lauam\u00e4ng Hiinast. Seda peetakse vanimaks t\u00e4nap\u00e4evani m\u00e4ngitavaks lauam\u00e4nguks. Go eesm\u00e4rk on h\u00f5ivata vastasest suurem territoorium. See lauam\u00e4ng on [&hellip;]<\/p>\n","protected":false},"author":1,"featured_media":0,"parent":0,"menu_order":0,"comment_status":"closed","ping_status":"closed","template":"elementor_header_footer","meta":{"footnotes":""},"_links":{"self":[{"href":"https:\/\/animatsuri.eu\/2023\/index.php?rest_route=\/wp\/v2\/pages\/1681"}],"collection":[{"href":"https:\/\/animatsuri.eu\/2023\/index.php?rest_route=\/wp\/v2\/pages"}],"about":[{"href":"https:\/\/animatsuri.eu\/2023\/index.php?rest_route=\/wp\/v2\/types\/page"}],"author":[{"embeddable":true,"href":"https:\/\/animatsuri.eu\/2023\/index.php?rest_route=\/wp\/v2\/users\/1"}],"replies":[{"embeddable":true,"href":"https:\/\/animatsuri.eu\/2023\/index.php?rest_route=%2Fwp%2Fv2%2Fcomments&post=1681"}],"version-history":[{"count":20,"href":"https:\/\/animatsuri.eu\/2023\/index.php?rest_route=\/wp\/v2\/pages\/1681\/revisions"}],"predecessor-version":[{"id":3073,"href":"https:\/\/animatsuri.eu\/2023\/index.php?rest_route=\/wp\/v2\/pages\/1681\/revisions\/3073"}],"wp:attachment":[{"href":"https:\/\/animatsuri.eu\/2023\/index.php?rest_route=%2Fwp%2Fv2%2Fmedia&parent=1681"}],"curies":[{"name":"wp","href":"https:\/\/api.w.org\/{rel}","templated":true}]}}