{"id":1748,"date":"2023-11-13T20:39:33","date_gmt":"2023-11-13T17:39:33","guid":{"rendered":"https:\/\/animatsuri.baka.ee\/2023\/?page_id=1748"},"modified":"2023-11-20T08:31:36","modified_gmt":"2023-11-20T05:31:36","slug":"diy-tuba","status":"publish","type":"page","link":"https:\/\/animatsuri.eu\/2023\/?page_id=1748","title":{"rendered":"DIY tuba"},"content":{"rendered":"\t\t<div data-elementor-type=\"wp-page\" data-elementor-id=\"1748\" class=\"elementor elementor-1748\">\n\t\t\t\t\t\t<section class=\"elementor-section elementor-top-section elementor-element elementor-element-69a210f3 elementor-section-full_width elementor-section-stretched elementor-section-height-default elementor-section-height-default\" data-id=\"69a210f3\" data-element_type=\"section\" data-settings=\"{&quot;stretch_section&quot;:&quot;section-stretched&quot;}\">\n\t\t\t\t\t\t<div class=\"elementor-container elementor-column-gap-no\">\n\t\t\t\t\t<div class=\"elementor-column elementor-col-100 elementor-top-column elementor-element elementor-element-6c4fb338\" data-id=\"6c4fb338\" data-element_type=\"column\">\n\t\t\t<div class=\"elementor-widget-wrap elementor-element-populated\">\n\t\t\t\t\t\t<div class=\"elementor-element elementor-element-406cbda5 elementor-widget__width-inherit elementor-widget elementor-widget-image\" data-id=\"406cbda5\" data-element_type=\"widget\" data-widget_type=\"image.default\">\n\t\t\t\t<div class=\"elementor-widget-container\">\n\t\t\t<style>\/*! elementor - v3.20.0 - 26-03-2024 *\/\n.elementor-widget-image{text-align:center}.elementor-widget-image a{display:inline-block}.elementor-widget-image a img[src$=\".svg\"]{width:48px}.elementor-widget-image img{vertical-align:middle;display:inline-block}<\/style>\t\t\t\t\t\t\t\t\t\t<img fetchpriority=\"high\" decoding=\"async\" width=\"1920\" height=\"533\" src=\"https:\/\/animatsuri.eu\/2023\/wp-content\/uploads\/2023\/11\/DIY-tuba.png\" class=\"attachment-full size-full wp-image-1751\" alt=\"\" srcset=\"https:\/\/animatsuri.eu\/2023\/wp-content\/uploads\/2023\/11\/DIY-tuba.png 1920w, https:\/\/animatsuri.eu\/2023\/wp-content\/uploads\/2023\/11\/DIY-tuba-300x83.png 300w, https:\/\/animatsuri.eu\/2023\/wp-content\/uploads\/2023\/11\/DIY-tuba-1024x284.png 1024w, https:\/\/animatsuri.eu\/2023\/wp-content\/uploads\/2023\/11\/DIY-tuba-768x213.png 768w, https:\/\/animatsuri.eu\/2023\/wp-content\/uploads\/2023\/11\/DIY-tuba-1536x426.png 1536w, https:\/\/animatsuri.eu\/2023\/wp-content\/uploads\/2023\/11\/DIY-tuba-1200x333.png 1200w\" sizes=\"(max-width: 1920px) 100vw, 1920px\" \/>\t\t\t\t\t\t\t\t\t\t\t\t\t<\/div>\n\t\t\t\t<\/div>\n\t\t\t\t\t<\/div>\n\t\t<\/div>\n\t\t\t\t\t<\/div>\n\t\t<\/section>\n\t\t\t\t<section class=\"elementor-section elementor-top-section elementor-element elementor-element-44677d7e elementor-section-boxed elementor-section-height-default elementor-section-height-default\" data-id=\"44677d7e\" data-element_type=\"section\">\n\t\t\t\t\t\t<div class=\"elementor-container elementor-column-gap-default\">\n\t\t\t\t\t<div class=\"elementor-column elementor-col-100 elementor-top-column elementor-element elementor-element-401ca9cb\" data-id=\"401ca9cb\" data-element_type=\"column\">\n\t\t\t<div class=\"elementor-widget-wrap elementor-element-populated\">\n\t\t\t\t\t\t<div class=\"elementor-element elementor-element-31c3b2e0 elementor-widget__width-auto elementor-widget elementor-widget-text-editor\" data-id=\"31c3b2e0\" data-element_type=\"widget\" data-widget_type=\"text-editor.default\">\n\t\t\t\t<div class=\"elementor-widget-container\">\n\t\t\t<style>\/*! elementor - v3.20.0 - 26-03-2024 *\/\n.elementor-widget-text-editor.elementor-drop-cap-view-stacked .elementor-drop-cap{background-color:#69727d;color:#fff}.elementor-widget-text-editor.elementor-drop-cap-view-framed .elementor-drop-cap{color:#69727d;border:3px solid;background-color:transparent}.elementor-widget-text-editor:not(.elementor-drop-cap-view-default) .elementor-drop-cap{margin-top:8px}.elementor-widget-text-editor:not(.elementor-drop-cap-view-default) .elementor-drop-cap-letter{width:1em;height:1em}.elementor-widget-text-editor .elementor-drop-cap{float:left;text-align:center;line-height:1;font-size:50px}.elementor-widget-text-editor .elementor-drop-cap-letter{display:inline-block}<\/style>\t\t\t\t<header class=\"entry-header\">\n<div class=\"entry-cover\">\n<div class=\"entry-info\">\n<div class=\"inner-wrap\">\n<h1 class=\"entry-title\">DIY tuba<\/h1>\n<\/div>\n<p>Leiad end festivali ajal igavlemas ja n\u00e4pud kihelevad midagi meisterdama? Astu l\u00e4bi DIY toast \u2013 eraldi ruum m\u00f5eldud just neile, kes soovivad vaba aega sisustada millegi kallal nokitsemisega.<\/p>\n<p>Tule valmista endale kassik\u00f5rvu ja -k\u00e4ppi, Mizuhiki s\u00f5lmesid, <i>omamori<\/i>sid (<em>lucky charm<\/em>), Totoro <i>plushie<\/i>sid ja jaapaniteemaliste templitega kaarte\/pakkepabereid. V\u00f5imalus on ka lihtsalt istuda ning joonistada v\u00f5i voltida <i>origami<\/i>t. Juhendamine kohapeal on nii eesti kui ka inglise keeles.<\/p>\n<\/div>\n<\/div>\n<\/header>\n<article id=\"post-1748\" class=\"post-1748 page type-page status-publish has-post-thumbnail hentry\">\n<div class=\"entry-content\">&nbsp;<\/div>\n<\/article>\t\t\t\t\t\t<\/div>\n\t\t\t\t<\/div>\n\t\t\t\t\t<\/div>\n\t\t<\/div>\n\t\t\t\t\t<\/div>\n\t\t<\/section>\n\t\t\t\t<\/div>\n\t\t","protected":false},"excerpt":{"rendered":"<p>DIY tuba Leiad end festivali ajal igavlemas ja n\u00e4pud kihelevad midagi meisterdama? Astu l\u00e4bi DIY toast \u2013 eraldi ruum m\u00f5eldud just neile, kes soovivad vaba aega sisustada millegi kallal nokitsemisega. Tule valmista endale kassik\u00f5rvu ja -k\u00e4ppi, Mizuhiki s\u00f5lmesid, omamorisid (lucky charm), Totoro plushiesid ja jaapaniteemaliste templitega kaarte\/pakkepabereid. V\u00f5imalus on ka lihtsalt istuda ning joonistada v\u00f5i [&hellip;]<\/p>\n","protected":false},"author":1,"featured_media":0,"parent":0,"menu_order":0,"comment_status":"closed","ping_status":"closed","template":"elementor_header_footer","meta":{"footnotes":""},"_links":{"self":[{"href":"https:\/\/animatsuri.eu\/2023\/index.php?rest_route=\/wp\/v2\/pages\/1748"}],"collection":[{"href":"https:\/\/animatsuri.eu\/2023\/index.php?rest_route=\/wp\/v2\/pages"}],"about":[{"href":"https:\/\/animatsuri.eu\/2023\/index.php?rest_route=\/wp\/v2\/types\/page"}],"author":[{"embeddable":true,"href":"https:\/\/animatsuri.eu\/2023\/index.php?rest_route=\/wp\/v2\/users\/1"}],"replies":[{"embeddable":true,"href":"https:\/\/animatsuri.eu\/2023\/index.php?rest_route=%2Fwp%2Fv2%2Fcomments&post=1748"}],"version-history":[{"count":20,"href":"https:\/\/animatsuri.eu\/2023\/index.php?rest_route=\/wp\/v2\/pages\/1748\/revisions"}],"predecessor-version":[{"id":3012,"href":"https:\/\/animatsuri.eu\/2023\/index.php?rest_route=\/wp\/v2\/pages\/1748\/revisions\/3012"}],"wp:attachment":[{"href":"https:\/\/animatsuri.eu\/2023\/index.php?rest_route=%2Fwp%2Fv2%2Fmedia&parent=1748"}],"curies":[{"name":"wp","href":"https:\/\/api.w.org\/{rel}","templated":true}]}}