{"id":1947,"date":"2023-11-14T12:16:17","date_gmt":"2023-11-14T09:16:17","guid":{"rendered":"https:\/\/animatsuri.baka.ee\/2023\/?page_id=1947"},"modified":"2023-11-16T02:55:12","modified_gmt":"2023-11-15T23:55:12","slug":"viktoriin","status":"publish","type":"page","link":"https:\/\/animatsuri.eu\/2023\/?page_id=1947","title":{"rendered":"Viktoriin"},"content":{"rendered":"\t\t<div data-elementor-type=\"wp-page\" data-elementor-id=\"1947\" class=\"elementor elementor-1947\">\n\t\t\t\t\t\t<section class=\"elementor-section elementor-top-section elementor-element elementor-element-f8ab376 elementor-section-full_width elementor-section-stretched elementor-section-height-default elementor-section-height-default\" data-id=\"f8ab376\" data-element_type=\"section\" data-settings=\"{&quot;stretch_section&quot;:&quot;section-stretched&quot;}\">\n\t\t\t\t\t\t<div class=\"elementor-container elementor-column-gap-no\">\n\t\t\t\t\t<div class=\"elementor-column elementor-col-100 elementor-top-column elementor-element elementor-element-2eeff0f1\" data-id=\"2eeff0f1\" data-element_type=\"column\">\n\t\t\t<div class=\"elementor-widget-wrap elementor-element-populated\">\n\t\t\t\t\t\t<div class=\"elementor-element elementor-element-5f15ee3 elementor-widget__width-inherit elementor-widget elementor-widget-image\" data-id=\"5f15ee3\" data-element_type=\"widget\" data-widget_type=\"image.default\">\n\t\t\t\t<div class=\"elementor-widget-container\">\n\t\t\t<style>\/*! elementor - v3.20.0 - 26-03-2024 *\/\n.elementor-widget-image{text-align:center}.elementor-widget-image a{display:inline-block}.elementor-widget-image a img[src$=\".svg\"]{width:48px}.elementor-widget-image img{vertical-align:middle;display:inline-block}<\/style>\t\t\t\t\t\t\t\t\t\t<img fetchpriority=\"high\" decoding=\"async\" width=\"1920\" height=\"533\" src=\"https:\/\/animatsuri.eu\/2023\/wp-content\/uploads\/2023\/11\/sisutaide.png\" class=\"attachment-full size-full wp-image-1950\" alt=\"\" srcset=\"https:\/\/animatsuri.eu\/2023\/wp-content\/uploads\/2023\/11\/sisutaide.png 1920w, https:\/\/animatsuri.eu\/2023\/wp-content\/uploads\/2023\/11\/sisutaide-300x83.png 300w, https:\/\/animatsuri.eu\/2023\/wp-content\/uploads\/2023\/11\/sisutaide-1024x284.png 1024w, https:\/\/animatsuri.eu\/2023\/wp-content\/uploads\/2023\/11\/sisutaide-768x213.png 768w, https:\/\/animatsuri.eu\/2023\/wp-content\/uploads\/2023\/11\/sisutaide-1536x426.png 1536w, https:\/\/animatsuri.eu\/2023\/wp-content\/uploads\/2023\/11\/sisutaide-1200x333.png 1200w\" sizes=\"(max-width: 1920px) 100vw, 1920px\" \/>\t\t\t\t\t\t\t\t\t\t\t\t\t<\/div>\n\t\t\t\t<\/div>\n\t\t\t\t\t<\/div>\n\t\t<\/div>\n\t\t\t\t\t<\/div>\n\t\t<\/section>\n\t\t\t\t<section class=\"elementor-section elementor-top-section elementor-element elementor-element-29b37bc0 elementor-section-boxed elementor-section-height-default elementor-section-height-default\" data-id=\"29b37bc0\" data-element_type=\"section\">\n\t\t\t\t\t\t<div class=\"elementor-container elementor-column-gap-default\">\n\t\t\t\t\t<div class=\"elementor-column elementor-col-100 elementor-top-column elementor-element elementor-element-f9c79c9\" data-id=\"f9c79c9\" data-element_type=\"column\">\n\t\t\t<div class=\"elementor-widget-wrap elementor-element-populated\">\n\t\t\t\t\t\t<div class=\"elementor-element elementor-element-59b8085a elementor-widget__width-auto elementor-widget elementor-widget-text-editor\" data-id=\"59b8085a\" data-element_type=\"widget\" data-widget_type=\"text-editor.default\">\n\t\t\t\t<div class=\"elementor-widget-container\">\n\t\t\t<style>\/*! elementor - v3.20.0 - 26-03-2024 *\/\n.elementor-widget-text-editor.elementor-drop-cap-view-stacked .elementor-drop-cap{background-color:#69727d;color:#fff}.elementor-widget-text-editor.elementor-drop-cap-view-framed .elementor-drop-cap{color:#69727d;border:3px solid;background-color:transparent}.elementor-widget-text-editor:not(.elementor-drop-cap-view-default) .elementor-drop-cap{margin-top:8px}.elementor-widget-text-editor:not(.elementor-drop-cap-view-default) .elementor-drop-cap-letter{width:1em;height:1em}.elementor-widget-text-editor .elementor-drop-cap{float:left;text-align:center;line-height:1;font-size:50px}.elementor-widget-text-editor .elementor-drop-cap-letter{display:inline-block}<\/style>\t\t\t\t<header class=\"entry-header\"><div class=\"entry-cover\"><div class=\"entry-info\"><div class=\"inner-wrap\"><h1 class=\"entry-title\">Viktoriin<\/h1><p>\u00a0<\/p><p>Traditsiooniline AniMatsuri viktoriin paneb proovile osalejate teadmised nii animest kui ka Jaapanist. Osalemiseks ei pea aga olema n\u00e4inud igat animeseeriat viimase 30 aasta jooksul ega omama kraadi Aasia uuringutes \u2013 vastusevariante on vaid neli ja loogilise v\u00e4listamise teel v\u00f5ib leida ootamatu vastuse ka k\u00f5ige keerulisematele k\u00fcsimustele. Selle aasta teemaks on Jaapani m\u00fctoloogia.<\/p><p>V\u00f5isteldakse kahestes gruppides, paariline v\u00f5ta kaasa v\u00f5i leia kohapealt. K\u00fcsimused esitatakse nii eesti kui inglise keeles. Soovi korral v\u00f5imalik k\u00fcsida t\u00f5lget vene keelde.<\/p><p>K\u00fcsimuste koostaja Piiu Pilt on AniMatsuri viktoriine koostanud ja l\u00e4bi viinud rohkem, kui ta kokku lugeda suudab. K\u00fcsimuste koostamisel on abiks s\u00f5brad Google ja Wikipedia. Piiu lemmikk\u00fcsimused on sellised, kus \u00f5ige vastus on variantidest totraim.<\/p><\/div><\/div><\/div><\/header>\t\t\t\t\t\t<\/div>\n\t\t\t\t<\/div>\n\t\t\t\t\t<\/div>\n\t\t<\/div>\n\t\t\t\t\t<\/div>\n\t\t<\/section>\n\t\t\t\t<\/div>\n\t\t","protected":false},"excerpt":{"rendered":"<p>Viktoriin \u00a0 Traditsiooniline AniMatsuri viktoriin paneb proovile osalejate teadmised nii animest kui ka Jaapanist. Osalemiseks ei pea aga olema n\u00e4inud igat animeseeriat viimase 30 aasta jooksul ega omama kraadi Aasia uuringutes \u2013 vastusevariante on vaid neli ja loogilise v\u00e4listamise teel v\u00f5ib leida ootamatu vastuse ka k\u00f5ige keerulisematele k\u00fcsimustele. Selle aasta teemaks on Jaapani m\u00fctoloogia. V\u00f5isteldakse [&hellip;]<\/p>\n","protected":false},"author":1,"featured_media":0,"parent":0,"menu_order":0,"comment_status":"closed","ping_status":"closed","template":"elementor_header_footer","meta":{"footnotes":""},"_links":{"self":[{"href":"https:\/\/animatsuri.eu\/2023\/index.php?rest_route=\/wp\/v2\/pages\/1947"}],"collection":[{"href":"https:\/\/animatsuri.eu\/2023\/index.php?rest_route=\/wp\/v2\/pages"}],"about":[{"href":"https:\/\/animatsuri.eu\/2023\/index.php?rest_route=\/wp\/v2\/types\/page"}],"author":[{"embeddable":true,"href":"https:\/\/animatsuri.eu\/2023\/index.php?rest_route=\/wp\/v2\/users\/1"}],"replies":[{"embeddable":true,"href":"https:\/\/animatsuri.eu\/2023\/index.php?rest_route=%2Fwp%2Fv2%2Fcomments&post=1947"}],"version-history":[{"count":11,"href":"https:\/\/animatsuri.eu\/2023\/index.php?rest_route=\/wp\/v2\/pages\/1947\/revisions"}],"predecessor-version":[{"id":2482,"href":"https:\/\/animatsuri.eu\/2023\/index.php?rest_route=\/wp\/v2\/pages\/1947\/revisions\/2482"}],"wp:attachment":[{"href":"https:\/\/animatsuri.eu\/2023\/index.php?rest_route=%2Fwp%2Fv2%2Fmedia&parent=1947"}],"curies":[{"name":"wp","href":"https:\/\/api.w.org\/{rel}","templated":true}]}}