{"id":254,"date":"2023-07-14T10:56:03","date_gmt":"2023-07-14T07:56:03","guid":{"rendered":"https:\/\/animatsuri.baka.ee\/2023\/?page_id=254"},"modified":"2023-11-19T00:15:17","modified_gmt":"2023-11-18T21:15:17","slug":"festivali-kodukord","status":"publish","type":"page","link":"https:\/\/animatsuri.eu\/2023\/?page_id=254","title":{"rendered":"Festivali kodukord"},"content":{"rendered":"\t\t<div data-elementor-type=\"wp-page\" data-elementor-id=\"254\" class=\"elementor elementor-254\">\n\t\t\t\t\t\t<section class=\"elementor-section elementor-top-section elementor-element elementor-element-305b7814 elementor-section-full_width elementor-section-stretched elementor-section-height-default elementor-section-height-default\" data-id=\"305b7814\" data-element_type=\"section\" data-settings=\"{&quot;stretch_section&quot;:&quot;section-stretched&quot;}\">\n\t\t\t\t\t\t<div class=\"elementor-container elementor-column-gap-no\">\n\t\t\t\t\t<div class=\"elementor-column elementor-col-100 elementor-top-column elementor-element elementor-element-752eb47e\" data-id=\"752eb47e\" data-element_type=\"column\">\n\t\t\t<div class=\"elementor-widget-wrap elementor-element-populated\">\n\t\t\t\t\t\t<div class=\"elementor-element elementor-element-2bc36059 elementor-widget__width-inherit elementor-widget elementor-widget-image\" data-id=\"2bc36059\" data-element_type=\"widget\" data-widget_type=\"image.default\">\n\t\t\t\t<div class=\"elementor-widget-container\">\n\t\t\t<style>\/*! elementor - v3.20.0 - 26-03-2024 *\/\n.elementor-widget-image{text-align:center}.elementor-widget-image a{display:inline-block}.elementor-widget-image a img[src$=\".svg\"]{width:48px}.elementor-widget-image img{vertical-align:middle;display:inline-block}<\/style>\t\t\t\t\t\t\t\t\t\t<img fetchpriority=\"high\" decoding=\"async\" width=\"1800\" height=\"500\" src=\"https:\/\/animatsuri.eu\/2023\/wp-content\/uploads\/2023\/07\/Kodukord.png\" class=\"attachment-full size-full wp-image-421\" alt=\"\" srcset=\"https:\/\/animatsuri.eu\/2023\/wp-content\/uploads\/2023\/07\/Kodukord.png 1800w, https:\/\/animatsuri.eu\/2023\/wp-content\/uploads\/2023\/07\/Kodukord-300x83.png 300w, https:\/\/animatsuri.eu\/2023\/wp-content\/uploads\/2023\/07\/Kodukord-1024x284.png 1024w, https:\/\/animatsuri.eu\/2023\/wp-content\/uploads\/2023\/07\/Kodukord-768x213.png 768w, https:\/\/animatsuri.eu\/2023\/wp-content\/uploads\/2023\/07\/Kodukord-1536x427.png 1536w, https:\/\/animatsuri.eu\/2023\/wp-content\/uploads\/2023\/07\/Kodukord-1200x333.png 1200w\" sizes=\"(max-width: 1800px) 100vw, 1800px\" \/>\t\t\t\t\t\t\t\t\t\t\t\t\t<\/div>\n\t\t\t\t<\/div>\n\t\t\t\t\t<\/div>\n\t\t<\/div>\n\t\t\t\t\t<\/div>\n\t\t<\/section>\n\t\t\t\t<section class=\"elementor-section elementor-top-section elementor-element elementor-element-53e3a9ee elementor-section-boxed elementor-section-height-default elementor-section-height-default\" data-id=\"53e3a9ee\" data-element_type=\"section\">\n\t\t\t\t\t\t<div class=\"elementor-container elementor-column-gap-default\">\n\t\t\t\t\t<div class=\"elementor-column elementor-col-100 elementor-top-column elementor-element elementor-element-3c227b0c\" data-id=\"3c227b0c\" data-element_type=\"column\">\n\t\t\t<div class=\"elementor-widget-wrap elementor-element-populated\">\n\t\t\t\t\t\t<div class=\"elementor-element elementor-element-54b21fd7 elementor-widget__width-auto elementor-widget elementor-widget-text-editor\" data-id=\"54b21fd7\" data-element_type=\"widget\" data-widget_type=\"text-editor.default\">\n\t\t\t\t<div class=\"elementor-widget-container\">\n\t\t\t<style>\/*! elementor - v3.20.0 - 26-03-2024 *\/\n.elementor-widget-text-editor.elementor-drop-cap-view-stacked .elementor-drop-cap{background-color:#69727d;color:#fff}.elementor-widget-text-editor.elementor-drop-cap-view-framed .elementor-drop-cap{color:#69727d;border:3px solid;background-color:transparent}.elementor-widget-text-editor:not(.elementor-drop-cap-view-default) .elementor-drop-cap{margin-top:8px}.elementor-widget-text-editor:not(.elementor-drop-cap-view-default) .elementor-drop-cap-letter{width:1em;height:1em}.elementor-widget-text-editor .elementor-drop-cap{float:left;text-align:center;line-height:1;font-size:50px}.elementor-widget-text-editor .elementor-drop-cap-letter{display:inline-block}<\/style>\t\t\t\t<header class=\"entry-header\">\n<div class=\"entry-cover\">\n<div class=\"entry-info\">\n<div class=\"inner-wrap\">\n<h1 class=\"entry-title\">Festivali kodukord<\/h1>\n<\/div>\n<div class=\"inner-wrap\">\n<h5 id=\"venue\" class=\"wp-block-heading\"><a href=\"#general\">\u00dcLDS\u00c4TTED <\/a>|<a href=\"#area\"> FESTIVALIALAL VIIBIMINE<\/a> | <a href=\"#volunteers\">VABATAHTLIKUD<\/a> | <a href=\"#items\">ESEMED<\/a> | <a href=\"#baditems\">KEELATUD ESEMED<\/a> | <a href=\"#behavior\">K\u00c4ITUMINE<\/a> | <a href=\"#recording\">FOTO- JA VIDEOGRAAFIA<\/a> | <a href=\"#apparel\">RIIETUS<\/a> | <a href=\"#food\">TOITLUSTUS<\/a> | <a href=\"#sanctions\">SANKTSIOONID<\/a><\/h5>\n<p>Festivalidel on alati palju erinevaid inimesi ja v\u00f5ib tekkida igasuguseid olukordi. Sellest l\u00e4htuvalt on vajalik korralik festivali meelespea, mida peaks teadma iga festivali k\u00fclastaja.<\/p>\n<h3 id=\"general\" class=\"wp-block-heading\"><strong>\u00dclds\u00e4tted<\/strong><\/h3>\n<p>1. J\u00e4rgneva reeglistiku reguleerimisalaks on AniMatsuri festivali (edaspidi: festival v\u00f5i AniMatsuri) k\u00f5ik toimumispaigad festivali algusest l\u00f5puni.<\/p>\n<p>2. Festivali alguseks loetakse esimese k\u00fclastaja sisenemist festivalialale. Festival l\u00f5ppeb viimase k\u00fclastaja lahkumisega festivalialalt.<\/p>\n<p>3. Kui k\u00e4esolev reeglistik on vastuolus toimumispaiga reeglistikuga, siis kehtib toimumispaiga reeglistik.<\/p>\n<p>4. K\u00e4esolev reeglistik reguleerib festivali korraldajate, meeskonna, vabatahtlike ja k\u00fclastajate tegevust.<\/p>\n<p>5. Erandeid antud reeglistikku saab teha festivali korraldaja loal, kui ei ole s\u00e4testatud teisiti.<\/p>\n<h3 id=\"area\" class=\"wp-block-heading\"><strong>Festivalialal viibimine<\/strong><\/h3>\n<p>1. Festivalialaks loetakse k\u00f5iki ruume, mida kasutatakse festivali korraldamise eesm\u00e4rgil.<\/p>\n<p>2. Festivaliala jaguneb kolmeks tsooniks:<\/p>\n<p>2.1. Festivaliala esimeses tsoonis on festivali ajal lubatud viibida korraldajatel, meeskonnal, vabatahtlikel ja k\u00fclastajatel. K\u00fclastajaks loetakse isikut, kellel on kehtiv festivalip\u00e4\u00e4se, kes on esineja v\u00f5i kes on p\u00e4\u00e4senud festivalile eriloaga. Eriluba v\u00f5ib v\u00e4ljastada ainult peakorraldaja.<\/p>\n<p>2.2. Festivali teise tsooni moodustavad festivali osad, mis n\u00f5uavad erip\u00e4\u00e4set. Seal v\u00f5ivad viibida korraldajad, meeskonnaliikmed, eriloaga vabatahtlikud ja erip\u00e4\u00e4sme soetanud isikud.<\/p>\n<p>2.3. Kolmandas tsoonis v\u00f5ivad viibida ainult vabatahtlikud, meeskonnaliikmed ja korraldajad.<\/p>\n<p>3. Koolieelikutel on keelatud festivalialal viibimine ilma vanema kui 15- (k.a) aastase saatjata. Saatja vastutab koolieeliku k\u00e4itumise eest.<\/p>\n<p>4. Festivalialal on soovituslik kanda maski. Mask peab olema\u202fkorralikult n\u00e4o ees\u202fnii, et suu ja nina on kaetud. Kui maskil on traat, siis on see maski \u00fclemises servas. Traadi peab vajutama korralikult \u00fcmber nina. Maski alumine serv on l\u00f5ua all.<\/p>\n<p>4.1. Kui peaks esinema kroonilisi haigusi, mis on COVID-19 sarnaste s\u00fcmptomitega, on mask kohustuslik.<\/p>\n<p>5. Kui oled haigeks j\u00e4\u00e4nud, n\u00e4iteks COVID-19, gripp v\u00f5i m\u00f5ni muu nakkushaigus, siis palun j\u00e4\u00e4 koju. Soovime hoida festivali v\u00f5imalikult turvalise kohana k\u00f5ikidele osalejatele. Kasutamata pileti eest on sellisel juhul v\u00f5imalik raha tagasi saada, kui v\u00f5tad meiega \u00fchendust hiljemalt 3. detsembriks 2023.<\/p>\n<h4 id=\"volunteers\" class=\"wp-block-heading\"><strong>Vabatahtlikud<\/strong><\/h4>\n<p>1. Vabatahtlikuks loetakse isikut, kes on s\u00f5lminud AniMatsuri korraldajatega vabatahtliku t\u00f6\u00f6lev\u00f5tulepingu.<\/p>\n<p>2. Vabatahtliku lisa\u00f5igused ja lisakohustused m\u00e4\u00e4rab vabatahtliku ja AniMatsuri korraldajate vahel s\u00f5lmitud leping.<\/p>\n<h4 id=\"items\" class=\"wp-block-heading\"><strong>Esemed<\/strong><\/h4>\n<p>1. Festivali korraldajad ei vastuta esemete eest, mida inimesed on kaasa v\u00f5tnud oma isiklikuks otstarbeks.<\/p>\n<p>2. Festivali korraldajad lubavad garderoobi j\u00e4etud esemetega k\u00e4ituda heaperemehelikult, kuid ei v\u00f5ta nende eest vastutust.<\/p>\n<p>3. AniMatsuri korraldajate v\u00f5i toimumiskoha vara kahjustamise korral peab vara kahjustanud isik t\u00e4ies ulatuses kompenseerima vara omanikule tehtud kahju.<\/p>\n<h4 id=\"baditems\" class=\"wp-block-heading\"><strong>Keelatud esemed<\/strong><\/h4>\n<p>1. Keelatud esemeteks nimetatakse esemeid, mida ei tohi k\u00fclastajad viia festivalialale festivali toimumise ajal.<\/p>\n<p>2. Keelatud esemete alla kuuluvad muuhulgas droonid, alkohoolsed joogid, narkootikumid ja relvad*. L\u00f5pliku otsuse esemete festivalialale lubamise kohta teevad festivali korraldajad.<\/p>\n<p>3. Keelatud esemed konfiskeeritakse kohe festivali korraldajate poolt. Konfiskeeritud esemeid hoiustatakse piletikontrollis. Festivali korraldajad ei vastuta konfiskeeritud esemete heaolu eest.<\/p>\n<p>4. Keelatud on \u201cfree hugs\u201d, \u201cfree kisses\u201d ja muud sarnased sildid.<\/p>\n<h4 id=\"behavior\" class=\"wp-block-heading\"><strong>K\u00e4itumine<\/strong><\/h4>\n<p>1. K\u00f5ik festivalialal viibijad peavad arvestama teiste inimeste heaoluga. Teguviisi, mis v\u00e4hendab teiste inimeste heaolu, nimetatakse h\u00e4irivaks k\u00e4itumiseks.<\/p>\n<p>2. H\u00e4irivaks k\u00e4itumiseks loetakse nii vaimset kui ka f\u00fc\u00fcsilist v\u00e4givalda, erootilist v\u00f5i seksuaalset k\u00e4itumist, festivalialal joobeseisundis v\u00f5i narkojoobes viibimist, k\u00e4esoleva reeglistiku rikkumist ja festivalikorraldajate instruktsioonide eiramist.<\/p>\n<p>3. Eriolukorra puhul on k\u00f5igil k\u00fclastajatel kohustus alluda meeskonnaliikmete korraldustele.<\/p>\n<p>3.1. Eriolukorraks loetakse tulekahjut, pommiohtu, r\u00fcnnet festivali k\u00fclastajate v\u00f5i meeskonna vastu ning muid olukordi, mis v\u00f5ivad t\u00f5siselt ohustada festivali meeskonna ja\/v\u00f5i k\u00fclastajate heaolu.<\/p>\n<p>3.2. Eriolukorra kuulutab v\u00e4lja festivali peakorraldaja, peakorraldaja abi v\u00f5i turva\u00fclem.<\/p>\n<h4 id=\"recording\" class=\"wp-block-heading\"><strong>Foto- ja videograafia<\/strong><\/h4>\n<p>1. Festivalialale sisenemisel n\u00f5ustub k\u00fclastaja tema filmimise ja pildistamisega korraldajate poolt kinnitatud meediameeskonna poolt (kannavad punast meeskonnas\u00e4rki) ning kinnitab, et materjali v\u00f5ib kasutada k\u00fclastajale tasu maksmata kommertslikel eesm\u00e4rkidel k\u00f5igis video- ja fotoformaatides, kaasa arvatud tr\u00fckimeedias ja televisioonis.<\/p>\n<p>2. K\u00fclastajatel on \u00f5igus pildistatava (koolieeliku puhul tema saatja) loal teha fotosid ning salvestada pildistatavast videomaterjali.<\/p>\n<p>2.1. Kui meedia v\u00f5i m\u00f5ni firma soovib festivali j\u00e4\u00e4dvustada, on selleks vaja luba. Loa saamiseks tuleb kirjutada info@animatsuri.eu.<\/p>\n<p>3. K\u00fclastajatel on \u00f5igus keelduda enda fotografeerimisest v\u00f5i endast videomaterjali salvestamisest teiste k\u00fclastajate poolt.<\/p>\n<p>3.1. Erandiks on siinjuures kaugplaanis v\u00f5etud fotod v\u00f5i videomaterjal, kus k\u00f5igi pildile j\u00e4\u00e4jate loa k\u00fcsimine pole vajalik. Samuti on erandiks cosplay v\u00f5istluses osalejad, keda v\u00f5ib v\u00f5istluses osalemise ajal fotografeerida ilma luba k\u00fcsimata.<\/p>\n<p>4. Tegevuste ajal fotografeerimise otsustab tegevuse l\u00e4biviija.<\/p>\n<p>5. Eelpool mainitud reeglite rikkumisel on korraldajatel ja turvameeskonna liikmetel \u00f5igus n\u00f5uda reegleid rikkuva materjali kustutamist.<\/p>\n<h4 id=\"apparel\" class=\"wp-block-heading\"><strong>Riietus<\/strong><\/h4>\n<p>1. K\u00f5ik festivalialal viibijad peavad arvestama riietumisstiiliga, mis sobib avalikus kohas kandmiseks (n\u00e4iteks ahegao ei ole lubatud).<\/p>\n<p>1.1. Riietumisstiili puhul peab arvestama, et k\u00fclastajate hulgas on ka alaealisi, seega ei tohi kantav riietus olla liialt paljastav. Riietus peab katma v\u00e4hemalt kubeme-, tuhara- ja rinnapiirkonna.<\/p>\n<p>1.1.1. Meestel on minimaalseks lubatud kost\u00fc\u00fcmiks k\u00e4isteta s\u00e4rk ja l\u00fchikesed p\u00fcksid. Naistel \u00fclemine bikiiniosa ja l\u00fchikesed p\u00fcksid\/seelik.<\/p>\n<p>1.1.2. L\u00fchikeste seelikute all on kohustuslik kanda l\u00fchikesi p\u00fckse.<\/p>\n<p>1.1.3. Visuaalne juhis riietumise sobivuse hindamiseks:<\/p>\n<p><img decoding=\"async\" class=\"aligncenter size-full wp-image-2287\" src=\"https:\/\/animatsuri.eu\/2023\/wp-content\/uploads\/2023\/11\/bigblue.png\" alt=\"\" width=\"548\" height=\"1024\" srcset=\"https:\/\/animatsuri.eu\/2023\/wp-content\/uploads\/2023\/11\/bigblue.png 548w, https:\/\/animatsuri.eu\/2023\/wp-content\/uploads\/2023\/11\/bigblue-161x300.png 161w\" sizes=\"(max-width: 548px) 100vw, 548px\" \/><\/p>\n<p>1.2. Festivali alal on keelatud kanda markeerimata v\u00f5i laskesuutelisi relvamulaa\u017ee.<\/p>\n<p>1.2.1. Relvamulaa\u017e peab olema selgelt m\u00e4rgistatud neoonroosa, v\u00e4hemalt 1 cm laiuse ribaga selgelt n\u00e4htavas kohas, n\u00e4iteks tulirelvamulaa\u017ei toru otsas. Ebapiisava v\u00f5i puuduva m\u00e4rgise puhul on meeskonnal \u00f5igus see relvale lisada.<\/p>\n<p>1.2.2. Kost\u00fc\u00fcmi osana on lubatud vibud, kuid neid ei tohi vinnastada ning nooled peavad olema t\u00f6mbi otsaga.<\/p>\n<p>2. N\u00f5uetele mittevastavaid kost\u00fc\u00fcme ei v\u00f5i festivalialal kanda.<\/p>\n<p>2.1. N\u00f5uetele mittevastava kost\u00fc\u00fcmi puhul on festivali korraldajal \u00f5igus paluda festivali k\u00fclastajal end katta.<\/p>\n<p>2.2. K\u00fclastajal on \u00f5igus p\u00e4rast kost\u00fc\u00fcmi reeglitele vastavusse viimist sama kost\u00fc\u00fcmi edasi kanda. Luba selleks tuleb saada festivali korraldajalt.<\/p>\n<p>3. Kost\u00fc\u00fcmi sobivuse k\u00fcsimustega v\u00f5ib enne festivali p\u00f6\u00f6rduda security@animatsuri.eu. Festivalialal on kost\u00fc\u00fcmi sobivuse hindamise \u00f5igus k\u00f5igil korraldajatel, piletim\u00fc\u00fcgimeeskonna liikmetel ja turvameeskonna liikmetel.<\/p>\n<h4 id=\"food\" class=\"wp-block-heading\"><strong>Toitlustus<\/strong><\/h4>\n<p>1. K\u00fclastajatel on lubatud festivalile oma s\u00f6\u00f6ki kaasa v\u00f5tta. Seda v\u00f5ib s\u00fc\u00fca ainult selle jaoks ette n\u00e4htud s\u00f6\u00f6misalal.<\/p>\n<p>2. Festivalialale on lubatud v\u00f5tta kaasa oma jook (alkoholivaba).<\/p>\n<p>3. \u00dcmbruskonnas asub Aparaaditehas, kus on mitu toitlustusasutust <a href=\"https:\/\/animatsuri.eu\/2023\/?page_id=1669\">toitlustusasutust einestamiseks<\/a> ja l\u00e4hedal asub Coopi pood.<\/p>\n<h4 id=\"sanctions\" class=\"wp-block-heading\"><strong>Sanktsioonid<\/strong><\/h4>\n<p>1. K\u00e4esoleva reeglistiku rikkumise korral on festivali korraldajatel \u00f5igus vastavalt rikkumise raskusastmele ja iseloomule kehtestada korrarikkujale sanktsioone.<\/p>\n<p>2. V\u00f5imalikeks sanktsioonideks on suulise hoiatuse tegemine, kodukorras keelatud v\u00f5i muul moel ohtlike esemete konfiskeerimine, korrarikkuja eemaldamine tegevuselt v\u00f5i festivalialalt. Eseme konfiskeerimist ja festivalialalt eemaldamist ei tohi korraga rakendada. Korraldajatel on keelatud kehtestada erandeid antud punkti osas.<\/p>\n<p>3. Ebaseaduslike esemete omamise** v\u00f5i ebaseadusliku k\u00e4itumise** korral on festivali korraldajatel \u00f5igus ja kohustus teavitada politseid.<\/p>\n<p>4. Tasuliselt tegevuselt v\u00f5i festivalialalt korrarikkumise t\u00f5ttu eemaldatud isikutel puudub \u00f5igus n\u00f5uda tegevuse tasu v\u00f5i piletiraha h\u00fcvitamist.<\/p>\n<p>5. Meeskonnaliikmetel on \u00f5igus sanktsioone kehtestada oma vastutusala piires. Festivalialalt eemaldamise \u00f5igus on korraldajatel.<\/p>\n<p>6. Meeskonnaliikme poolt kehtestatud sanktsiooni v\u00f5ib vaidlustada korraldajatele. Peakorraldajale v\u00f5ib vaidlustada teiste korraldajate poolt kehtestatud sanktsiooni.<\/p>\n<p>7. Kui korrarikkujaks on koolieelik, siis sanktsioonid kehtestatakse ta saatjale.<\/p>\n<p>8. Korraldajatel on antud peat\u00fcki osas keelatud kehtestada erandeid.<\/p>\n<p><em>* Relvaks loetakse k\u00f5iki esemeid, mille k\u00e4itlemist reguleerib Eesti Vabariigi Relvaseadus (tulirelvad, gaasirelvad, pneumorelvad, heitrelvad, k\u00fclmrelvad ja elektri\u0161okirelvad). Lisaks on korraldajatel \u00f5igus konfiskeerida k\u00f5iki nuge, noalaadseid esemeid ja muid l\u00f5ikevahendeid, millega on v\u00f5imalik tekitada kehavigastusi.<\/em><\/p>\n<p><em>**L\u00e4htuvalt festivali toimumisajal kehtivatest Eesti Vabariigi seadustest.<\/em><\/p>\n<\/div>\n<\/div>\n<\/div>\n<\/header>\t\t\t\t\t\t<\/div>\n\t\t\t\t<\/div>\n\t\t\t\t\t<\/div>\n\t\t<\/div>\n\t\t\t\t\t<\/div>\n\t\t<\/section>\n\t\t\t\t<\/div>\n\t\t","protected":false},"excerpt":{"rendered":"<p>Festivali kodukord \u00dcLDS\u00c4TTED | FESTIVALIALAL VIIBIMINE | VABATAHTLIKUD | ESEMED | KEELATUD ESEMED | K\u00c4ITUMINE | FOTO- JA VIDEOGRAAFIA | RIIETUS | TOITLUSTUS | SANKTSIOONID Festivalidel on alati palju erinevaid inimesi ja v\u00f5ib tekkida igasuguseid olukordi. Sellest l\u00e4htuvalt on vajalik korralik festivali meelespea, mida peaks teadma iga festivali k\u00fclastaja. \u00dclds\u00e4tted 1. J\u00e4rgneva reeglistiku reguleerimisalaks on [&hellip;]<\/p>\n","protected":false},"author":1,"featured_media":0,"parent":0,"menu_order":0,"comment_status":"closed","ping_status":"closed","template":"elementor_header_footer","meta":{"footnotes":""},"_links":{"self":[{"href":"https:\/\/animatsuri.eu\/2023\/index.php?rest_route=\/wp\/v2\/pages\/254"}],"collection":[{"href":"https:\/\/animatsuri.eu\/2023\/index.php?rest_route=\/wp\/v2\/pages"}],"about":[{"href":"https:\/\/animatsuri.eu\/2023\/index.php?rest_route=\/wp\/v2\/types\/page"}],"author":[{"embeddable":true,"href":"https:\/\/animatsuri.eu\/2023\/index.php?rest_route=\/wp\/v2\/users\/1"}],"replies":[{"embeddable":true,"href":"https:\/\/animatsuri.eu\/2023\/index.php?rest_route=%2Fwp%2Fv2%2Fcomments&post=254"}],"version-history":[{"count":56,"href":"https:\/\/animatsuri.eu\/2023\/index.php?rest_route=\/wp\/v2\/pages\/254\/revisions"}],"predecessor-version":[{"id":4072,"href":"https:\/\/animatsuri.eu\/2023\/index.php?rest_route=\/wp\/v2\/pages\/254\/revisions\/4072"}],"wp:attachment":[{"href":"https:\/\/animatsuri.eu\/2023\/index.php?rest_route=%2Fwp%2Fv2%2Fmedia&parent=254"}],"curies":[{"name":"wp","href":"https:\/\/api.w.org\/{rel}","templated":true}]}}