{"id":3413,"date":"2023-11-27T22:56:07","date_gmt":"2023-11-27T20:56:07","guid":{"rendered":"https:\/\/animatsuri.eu\/2023\/?page_id=3413"},"modified":"2023-11-28T11:44:45","modified_gmt":"2023-11-28T09:44:45","slug":"jaapani-turg","status":"publish","type":"page","link":"https:\/\/animatsuri.eu\/2023\/?page_id=3413","title":{"rendered":"M\u00fc\u00fcgiletid"},"content":{"rendered":"\t\t<div data-elementor-type=\"wp-page\" data-elementor-id=\"3413\" class=\"elementor elementor-3413\">\n\t\t\t\t\t\t<section class=\"elementor-section elementor-top-section elementor-element elementor-element-459d6e89 elementor-section-full_width elementor-section-stretched elementor-section-height-default elementor-section-height-default\" data-id=\"459d6e89\" data-element_type=\"section\" data-settings=\"{&quot;stretch_section&quot;:&quot;section-stretched&quot;}\">\n\t\t\t\t\t\t<div class=\"elementor-container elementor-column-gap-no\">\n\t\t\t\t\t<div class=\"elementor-column elementor-col-100 elementor-top-column elementor-element elementor-element-765fcb0b\" data-id=\"765fcb0b\" data-element_type=\"column\">\n\t\t\t<div class=\"elementor-widget-wrap elementor-element-populated\">\n\t\t\t\t\t\t<div class=\"elementor-element elementor-element-52f0d9d3 elementor-widget__width-inherit elementor-widget elementor-widget-image\" data-id=\"52f0d9d3\" data-element_type=\"widget\" data-widget_type=\"image.default\">\n\t\t\t\t<div class=\"elementor-widget-container\">\n\t\t\t<style>\/*! elementor - v3.20.0 - 26-03-2024 *\/\n.elementor-widget-image{text-align:center}.elementor-widget-image a{display:inline-block}.elementor-widget-image a img[src$=\".svg\"]{width:48px}.elementor-widget-image img{vertical-align:middle;display:inline-block}<\/style>\t\t\t\t\t\t\t\t\t\t<img fetchpriority=\"high\" decoding=\"async\" width=\"1920\" height=\"533\" src=\"https:\/\/animatsuri.eu\/2023\/wp-content\/uploads\/2023\/11\/poed.png\" class=\"attachment-full size-full wp-image-3421\" alt=\"\" srcset=\"https:\/\/animatsuri.eu\/2023\/wp-content\/uploads\/2023\/11\/poed.png 1920w, https:\/\/animatsuri.eu\/2023\/wp-content\/uploads\/2023\/11\/poed-300x83.png 300w, https:\/\/animatsuri.eu\/2023\/wp-content\/uploads\/2023\/11\/poed-1024x284.png 1024w, https:\/\/animatsuri.eu\/2023\/wp-content\/uploads\/2023\/11\/poed-768x213.png 768w, https:\/\/animatsuri.eu\/2023\/wp-content\/uploads\/2023\/11\/poed-1536x426.png 1536w, https:\/\/animatsuri.eu\/2023\/wp-content\/uploads\/2023\/11\/poed-1200x333.png 1200w\" sizes=\"(max-width: 1920px) 100vw, 1920px\" \/>\t\t\t\t\t\t\t\t\t\t\t\t\t<\/div>\n\t\t\t\t<\/div>\n\t\t\t\t\t<\/div>\n\t\t<\/div>\n\t\t\t\t\t<\/div>\n\t\t<\/section>\n\t\t\t\t<section class=\"elementor-section elementor-top-section elementor-element elementor-element-6a092f48 elementor-section-boxed elementor-section-height-default elementor-section-height-default\" data-id=\"6a092f48\" data-element_type=\"section\">\n\t\t\t\t\t\t<div class=\"elementor-container elementor-column-gap-default\">\n\t\t\t\t\t<div class=\"elementor-column elementor-col-100 elementor-top-column elementor-element elementor-element-796f8f30\" data-id=\"796f8f30\" data-element_type=\"column\">\n\t\t\t<div class=\"elementor-widget-wrap elementor-element-populated\">\n\t\t\t\t\t\t<div class=\"elementor-element elementor-element-360ceed elementor-widget__width-auto elementor-widget elementor-widget-text-editor\" data-id=\"360ceed\" data-element_type=\"widget\" data-widget_type=\"text-editor.default\">\n\t\t\t\t<div class=\"elementor-widget-container\">\n\t\t\t<style>\/*! elementor - v3.20.0 - 26-03-2024 *\/\n.elementor-widget-text-editor.elementor-drop-cap-view-stacked .elementor-drop-cap{background-color:#69727d;color:#fff}.elementor-widget-text-editor.elementor-drop-cap-view-framed .elementor-drop-cap{color:#69727d;border:3px solid;background-color:transparent}.elementor-widget-text-editor:not(.elementor-drop-cap-view-default) .elementor-drop-cap{margin-top:8px}.elementor-widget-text-editor:not(.elementor-drop-cap-view-default) .elementor-drop-cap-letter{width:1em;height:1em}.elementor-widget-text-editor .elementor-drop-cap{float:left;text-align:center;line-height:1;font-size:50px}.elementor-widget-text-editor .elementor-drop-cap-letter{display:inline-block}<\/style>\t\t\t\t<header class=\"entry-header\"><div class=\"entry-cover\"><div class=\"entry-info\"><div class=\"inner-wrap\"><h1 class=\"entry-title\">M\u00fc\u00fcgiletid<\/h1><p><a href=\"http:\/\/www.animeshop.lt\/index.php?\">Animeshop.lt<\/a><\/p><p>Animeshop.lt on ennegi AniMatsurit k\u00fclastanud ja meil on hea meel, et ka sel aastal on nende m\u00fc\u00fcgilett kohal. Animeshop.lt on Leedust p\u00e4rit anime e-pood, mis alustas oma tegevust aastal 2008. Kaubavalikus on erinevad aksessuaarid, animepostrid, DVD-d ja meened. Nende k\u00e4est saab ka erinevaid Jaapani maiustusi ja nuudleid.<\/p><\/div><p><a href=\"http:\/\/komikslandia.pl\/\">Komikslandia<\/a><\/p><p>Poolast p\u00e4rit animepood v\u00f5tab ette reisi Eestisse AniMatsurile, et tutvustada oma valikut. Seekord v\u00f5etakse kaasa erinevad animepostrid, -s\u00e4rgid, -ripatsid ja palju muud. Komikslandia on Poolas tuntud ja k\u00f5ige suurem animepood.<\/p><p><img decoding=\"async\" class=\"alignnone wp-image-3422 size-medium\" src=\"https:\/\/animatsuri.eu\/2023\/wp-content\/uploads\/2023\/11\/Red-Panda-01-01-300x300.png\" alt=\"\" width=\"300\" height=\"300\" srcset=\"https:\/\/animatsuri.eu\/2023\/wp-content\/uploads\/2023\/11\/Red-Panda-01-01-300x300.png 300w, https:\/\/animatsuri.eu\/2023\/wp-content\/uploads\/2023\/11\/Red-Panda-01-01-1024x1024.png 1024w, https:\/\/animatsuri.eu\/2023\/wp-content\/uploads\/2023\/11\/Red-Panda-01-01-150x150.png 150w, https:\/\/animatsuri.eu\/2023\/wp-content\/uploads\/2023\/11\/Red-Panda-01-01-768x768.png 768w, https:\/\/animatsuri.eu\/2023\/wp-content\/uploads\/2023\/11\/Red-Panda-01-01-1536x1536.png 1536w, https:\/\/animatsuri.eu\/2023\/wp-content\/uploads\/2023\/11\/Red-Panda-01-01-2048x2048.png 2048w, https:\/\/animatsuri.eu\/2023\/wp-content\/uploads\/2023\/11\/Red-Panda-01-01-1200x1200.png 1200w, https:\/\/animatsuri.eu\/2023\/wp-content\/uploads\/2023\/11\/Red-Panda-01-01-1980x1980.png 1980w\" sizes=\"(max-width: 300px) 100vw, 300px\" \/><\/p><\/div><p><a href=\"https:\/\/redpandashop.eu\/\">Red Panda<\/a><\/p><p>Red Panda pakub laia valikut anime\/manga vidinaid ja kaupa, n\u00e4iteks s\u00e4rke, kujusid, m\u00e4rke, postreid, v\u00f5tmehoidjaid, cosplay tarvikuid ja muud. Tule meie m\u00fc\u00fcgileti juurde ja kae ise j\u00e4rele!<\/p><\/div><\/header>\t\t\t\t\t\t<\/div>\n\t\t\t\t<\/div>\n\t\t\t\t\t<\/div>\n\t\t<\/div>\n\t\t\t\t\t<\/div>\n\t\t<\/section>\n\t\t\t\t<\/div>\n\t\t","protected":false},"excerpt":{"rendered":"<p>M\u00fc\u00fcgiletid Animeshop.lt Animeshop.lt on ennegi AniMatsurit k\u00fclastanud ja meil on hea meel, et ka sel aastal on nende m\u00fc\u00fcgilett kohal. Animeshop.lt on Leedust p\u00e4rit anime e-pood, mis alustas oma tegevust aastal 2008. Kaubavalikus on erinevad aksessuaarid, animepostrid, DVD-d ja meened. Nende k\u00e4est saab ka erinevaid Jaapani maiustusi ja nuudleid. Komikslandia Poolast p\u00e4rit animepood v\u00f5tab ette [&hellip;]<\/p>\n","protected":false},"author":3,"featured_media":0,"parent":0,"menu_order":0,"comment_status":"closed","ping_status":"closed","template":"elementor_header_footer","meta":{"footnotes":""},"_links":{"self":[{"href":"https:\/\/animatsuri.eu\/2023\/index.php?rest_route=\/wp\/v2\/pages\/3413"}],"collection":[{"href":"https:\/\/animatsuri.eu\/2023\/index.php?rest_route=\/wp\/v2\/pages"}],"about":[{"href":"https:\/\/animatsuri.eu\/2023\/index.php?rest_route=\/wp\/v2\/types\/page"}],"author":[{"embeddable":true,"href":"https:\/\/animatsuri.eu\/2023\/index.php?rest_route=\/wp\/v2\/users\/3"}],"replies":[{"embeddable":true,"href":"https:\/\/animatsuri.eu\/2023\/index.php?rest_route=%2Fwp%2Fv2%2Fcomments&post=3413"}],"version-history":[{"count":22,"href":"https:\/\/animatsuri.eu\/2023\/index.php?rest_route=\/wp\/v2\/pages\/3413\/revisions"}],"predecessor-version":[{"id":3473,"href":"https:\/\/animatsuri.eu\/2023\/index.php?rest_route=\/wp\/v2\/pages\/3413\/revisions\/3473"}],"wp:attachment":[{"href":"https:\/\/animatsuri.eu\/2023\/index.php?rest_route=%2Fwp%2Fv2%2Fmedia&parent=3413"}],"curies":[{"name":"wp","href":"https:\/\/api.w.org\/{rel}","templated":true}]}}