{"id":3432,"date":"2023-11-28T09:52:12","date_gmt":"2023-11-28T07:52:12","guid":{"rendered":"https:\/\/animatsuri.eu\/2023\/?page_id=3432"},"modified":"2023-12-01T17:30:27","modified_gmt":"2023-12-01T15:30:27","slug":"afterparty","status":"publish","type":"page","link":"https:\/\/animatsuri.eu\/2023\/?page_id=3432","title":{"rendered":"Afterparty"},"content":{"rendered":"\t\t<div data-elementor-type=\"wp-page\" data-elementor-id=\"3432\" class=\"elementor elementor-3432\">\n\t\t\t\t\t\t<section class=\"elementor-section elementor-top-section elementor-element elementor-element-59ba8f1c elementor-section-boxed elementor-section-height-default elementor-section-height-default\" data-id=\"59ba8f1c\" data-element_type=\"section\" data-settings=\"{&quot;background_background&quot;:&quot;classic&quot;}\">\n\t\t\t\t\t\t<div class=\"elementor-container elementor-column-gap-default\">\n\t\t\t\t\t<div class=\"elementor-column elementor-col-100 elementor-top-column elementor-element elementor-element-75267cb4\" data-id=\"75267cb4\" data-element_type=\"column\">\n\t\t\t<div class=\"elementor-widget-wrap elementor-element-populated\">\n\t\t\t\t\t\t<div class=\"elementor-element elementor-element-2e3f228 elementor-widget elementor-widget-spacer\" data-id=\"2e3f228\" data-element_type=\"widget\" data-widget_type=\"spacer.default\">\n\t\t\t\t<div class=\"elementor-widget-container\">\n\t\t\t<style>\/*! elementor - v3.20.0 - 26-03-2024 *\/\n.elementor-column .elementor-spacer-inner{height:var(--spacer-size)}.e-con{--container-widget-width:100%}.e-con-inner>.elementor-widget-spacer,.e-con>.elementor-widget-spacer{width:var(--container-widget-width,var(--spacer-size));--align-self:var(--container-widget-align-self,initial);--flex-shrink:0}.e-con-inner>.elementor-widget-spacer>.elementor-widget-container,.e-con>.elementor-widget-spacer>.elementor-widget-container{height:100%;width:100%}.e-con-inner>.elementor-widget-spacer>.elementor-widget-container>.elementor-spacer,.e-con>.elementor-widget-spacer>.elementor-widget-container>.elementor-spacer{height:100%}.e-con-inner>.elementor-widget-spacer>.elementor-widget-container>.elementor-spacer>.elementor-spacer-inner,.e-con>.elementor-widget-spacer>.elementor-widget-container>.elementor-spacer>.elementor-spacer-inner{height:var(--container-widget-height,var(--spacer-size))}.e-con-inner>.elementor-widget-spacer.elementor-widget-empty,.e-con>.elementor-widget-spacer.elementor-widget-empty{position:relative;min-height:22px;min-width:22px}.e-con-inner>.elementor-widget-spacer.elementor-widget-empty .elementor-widget-empty-icon,.e-con>.elementor-widget-spacer.elementor-widget-empty .elementor-widget-empty-icon{position:absolute;top:0;bottom:0;left:0;right:0;margin:auto;padding:0;width:22px;height:22px}<\/style>\t\t<div class=\"elementor-spacer\">\n\t\t\t<div class=\"elementor-spacer-inner\"><\/div>\n\t\t<\/div>\n\t\t\t\t<\/div>\n\t\t\t\t<\/div>\n\t\t\t\t\t<\/div>\n\t\t<\/div>\n\t\t\t\t\t<\/div>\n\t\t<\/section>\n\t\t\t\t<section class=\"elementor-section elementor-top-section elementor-element elementor-element-2408ef0e elementor-section-boxed elementor-section-height-default elementor-section-height-default\" data-id=\"2408ef0e\" data-element_type=\"section\">\n\t\t\t\t\t\t<div class=\"elementor-container elementor-column-gap-default\">\n\t\t\t\t\t<div class=\"elementor-column elementor-col-100 elementor-top-column elementor-element elementor-element-2d29f12c\" data-id=\"2d29f12c\" data-element_type=\"column\">\n\t\t\t<div class=\"elementor-widget-wrap elementor-element-populated\">\n\t\t\t\t\t\t<div class=\"elementor-element elementor-element-1a603fbe elementor-widget__width-auto elementor-widget elementor-widget-text-editor\" data-id=\"1a603fbe\" data-element_type=\"widget\" data-widget_type=\"text-editor.default\">\n\t\t\t\t<div class=\"elementor-widget-container\">\n\t\t\t<style>\/*! elementor - v3.20.0 - 26-03-2024 *\/\n.elementor-widget-text-editor.elementor-drop-cap-view-stacked .elementor-drop-cap{background-color:#69727d;color:#fff}.elementor-widget-text-editor.elementor-drop-cap-view-framed .elementor-drop-cap{color:#69727d;border:3px solid;background-color:transparent}.elementor-widget-text-editor:not(.elementor-drop-cap-view-default) .elementor-drop-cap{margin-top:8px}.elementor-widget-text-editor:not(.elementor-drop-cap-view-default) .elementor-drop-cap-letter{width:1em;height:1em}.elementor-widget-text-editor .elementor-drop-cap{float:left;text-align:center;line-height:1;font-size:50px}.elementor-widget-text-editor .elementor-drop-cap-letter{display:inline-block}<\/style>\t\t\t\t<header class=\"entry-header\">\n<div class=\"entry-cover\">\n<div class=\"entry-info\">\n<div class=\"inner-wrap\">\n<h1 class=\"entry-title\">Afterparty<\/h1>\n<p>AniMatsuri 2023 esimene p\u00e4ev l\u00f5ppeb peoga Klubi Gutenbergis (endine Erinevate Tubade klubi), mis asub Aparaaditehases. M\u00f5nusad diivanid kutsuvad teid \u00f5htuks nautima hunnikut erinevaid l\u00f5busaid m\u00e4nge ja vaheldusrikast suhtlemist teiste festivali k\u00fclastajatega. P\u00e4rast p\u00f5nevat sotsialiseerumist on v\u00f5imalik vihtuda tantsu \u00e4geda muusika saatel.<\/p>\n<p>Kus: Klubi Gutenberg (Aparaaditehas, Kastani 42; hoovist uks number 7 ja trepist \u00fcles neljandale korrusele)<br>Mis kell: uksed lahti kell 20.00, programm algab kell 21.00<\/p>\n<p>Palju maksab:<\/p>\n<ul>\n<li>7\u20ac ilma AniMatsuri k\u00e4epaelata<\/li>\n<li>5\u20ac AniMatsuri k\u00e4epaelaga<\/li>\n<li>AniMatsuri toetajapiletiga tasuta<\/li>\n<\/ul>\n<p><strong>Piletim\u00fc\u00fck toimub sulas!<\/strong><\/p>\n<p>Kohapeal on olemas valveta garderoob. V\u00e4\u00e4rtasju mitte taskusse j\u00e4tta.<\/p>\n<p>Janu korral v\u00f5imalus soetada mittealkohoolseid ja alkohoolseid jooke baarist. Kui aga k\u00f5ht peaks t\u00fchi olema, siis enne peole tulekut soovitame kindlasti k\u00fclastada m\u00f5nda Aparaaditehases asuvat maitsvat restorani. Infot nende kohta leiab SIIT.<\/p>\n<p>Piletit ostes ole valmis oma dokumenti n\u00e4itama. Peole on lubatud tulla ka neil, kes on alaealised, k\u00fcll aga peab neil olema alates kell 23.00 t\u00e4iskasvanud saatja.<\/p>\n<p>Peol n\u00e4eme!<\/p>\n<\/div>\n<\/div>\n<\/div>\n<\/header>\t\t\t\t\t\t<\/div>\n\t\t\t\t<\/div>\n\t\t\t\t\t<\/div>\n\t\t<\/div>\n\t\t\t\t\t<\/div>\n\t\t<\/section>\n\t\t\t\t<\/div>\n\t\t","protected":false},"excerpt":{"rendered":"<p>Afterparty AniMatsuri 2023 esimene p\u00e4ev l\u00f5ppeb peoga Klubi Gutenbergis (endine Erinevate Tubade klubi), mis asub Aparaaditehases. M\u00f5nusad diivanid kutsuvad teid \u00f5htuks nautima hunnikut erinevaid l\u00f5busaid m\u00e4nge ja vaheldusrikast suhtlemist teiste festivali k\u00fclastajatega. P\u00e4rast p\u00f5nevat sotsialiseerumist on v\u00f5imalik vihtuda tantsu \u00e4geda muusika saatel. Kus: Klubi Gutenberg (Aparaaditehas, Kastani 42; hoovist uks number 7 ja trepist \u00fcles [&hellip;]<\/p>\n","protected":false},"author":3,"featured_media":0,"parent":0,"menu_order":0,"comment_status":"closed","ping_status":"closed","template":"elementor_header_footer","meta":{"footnotes":""},"_links":{"self":[{"href":"https:\/\/animatsuri.eu\/2023\/index.php?rest_route=\/wp\/v2\/pages\/3432"}],"collection":[{"href":"https:\/\/animatsuri.eu\/2023\/index.php?rest_route=\/wp\/v2\/pages"}],"about":[{"href":"https:\/\/animatsuri.eu\/2023\/index.php?rest_route=\/wp\/v2\/types\/page"}],"author":[{"embeddable":true,"href":"https:\/\/animatsuri.eu\/2023\/index.php?rest_route=\/wp\/v2\/users\/3"}],"replies":[{"embeddable":true,"href":"https:\/\/animatsuri.eu\/2023\/index.php?rest_route=%2Fwp%2Fv2%2Fcomments&post=3432"}],"version-history":[{"count":18,"href":"https:\/\/animatsuri.eu\/2023\/index.php?rest_route=\/wp\/v2\/pages\/3432\/revisions"}],"predecessor-version":[{"id":3897,"href":"https:\/\/animatsuri.eu\/2023\/index.php?rest_route=\/wp\/v2\/pages\/3432\/revisions\/3897"}],"wp:attachment":[{"href":"https:\/\/animatsuri.eu\/2023\/index.php?rest_route=%2Fwp%2Fv2%2Fmedia&parent=3432"}],"curies":[{"name":"wp","href":"https:\/\/api.w.org\/{rel}","templated":true}]}}