{"id":3861,"date":"2023-12-01T16:00:12","date_gmt":"2023-12-01T14:00:12","guid":{"rendered":"https:\/\/animatsuri.eu\/2023\/?page_id=3861"},"modified":"2023-12-01T16:07:58","modified_gmt":"2023-12-01T14:07:58","slug":"riietusruum","status":"publish","type":"page","link":"https:\/\/animatsuri.eu\/2023\/?page_id=3861","title":{"rendered":"Riietusruum"},"content":{"rendered":"\t\t<div data-elementor-type=\"wp-page\" data-elementor-id=\"3861\" class=\"elementor elementor-3861\">\n\t\t\t\t\t\t<section class=\"elementor-section elementor-top-section elementor-element elementor-element-7c7dd150 elementor-section-full_width elementor-section-stretched elementor-section-height-default elementor-section-height-default\" data-id=\"7c7dd150\" data-element_type=\"section\" data-settings=\"{&quot;stretch_section&quot;:&quot;section-stretched&quot;}\">\n\t\t\t\t\t\t<div class=\"elementor-container elementor-column-gap-no\">\n\t\t\t\t\t<div class=\"elementor-column elementor-col-100 elementor-top-column elementor-element elementor-element-55676a85\" data-id=\"55676a85\" data-element_type=\"column\">\n\t\t\t<div class=\"elementor-widget-wrap elementor-element-populated\">\n\t\t\t\t\t\t<div class=\"elementor-element elementor-element-2c8870bd elementor-widget__width-inherit elementor-widget elementor-widget-image\" data-id=\"2c8870bd\" data-element_type=\"widget\" data-widget_type=\"image.default\">\n\t\t\t\t<div class=\"elementor-widget-container\">\n\t\t\t<style>\/*! elementor - v3.20.0 - 26-03-2024 *\/\n.elementor-widget-image{text-align:center}.elementor-widget-image a{display:inline-block}.elementor-widget-image a img[src$=\".svg\"]{width:48px}.elementor-widget-image img{vertical-align:middle;display:inline-block}<\/style>\t\t\t\t\t\t\t\t\t\t<img fetchpriority=\"high\" decoding=\"async\" width=\"1920\" height=\"533\" src=\"https:\/\/animatsuri.eu\/2023\/wp-content\/uploads\/2023\/11\/cosplayvoistlus.png\" class=\"attachment-full size-full wp-image-1838\" alt=\"\" srcset=\"https:\/\/animatsuri.eu\/2023\/wp-content\/uploads\/2023\/11\/cosplayvoistlus.png 1920w, https:\/\/animatsuri.eu\/2023\/wp-content\/uploads\/2023\/11\/cosplayvoistlus-300x83.png 300w, https:\/\/animatsuri.eu\/2023\/wp-content\/uploads\/2023\/11\/cosplayvoistlus-1024x284.png 1024w, https:\/\/animatsuri.eu\/2023\/wp-content\/uploads\/2023\/11\/cosplayvoistlus-768x213.png 768w, https:\/\/animatsuri.eu\/2023\/wp-content\/uploads\/2023\/11\/cosplayvoistlus-1536x426.png 1536w, https:\/\/animatsuri.eu\/2023\/wp-content\/uploads\/2023\/11\/cosplayvoistlus-1200x333.png 1200w\" sizes=\"(max-width: 1920px) 100vw, 1920px\" \/>\t\t\t\t\t\t\t\t\t\t\t\t\t<\/div>\n\t\t\t\t<\/div>\n\t\t\t\t\t<\/div>\n\t\t<\/div>\n\t\t\t\t\t<\/div>\n\t\t<\/section>\n\t\t\t\t<section class=\"elementor-section elementor-top-section elementor-element elementor-element-5c51f5ad elementor-section-boxed elementor-section-height-default elementor-section-height-default\" data-id=\"5c51f5ad\" data-element_type=\"section\">\n\t\t\t\t\t\t<div class=\"elementor-container elementor-column-gap-default\">\n\t\t\t\t\t<div class=\"elementor-column elementor-col-100 elementor-top-column elementor-element elementor-element-6fa32cf1\" data-id=\"6fa32cf1\" data-element_type=\"column\">\n\t\t\t<div class=\"elementor-widget-wrap elementor-element-populated\">\n\t\t\t\t\t\t<div class=\"elementor-element elementor-element-1e80ad71 elementor-widget__width-auto elementor-widget elementor-widget-text-editor\" data-id=\"1e80ad71\" data-element_type=\"widget\" data-widget_type=\"text-editor.default\">\n\t\t\t\t<div class=\"elementor-widget-container\">\n\t\t\t<style>\/*! elementor - v3.20.0 - 26-03-2024 *\/\n.elementor-widget-text-editor.elementor-drop-cap-view-stacked .elementor-drop-cap{background-color:#69727d;color:#fff}.elementor-widget-text-editor.elementor-drop-cap-view-framed .elementor-drop-cap{color:#69727d;border:3px solid;background-color:transparent}.elementor-widget-text-editor:not(.elementor-drop-cap-view-default) .elementor-drop-cap{margin-top:8px}.elementor-widget-text-editor:not(.elementor-drop-cap-view-default) .elementor-drop-cap-letter{width:1em;height:1em}.elementor-widget-text-editor .elementor-drop-cap{float:left;text-align:center;line-height:1;font-size:50px}.elementor-widget-text-editor .elementor-drop-cap-letter{display:inline-block}<\/style>\t\t\t\t<header class=\"entry-header\"><div class=\"entry-cover\"><div class=\"entry-info\"><div class=\"inner-wrap\"><h1 class=\"entry-title\">Riietusruum<\/h1><div>\u00a0<\/div><p>Kuna festival toimub k\u00e4esoleval aastal talvel ning v\u00e4ljas on rohkelt lund ja ka natuke k\u00fclmakraade, siis anname \u00fche klassiruumi nende inimeste kasutusse, kelle cosplay ei kannata praeguse ilmaga v\u00e4ljas liikumist. <\/p><p>\u00a0<\/p><\/div><div class=\"inner-wrap\"><p>Esimesel korrusel vasakus tiivas saab olema klassiruum, mis on m\u00f5eldud just selle jaoks. Tegu on valveta klassiruumiga ehk \u00e4ra j\u00e4ta oma asju sinna. Vahetatud riided v\u00f5ib kotiga viia garderoobi.<\/p><p>\u00a0<\/p><p>Ruumis ei ole seinaga eraldatud alasid, seega kui kost\u00fc\u00fcm vajab rohkemat riiete \u00e4rav\u00f5tmist, on esimesel korrusel paremas tiivas olemas WC (korruseplaan <a href=\"https:\/\/animatsuri.eu\/2023\/?page_id=486\">SIIN<\/a>). Klassiruumis on olemas lauad, toolid, m\u00f5ned peeglid, pistikupesad ja v\u00e4ikese cosplay kriisikarp (niit, n\u00f5el, liimip\u00fcstol).<\/p><\/div><\/div><\/div><\/header>\t\t\t\t\t\t<\/div>\n\t\t\t\t<\/div>\n\t\t\t\t\t<\/div>\n\t\t<\/div>\n\t\t\t\t\t<\/div>\n\t\t<\/section>\n\t\t\t\t<\/div>\n\t\t","protected":false},"excerpt":{"rendered":"<p>Riietusruum \u00a0 Kuna festival toimub k\u00e4esoleval aastal talvel ning v\u00e4ljas on rohkelt lund ja ka natuke k\u00fclmakraade, siis anname \u00fche klassiruumi nende inimeste kasutusse, kelle cosplay ei kannata praeguse ilmaga v\u00e4ljas liikumist. \u00a0 Esimesel korrusel vasakus tiivas saab olema klassiruum, mis on m\u00f5eldud just selle jaoks. Tegu on valveta klassiruumiga ehk \u00e4ra j\u00e4ta oma asju [&hellip;]<\/p>\n","protected":false},"author":3,"featured_media":0,"parent":0,"menu_order":0,"comment_status":"closed","ping_status":"closed","template":"elementor_header_footer","meta":{"footnotes":""},"_links":{"self":[{"href":"https:\/\/animatsuri.eu\/2023\/index.php?rest_route=\/wp\/v2\/pages\/3861"}],"collection":[{"href":"https:\/\/animatsuri.eu\/2023\/index.php?rest_route=\/wp\/v2\/pages"}],"about":[{"href":"https:\/\/animatsuri.eu\/2023\/index.php?rest_route=\/wp\/v2\/types\/page"}],"author":[{"embeddable":true,"href":"https:\/\/animatsuri.eu\/2023\/index.php?rest_route=\/wp\/v2\/users\/3"}],"replies":[{"embeddable":true,"href":"https:\/\/animatsuri.eu\/2023\/index.php?rest_route=%2Fwp%2Fv2%2Fcomments&post=3861"}],"version-history":[{"count":16,"href":"https:\/\/animatsuri.eu\/2023\/index.php?rest_route=\/wp\/v2\/pages\/3861\/revisions"}],"predecessor-version":[{"id":3885,"href":"https:\/\/animatsuri.eu\/2023\/index.php?rest_route=\/wp\/v2\/pages\/3861\/revisions\/3885"}],"wp:attachment":[{"href":"https:\/\/animatsuri.eu\/2023\/index.php?rest_route=%2Fwp%2Fv2%2Fmedia&parent=3861"}],"curies":[{"name":"wp","href":"https:\/\/api.w.org\/{rel}","templated":true}]}}