{"id":1158,"date":"2024-06-16T18:45:24","date_gmt":"2024-06-16T16:45:24","guid":{"rendered":"https:\/\/animatsuri.eu\/2024\/?page_id=1158"},"modified":"2024-06-16T18:45:24","modified_gmt":"2024-06-16T16:45:24","slug":"lauamangud-2","status":"publish","type":"page","link":"https:\/\/animatsuri.eu\/2024\/lauamangud-2\/","title":{"rendered":"Lauam\u00e4ngud"},"content":{"rendered":"\n<p>AniMatsuri traditsiooniliseks osaks on lauam\u00e4ngud ning ka sel aastal on k\u00fclastajatel v\u00f5imalus koos teiste k\u00fclastajatega natukeseks maha istuda ja aju ragistada. M\u00e4ngimiseks saavad olema kolm Jaapanis populaarset lauam\u00e4ngu.<\/p>\n\n\n\n<h5 class=\"wp-block-heading\"><strong>Go<\/strong><\/h5>\n\n\n\n<p>Go on kahele inimese m\u00f5eldud strateegiline lauam\u00e4ng Hiinast. Seda peetakse vanimaks t\u00e4nap\u00e4evani m\u00e4ngitavaks lauam\u00e4nguks. Go eesm\u00e4rk on h\u00f5ivata vastasest suurem territoorium. See lauam\u00e4ng on k\u00f5ige populaarsem Aasias, eriti Jaapanis, Hiinas, Koreas ja Taiwanis.<\/p>\n\n\n\n<h5 class=\"wp-block-heading\"><strong>Mahjong<\/strong><\/h5>\n\n\n\n<p>Mahjong on Hiinas v\u00e4lja t\u00f6\u00f6tatud klotsip\u00f5hine m\u00e4ng. See on m\u00f5eldud neljale m\u00e4ngijale ja seda m\u00e4ngitakse 144 klotsiga. Igal m\u00e4ngijal on k\u00e4es 13 klotsi ning nad v\u00f5tavad ja panevad klotse \u00e4ra, kuni \u00fchel m\u00e4ngijatest \u00f5nnestub saada 14 klotsiga v\u00f5iduk\u00e4e. Mahjong on eriti populaarne Aasia riikides ja sellest on saanud \u00fcldlevinud online-meelelahutus.<\/p>\n\n\n\n<h5 class=\"wp-block-heading\"><strong>Shogi<\/strong><\/h5>\n\n\n\n<p>Shogi, tuntud ka kui Jaapani male, on strateegiline lauam\u00e4ng kahele inimesele. See on \u00fcks populaarsemaid m\u00e4nge Jaapanis. M\u00e4ngu eesm\u00e4rk on vastase kuningas saada matiseisu. \u201cShogi\u201d t\u00e4hendab \u201ckindralite m\u00e4ng\u201d.<\/p>\n","protected":false},"excerpt":{"rendered":"<p>AniMatsuri traditsiooniliseks osaks on lauam\u00e4ngud ning ka sel aastal on k\u00fclastajatel v\u00f5imalus koos teiste k\u00fclastajatega natukeseks maha istuda ja aju ragistada. M\u00e4ngimiseks saavad olema kolm Jaapanis populaarset lauam\u00e4ngu. Go Go on kahele inimese m\u00f5eldud strateegiline lauam\u00e4ng Hiinast. Seda peetakse vanimaks t\u00e4nap\u00e4evani m\u00e4ngitavaks lauam\u00e4nguks. Go eesm\u00e4rk on h\u00f5ivata vastasest suurem territoorium. See lauam\u00e4ng on k\u00f5ige populaarsem [&hellip;]<\/p>\n","protected":false},"author":2,"featured_media":197,"parent":0,"menu_order":0,"comment_status":"closed","ping_status":"closed","template":"","meta":{"footnotes":""},"_links":{"self":[{"href":"https:\/\/animatsuri.eu\/2024\/wp-json\/wp\/v2\/pages\/1158"}],"collection":[{"href":"https:\/\/animatsuri.eu\/2024\/wp-json\/wp\/v2\/pages"}],"about":[{"href":"https:\/\/animatsuri.eu\/2024\/wp-json\/wp\/v2\/types\/page"}],"author":[{"embeddable":true,"href":"https:\/\/animatsuri.eu\/2024\/wp-json\/wp\/v2\/users\/2"}],"replies":[{"embeddable":true,"href":"https:\/\/animatsuri.eu\/2024\/wp-json\/wp\/v2\/comments?post=1158"}],"version-history":[{"count":1,"href":"https:\/\/animatsuri.eu\/2024\/wp-json\/wp\/v2\/pages\/1158\/revisions"}],"predecessor-version":[{"id":1159,"href":"https:\/\/animatsuri.eu\/2024\/wp-json\/wp\/v2\/pages\/1158\/revisions\/1159"}],"wp:featuredmedia":[{"embeddable":true,"href":"https:\/\/animatsuri.eu\/2024\/wp-json\/wp\/v2\/media\/197"}],"wp:attachment":[{"href":"https:\/\/animatsuri.eu\/2024\/wp-json\/wp\/v2\/media?parent=1158"}],"curies":[{"name":"wp","href":"https:\/\/api.w.org\/{rel}","templated":true}]}}