{"id":1162,"date":"2024-06-16T18:48:07","date_gmt":"2024-06-16T16:48:07","guid":{"rendered":"https:\/\/animatsuri.eu\/2024\/?page_id=1162"},"modified":"2024-07-03T18:34:36","modified_gmt":"2024-07-03T16:34:36","slug":"diy-tuba-2","status":"publish","type":"page","link":"https:\/\/animatsuri.eu\/2024\/diy-tuba-2\/","title":{"rendered":"DIY tuba"},"content":{"rendered":"\n<p>Leiad end festivali ajal igavlemas ja n\u00e4pud kihelevad midagi meisterdama? Astu l\u00e4bi DIY toast \u2013 eraldi ruum m\u00f5eldud just neile, kes soovivad vaba aega sisustada millegi kallal nokitsemisega.<\/p>\n\n\n\n<p>Tule valmista endale kassik\u00f5rvu ja -k\u00e4ppi, Mizuhiki s\u00f5lmesid, <em>omamori<\/em>sid (<em>lucky charm<\/em>), Totoro <em>plushie<\/em>sid ja jaapaniteemaliste templitega kaarte\/pakkepabereid. V\u00f5imalus on ka lihtsalt istuda ning joonistada v\u00f5i voltida <em>origami<\/em>t. Juhendamine kohapeal on nii eesti kui ka inglise keeles.<\/p>\n","protected":false},"excerpt":{"rendered":"<p>Leiad end festivali ajal igavlemas ja n\u00e4pud kihelevad midagi meisterdama? Astu l\u00e4bi DIY toast \u2013 eraldi ruum m\u00f5eldud just neile, kes soovivad vaba aega sisustada millegi kallal nokitsemisega. Tule valmista endale kassik\u00f5rvu ja -k\u00e4ppi, Mizuhiki s\u00f5lmesid, omamorisid (lucky charm), Totoro plushiesid ja jaapaniteemaliste templitega kaarte\/pakkepabereid. V\u00f5imalus on ka lihtsalt istuda ning joonistada v\u00f5i voltida origamit. [&hellip;]<\/p>\n","protected":false},"author":2,"featured_media":201,"parent":0,"menu_order":0,"comment_status":"closed","ping_status":"closed","template":"","meta":{"footnotes":""},"_links":{"self":[{"href":"https:\/\/animatsuri.eu\/2024\/wp-json\/wp\/v2\/pages\/1162"}],"collection":[{"href":"https:\/\/animatsuri.eu\/2024\/wp-json\/wp\/v2\/pages"}],"about":[{"href":"https:\/\/animatsuri.eu\/2024\/wp-json\/wp\/v2\/types\/page"}],"author":[{"embeddable":true,"href":"https:\/\/animatsuri.eu\/2024\/wp-json\/wp\/v2\/users\/2"}],"replies":[{"embeddable":true,"href":"https:\/\/animatsuri.eu\/2024\/wp-json\/wp\/v2\/comments?post=1162"}],"version-history":[{"count":2,"href":"https:\/\/animatsuri.eu\/2024\/wp-json\/wp\/v2\/pages\/1162\/revisions"}],"predecessor-version":[{"id":1320,"href":"https:\/\/animatsuri.eu\/2024\/wp-json\/wp\/v2\/pages\/1162\/revisions\/1320"}],"wp:featuredmedia":[{"embeddable":true,"href":"https:\/\/animatsuri.eu\/2024\/wp-json\/wp\/v2\/media\/201"}],"wp:attachment":[{"href":"https:\/\/animatsuri.eu\/2024\/wp-json\/wp\/v2\/media?parent=1162"}],"curies":[{"name":"wp","href":"https:\/\/api.w.org\/{rel}","templated":true}]}}