{"id":119,"date":"2024-04-16T13:40:02","date_gmt":"2024-04-16T11:40:02","guid":{"rendered":"https:\/\/animatsuri.eu\/2024\/?page_id=119"},"modified":"2024-06-08T13:41:07","modified_gmt":"2024-06-08T11:41:07","slug":"piletid","status":"publish","type":"page","link":"https:\/\/animatsuri.eu\/2024\/piletid\/","title":{"rendered":"Piletid"},"content":{"rendered":"\n<p>Pileteid saab osta <a href=\"https:\/\/fienta.com\/et\/animatsuri-84004\">Fientast<\/a>.<\/p>\n\n\n\n<p>Piletite hind s\u00f5ltub ajast, millal see ostetakse:<\/p>\n\n\n\n<ul>\n<li>Eelm\u00fc\u00fcgis sooduspiletid \u00fcheks p\u00e4evaks 15\u20ac ning kaheks p\u00e4evaks 18\u20ac (kuni 19.07.2024)<\/li>\n\n\n\n<li>Kohapeal on v\u00f5imalik piletid soetada hinnaga \u00fcks p\u00e4ev 18\u20ac ning kaks p\u00e4eva 20\u20ac<\/li>\n<\/ul>\n\n\n\n<p>K\u00e4esoleval aastal on v\u00f5imalus endale soetada toetajapilet. Toetajapilet on m\u00f5eldud neile, kes soovivad rohkem festivali toimumisse panustada. Toetajapiletid saavad olema m\u00fc\u00fcgil ainult Fientas 14. juunini ning hinnaga 40\u20ac.<\/p>\n\n\n\n<p>Piletite hulk on piiratud!<\/p>\n\n\n\n<p>Alla 10-aastastel peab olema v\u00e4hemalt 15-aastane saatja.<br>S\u00fclelastele (kuni 2 aastat, k.a.) sissep\u00e4\u00e4s tasuta.<\/p>\n\n\n\n<div style=\"height:40px\" aria-hidden=\"true\" class=\"wp-block-spacer\"><\/div>\n\n\n\n<hr class=\"wp-block-separator has-alpha-channel-opacity\"\/>\n\n\n\n<div style=\"height:40px\" aria-hidden=\"true\" class=\"wp-block-spacer\"><\/div>\n\n\n\n<h5 class=\"wp-block-heading\">PILETIOSTJA MEELESPEA<\/h5>\n\n\n\n<ul>\n<li>Pilet vahetatakse kohapeal k\u00e4epaela vastu.\n<ul>\n<li>K\u00e4epaelu on kahte sorti:\n<ul>\n<li><strong>1-p\u00e4eva piletiga<\/strong>&nbsp;saab k\u00fclastada kas laup\u00e4eval (20.07) v\u00f5i p\u00fchap\u00e4eval (21.07);<\/li>\n\n\n\n<li><strong>2-p\u00e4eva piletiga<\/strong>&nbsp;on v\u00f5imalik k\u00fclastada \u00fcritust m\u00f5lemal p\u00e4eval (20. ja 21.07).<\/li>\n<\/ul>\n<\/li>\n\n\n\n<li>K\u00e4epael t\u00e4hendab, et on v\u00f5imalik vabalt lahkuda festivali alalt ja sinna uuesti tagasi minna k\u00e4epaelast l\u00e4htuvatel kuup\u00e4evadel.<\/li>\n<\/ul>\n<\/li>\n<\/ul>\n\n\n\n<ul>\n<li>Festivali meeskonnal v\u00f5i turvameeskonnal on \u00f5igus:\n<ul>\n<li>keelduda teid laskmast festivali alale, kui on reaalne kahtlus, et tegu ei ole \u00f5ige pileti\/k\u00e4epaelaga;<\/li>\n\n\n\n<li>teie k\u00e4epaela olemasolu igal hetkel kontrollida, kui viibite festivali alal;<\/li>\n\n\n\n<li>saatma teid festivalialalt \u00e4ra, kui teil puudub k\u00e4epael v\u00f5i olemasoleva k\u00e4epaela puhul on kahtlus, et tegu ei ole \u00f5ige k\u00e4epaelaga.<br><\/li>\n<\/ul>\n<\/li>\n\n\n\n<li><strong>Festivali k\u00fclastaja on kohustatud j\u00e4rgima&nbsp;<a href=\"https:\/\/animatsuri.eu\/2024\/festivali-kodukord\/\" data-type=\"page\" data-id=\"617\">festivali kodukorda<\/a>!<\/strong><\/li>\n\n\n\n<li><strong>K\u00e4epaela kadumisel v\u00f5i h\u00e4vimisel tuleb soetada \u00fcritusele sisse saamiseks uus pilet<\/strong>!<\/li>\n<\/ul>\n","protected":false},"excerpt":{"rendered":"<p>Pileteid saab osta Fientast. Piletite hind s\u00f5ltub ajast, millal see ostetakse: K\u00e4esoleval aastal on v\u00f5imalus endale soetada toetajapilet. Toetajapilet on m\u00f5eldud neile, kes soovivad rohkem festivali toimumisse panustada. Toetajapiletid saavad olema m\u00fc\u00fcgil ainult Fientas 14. juunini ning hinnaga 40\u20ac. Piletite hulk on piiratud! Alla 10-aastastel peab olema v\u00e4hemalt 15-aastane saatja.S\u00fclelastele (kuni 2 aastat, k.a.) sissep\u00e4\u00e4s [&hellip;]<\/p>\n","protected":false},"author":2,"featured_media":188,"parent":0,"menu_order":0,"comment_status":"closed","ping_status":"closed","template":"","meta":{"footnotes":""},"_links":{"self":[{"href":"https:\/\/animatsuri.eu\/2024\/wp-json\/wp\/v2\/pages\/119"}],"collection":[{"href":"https:\/\/animatsuri.eu\/2024\/wp-json\/wp\/v2\/pages"}],"about":[{"href":"https:\/\/animatsuri.eu\/2024\/wp-json\/wp\/v2\/types\/page"}],"author":[{"embeddable":true,"href":"https:\/\/animatsuri.eu\/2024\/wp-json\/wp\/v2\/users\/2"}],"replies":[{"embeddable":true,"href":"https:\/\/animatsuri.eu\/2024\/wp-json\/wp\/v2\/comments?post=119"}],"version-history":[{"count":7,"href":"https:\/\/animatsuri.eu\/2024\/wp-json\/wp\/v2\/pages\/119\/revisions"}],"predecessor-version":[{"id":1054,"href":"https:\/\/animatsuri.eu\/2024\/wp-json\/wp\/v2\/pages\/119\/revisions\/1054"}],"wp:featuredmedia":[{"embeddable":true,"href":"https:\/\/animatsuri.eu\/2024\/wp-json\/wp\/v2\/media\/188"}],"wp:attachment":[{"href":"https:\/\/animatsuri.eu\/2024\/wp-json\/wp\/v2\/media?parent=119"}],"curies":[{"name":"wp","href":"https:\/\/api.w.org\/{rel}","templated":true}]}}