{"id":1475,"date":"2024-07-12T13:34:39","date_gmt":"2024-07-12T11:34:39","guid":{"rendered":"https:\/\/animatsuri.eu\/2024\/?page_id=1475"},"modified":"2024-07-13T19:00:30","modified_gmt":"2024-07-13T17:00:30","slug":"puhkeruum-2","status":"publish","type":"page","link":"https:\/\/animatsuri.eu\/2024\/puhkeruum-2\/","title":{"rendered":"Puhkeruum"},"content":{"rendered":"\n<p>Festivalil on alati palju tegevust ja m\u00f6llu, mist\u00f5ttu on 1. korrusel end sisse seadnud puhkeruum, kus hoitakse ust koomal ning r\u00e4\u00e4gitakse vaikselt.<\/p>\n\n\n\n<p>Ruumist leiab meie traditsioonilise mangalaua, kust leiate aja sisustamiseks mitmeidd raamatud ja mangasid. Raamatute lugemisel arvestage kindlasti sellega, et nendega tuleb k\u00e4ia \u00fcmber heaperemehelikult. Omanikud on andnud need teile lugemiseks heas usus, et keegi neid ei l\u00f5hu. Sellep\u00e4rast on mangade lugemislauas keelatud s\u00fc\u00fca ja juua ning raamatuid on keelatud v\u00e4\u00e4nata.<\/p>\n\n\n\n<p>Ruumis on olemas seinakontaktid oma nutiseadmete laadimiseks.<\/p>\n\n\n\n<p>Kui aga tunned, et vaikuse k\u00f5rvale v\u00f5iks teha ka n\u00e4put\u00f6\u00f6d, siis puhkeruumi k\u00f5rval on DIY ruum, kus saab igasugust p\u00f5nevat meisterdada.<\/p>\n\n\n\n<p>M\u00f5nusat ja rahulikku festivali!<\/p>\n","protected":false},"excerpt":{"rendered":"<p>Festivalil on alati palju tegevust ja m\u00f6llu, mist\u00f5ttu on 1. korrusel end sisse seadnud puhkeruum, kus hoitakse ust koomal ning r\u00e4\u00e4gitakse vaikselt. Ruumist leiab meie traditsioonilise mangalaua, kust leiate aja sisustamiseks mitmeidd raamatud ja mangasid. Raamatute lugemisel arvestage kindlasti sellega, et nendega tuleb k\u00e4ia \u00fcmber heaperemehelikult. Omanikud on andnud need teile lugemiseks heas usus, et [&hellip;]<\/p>\n","protected":false},"author":2,"featured_media":1477,"parent":0,"menu_order":0,"comment_status":"closed","ping_status":"closed","template":"","meta":{"footnotes":""},"_links":{"self":[{"href":"https:\/\/animatsuri.eu\/2024\/wp-json\/wp\/v2\/pages\/1475"}],"collection":[{"href":"https:\/\/animatsuri.eu\/2024\/wp-json\/wp\/v2\/pages"}],"about":[{"href":"https:\/\/animatsuri.eu\/2024\/wp-json\/wp\/v2\/types\/page"}],"author":[{"embeddable":true,"href":"https:\/\/animatsuri.eu\/2024\/wp-json\/wp\/v2\/users\/2"}],"replies":[{"embeddable":true,"href":"https:\/\/animatsuri.eu\/2024\/wp-json\/wp\/v2\/comments?post=1475"}],"version-history":[{"count":7,"href":"https:\/\/animatsuri.eu\/2024\/wp-json\/wp\/v2\/pages\/1475\/revisions"}],"predecessor-version":[{"id":1662,"href":"https:\/\/animatsuri.eu\/2024\/wp-json\/wp\/v2\/pages\/1475\/revisions\/1662"}],"wp:featuredmedia":[{"embeddable":true,"href":"https:\/\/animatsuri.eu\/2024\/wp-json\/wp\/v2\/media\/1477"}],"wp:attachment":[{"href":"https:\/\/animatsuri.eu\/2024\/wp-json\/wp\/v2\/media?parent=1475"}],"curies":[{"name":"wp","href":"https:\/\/api.w.org\/{rel}","templated":true}]}}