{"id":160,"date":"2024-04-17T12:32:51","date_gmt":"2024-04-17T10:32:51","guid":{"rendered":"https:\/\/animatsuri.eu\/2024\/?page_id=160"},"modified":"2024-06-08T13:42:21","modified_gmt":"2024-06-08T11:42:21","slug":"kontakt","status":"publish","type":"page","link":"https:\/\/animatsuri.eu\/2024\/kontakt\/","title":{"rendered":"Kontakt"},"content":{"rendered":"\n<p>Festivali \u00fcldinfo: info@animatsuri.eu<\/p>\n\n\n\n<div style=\"height:40px\" aria-hidden=\"true\" class=\"wp-block-spacer\"><\/div>\n\n\n\n<hr class=\"wp-block-separator has-text-color has-alpha-channel-opacity has-background\" style=\"background-color:#808080;color:#808080\"\/>\n\n\n\n<div style=\"height:40px\" aria-hidden=\"true\" class=\"wp-block-spacer\"><\/div>\n\n\n\n<p><strong>AniMatsuri festivali peakorraldaja<\/strong><br>Kaia Jallai<br>kaia@animatsuri.eu \/ +372 5687 5916<br><em>(\u00dcldinfo ja meedia)<\/em><\/p>\n\n\n\n<div style=\"height:20px\" aria-hidden=\"true\" class=\"wp-block-spacer\"><\/div>\n\n\n\n<p><strong>AniMatsuri festivali programm<\/strong><br>Irina M\u00f6ldre<br>program@animatsuri.eu<\/p>\n\n\n\n<div style=\"height:20px\" aria-hidden=\"true\" class=\"wp-block-spacer\"><\/div>\n\n\n\n<p><strong>Piletim\u00fc\u00fck<\/strong><br>Merlin Lumiste&nbsp;<br>tickets@animatsuri.eu<\/p>\n\n\n\n<div style=\"height:20px\" aria-hidden=\"true\" class=\"wp-block-spacer\"><\/div>\n\n\n\n<p><strong>M\u00fc\u00fcgiletid &amp; kunstnike allee<\/strong><br>Anett Lillemaa<br>anett@animatsuri.eu<\/p>\n\n\n\n<div style=\"height:20px\" aria-hidden=\"true\" class=\"wp-block-spacer\"><\/div>\n\n\n\n<p><strong>Meeskond<\/strong><br>Siim Neljandik<br>staff@animatsuri.eu<\/p>\n\n\n\n<div style=\"height:20px\" aria-hidden=\"true\" class=\"wp-block-spacer\"><\/div>\n\n\n\n<p><strong>Cosplay<\/strong><br>Helen Vaino<br>cosplay@animatsuri.eu<\/p>\n\n\n\n<div style=\"height:20px\" aria-hidden=\"true\" class=\"wp-block-spacer\"><\/div>\n\n\n\n<p><strong>Turvameeskond<\/strong><br>Siim Neljandik<br>security@animatsuri.eu<\/p>\n\n\n\n<div style=\"height:40px\" aria-hidden=\"true\" class=\"wp-block-spacer\"><\/div>\n\n\n\n<hr class=\"wp-block-separator has-text-color has-alpha-channel-opacity has-background\" style=\"background-color:#808080;color:#808080\"\/>\n\n\n\n<div style=\"height:40px\" aria-hidden=\"true\" class=\"wp-block-spacer\"><\/div>\n\n\n\n<p><strong>MT\u00dc Jaapani kultuuriklubi&nbsp;Asashio<\/strong><br><a href=\"http:\/\/www.asashio.ee\">www.asashio.ee<\/a><br>asashio@asashio.ee<\/p>\n","protected":false},"excerpt":{"rendered":"<p>Festivali \u00fcldinfo: info@animatsuri.eu AniMatsuri festivali peakorraldajaKaia Jallaikaia@animatsuri.eu \/ +372 5687 5916(\u00dcldinfo ja meedia) AniMatsuri festivali programmIrina M\u00f6ldreprogram@animatsuri.eu Piletim\u00fc\u00fckMerlin Lumiste&nbsp;tickets@animatsuri.eu M\u00fc\u00fcgiletid &amp; kunstnike alleeAnett Lillemaaanett@animatsuri.eu MeeskondSiim Neljandikstaff@animatsuri.eu CosplayHelen Vainocosplay@animatsuri.eu TurvameeskondSiim Neljandiksecurity@animatsuri.eu MT\u00dc Jaapani kultuuriklubi&nbsp;Asashiowww.asashio.eeasashio@asashio.ee<\/p>\n","protected":false},"author":2,"featured_media":421,"parent":0,"menu_order":0,"comment_status":"closed","ping_status":"closed","template":"","meta":{"footnotes":""},"_links":{"self":[{"href":"https:\/\/animatsuri.eu\/2024\/wp-json\/wp\/v2\/pages\/160"}],"collection":[{"href":"https:\/\/animatsuri.eu\/2024\/wp-json\/wp\/v2\/pages"}],"about":[{"href":"https:\/\/animatsuri.eu\/2024\/wp-json\/wp\/v2\/types\/page"}],"author":[{"embeddable":true,"href":"https:\/\/animatsuri.eu\/2024\/wp-json\/wp\/v2\/users\/2"}],"replies":[{"embeddable":true,"href":"https:\/\/animatsuri.eu\/2024\/wp-json\/wp\/v2\/comments?post=160"}],"version-history":[{"count":8,"href":"https:\/\/animatsuri.eu\/2024\/wp-json\/wp\/v2\/pages\/160\/revisions"}],"predecessor-version":[{"id":1057,"href":"https:\/\/animatsuri.eu\/2024\/wp-json\/wp\/v2\/pages\/160\/revisions\/1057"}],"wp:featuredmedia":[{"embeddable":true,"href":"https:\/\/animatsuri.eu\/2024\/wp-json\/wp\/v2\/media\/421"}],"wp:attachment":[{"href":"https:\/\/animatsuri.eu\/2024\/wp-json\/wp\/v2\/media?parent=160"}],"curies":[{"name":"wp","href":"https:\/\/api.w.org\/{rel}","templated":true}]}}