{"id":1617,"date":"2024-07-13T11:57:42","date_gmt":"2024-07-13T09:57:42","guid":{"rendered":"https:\/\/animatsuri.eu\/2024\/?page_id=1617"},"modified":"2024-07-19T05:53:22","modified_gmt":"2024-07-19T03:53:22","slug":"muugiletid","status":"publish","type":"page","link":"https:\/\/animatsuri.eu\/2024\/muugiletid\/","title":{"rendered":"M\u00fc\u00fcgiletid"},"content":{"rendered":"\n<div style=\"height:40px\" aria-hidden=\"true\" class=\"wp-block-spacer\"><\/div>\n\n\n\n<div class=\"wp-block-media-text is-stacked-on-mobile\" style=\"grid-template-columns:25% auto\"><figure class=\"wp-block-media-text__media\"><img fetchpriority=\"high\" decoding=\"async\" width=\"1024\" height=\"726\" src=\"https:\/\/animatsuri.eu\/2024\/wp-content\/uploads\/2024\/07\/Logo-Uus-Panda-Yama-1024x726.png\" alt=\"\" class=\"wp-image-1625 size-full\" srcset=\"https:\/\/animatsuri.eu\/2024\/wp-content\/uploads\/2024\/07\/Logo-Uus-Panda-Yama-1024x726.png 1024w, https:\/\/animatsuri.eu\/2024\/wp-content\/uploads\/2024\/07\/Logo-Uus-Panda-Yama-300x213.png 300w, https:\/\/animatsuri.eu\/2024\/wp-content\/uploads\/2024\/07\/Logo-Uus-Panda-Yama-768x545.png 768w, https:\/\/animatsuri.eu\/2024\/wp-content\/uploads\/2024\/07\/Logo-Uus-Panda-Yama-1536x1089.png 1536w, https:\/\/animatsuri.eu\/2024\/wp-content\/uploads\/2024\/07\/Logo-Uus-Panda-Yama-2048x1453.png 2048w\" sizes=\"(max-width: 1024px) 100vw, 1024px\" \/><\/figure><div class=\"wp-block-media-text__content\">\n<h3 class=\"wp-block-heading\">PandaYama<\/h3>\n\n\n\n<p>PandaYama on uuem kohalik animega tegelev ettev\u00f5tte. Hetkel tegelevad nad peamiselt animetemaatiliste toodete m\u00fc\u00fcmisega oma veebipoes. P\u00f5hitoodeteks on neil animefiguriinid, aksessuaarid, kaardim\u00e4ngud ja k\u00e4sit\u00f6\u00f6maalid.<\/p>\n\n\n\n<p><a href=\"https:\/\/pandayama.ee\/\">PandaYama e-pood<\/a><\/p>\n<\/div><\/div>\n\n\n\n<div style=\"height:40px\" aria-hidden=\"true\" class=\"wp-block-spacer\"><\/div>\n\n\n\n<hr class=\"wp-block-separator has-alpha-channel-opacity\"\/>\n\n\n\n<div style=\"height:40px\" aria-hidden=\"true\" class=\"wp-block-spacer\"><\/div>\n\n\n\n<div class=\"wp-block-media-text is-stacked-on-mobile\" style=\"grid-template-columns:25% auto\"><figure class=\"wp-block-media-text__media\"><img decoding=\"async\" width=\"1000\" height=\"679\" src=\"https:\/\/animatsuri.eu\/2024\/wp-content\/uploads\/2024\/07\/Estatic-Anime-Patrick-Man.jpg\" alt=\"\" class=\"wp-image-1628 size-full\" srcset=\"https:\/\/animatsuri.eu\/2024\/wp-content\/uploads\/2024\/07\/Estatic-Anime-Patrick-Man.jpg 1000w, https:\/\/animatsuri.eu\/2024\/wp-content\/uploads\/2024\/07\/Estatic-Anime-Patrick-Man-300x204.jpg 300w, https:\/\/animatsuri.eu\/2024\/wp-content\/uploads\/2024\/07\/Estatic-Anime-Patrick-Man-768x521.jpg 768w\" sizes=\"(max-width: 1000px) 100vw, 1000px\" \/><\/figure><div class=\"wp-block-media-text__content\">\n<h3 class=\"wp-block-heading\">Estatic Anime<\/h3>\n\n\n\n<p>Suurbritannia ja Saksamaa pood, mis enamjaolt m\u00fc\u00fcb animefiguriine ja cosplayga seotud tooteid.<\/p>\n\n\n\n<p><a href=\"https:\/\/www.estaticanime.co.uk\">Estatic Anime e-pood<\/a><\/p>\n<\/div><\/div>\n\n\n\n<div style=\"height:40px\" aria-hidden=\"true\" class=\"wp-block-spacer\"><\/div>\n\n\n\n<hr class=\"wp-block-separator has-alpha-channel-opacity\"\/>\n\n\n\n<div style=\"height:40px\" aria-hidden=\"true\" class=\"wp-block-spacer\"><\/div>\n\n\n\n<div class=\"wp-block-media-text is-stacked-on-mobile\" style=\"grid-template-columns:25% auto\"><figure class=\"wp-block-media-text__media\"><img decoding=\"async\" width=\"150\" height=\"94\" src=\"https:\/\/animatsuri.eu\/2024\/wp-content\/uploads\/2024\/07\/ani-pop-gam.png\" alt=\"\" class=\"wp-image-1627 size-full\"\/><\/figure><div class=\"wp-block-media-text__content\">\n<h3 class=\"wp-block-heading\">AniPopGam<\/h3>\n\n\n\n<p>Viimati 2019 AniMatsuril k\u00e4inud Saksa pood AniPopGam on festivalil tagasi. Nad m\u00fc\u00fcvad animestiilis m\u00e4nguasju, figuriine, riideid, aksessuaare ja pakendatud sn\u00e4kke.<\/p>\n<\/div><\/div>\n\n\n\n<div style=\"height:40px\" aria-hidden=\"true\" class=\"wp-block-spacer\"><\/div>\n","protected":false},"excerpt":{"rendered":"<p>PandaYama PandaYama on uuem kohalik animega tegelev ettev\u00f5tte. Hetkel tegelevad nad peamiselt animetemaatiliste toodete m\u00fc\u00fcmisega oma veebipoes. P\u00f5hitoodeteks on neil animefiguriinid, aksessuaarid, kaardim\u00e4ngud ja k\u00e4sit\u00f6\u00f6maalid. PandaYama e-pood Estatic Anime Suurbritannia ja Saksamaa pood, mis enamjaolt m\u00fc\u00fcb animefiguriine ja cosplayga seotud tooteid. Estatic Anime e-pood AniPopGam Viimati 2019 AniMatsuril k\u00e4inud Saksa pood AniPopGam on festivalil tagasi. [&hellip;]<\/p>\n","protected":false},"author":2,"featured_media":185,"parent":0,"menu_order":0,"comment_status":"closed","ping_status":"closed","template":"","meta":{"footnotes":""},"_links":{"self":[{"href":"https:\/\/animatsuri.eu\/2024\/wp-json\/wp\/v2\/pages\/1617"}],"collection":[{"href":"https:\/\/animatsuri.eu\/2024\/wp-json\/wp\/v2\/pages"}],"about":[{"href":"https:\/\/animatsuri.eu\/2024\/wp-json\/wp\/v2\/types\/page"}],"author":[{"embeddable":true,"href":"https:\/\/animatsuri.eu\/2024\/wp-json\/wp\/v2\/users\/2"}],"replies":[{"embeddable":true,"href":"https:\/\/animatsuri.eu\/2024\/wp-json\/wp\/v2\/comments?post=1617"}],"version-history":[{"count":19,"href":"https:\/\/animatsuri.eu\/2024\/wp-json\/wp\/v2\/pages\/1617\/revisions"}],"predecessor-version":[{"id":1829,"href":"https:\/\/animatsuri.eu\/2024\/wp-json\/wp\/v2\/pages\/1617\/revisions\/1829"}],"wp:featuredmedia":[{"embeddable":true,"href":"https:\/\/animatsuri.eu\/2024\/wp-json\/wp\/v2\/media\/185"}],"wp:attachment":[{"href":"https:\/\/animatsuri.eu\/2024\/wp-json\/wp\/v2\/media?parent=1617"}],"curies":[{"name":"wp","href":"https:\/\/api.w.org\/{rel}","templated":true}]}}