{"id":1669,"date":"2024-07-14T16:19:51","date_gmt":"2024-07-14T14:19:51","guid":{"rendered":"https:\/\/animatsuri.eu\/2024\/?page_id=1669"},"modified":"2024-07-14T17:02:54","modified_gmt":"2024-07-14T15:02:54","slug":"afterparty","status":"publish","type":"page","link":"https:\/\/animatsuri.eu\/2024\/afterparty\/","title":{"rendered":"Afterparty"},"content":{"rendered":"\n<p>AniMatsuri 2024 esimene p\u00e4ev l\u00f5ppeb peoga Armastuse saalis, mis asub festivali toimumispaiga vahetus l\u00e4heduses Aparaaditehases. Teid ootab ees m\u00f5nusa atmosf\u00e4\u00e4riga \u00f5htu t\u00e4is l\u00f5busaid m\u00e4nge, kaasakiskuvat muusikat ning v\u00f5imalust suhelda teiste festivalik\u00fclastajatega. Loomulikult ei puudu peolt ka p\u00f5nev esineja ja tantsup\u00f5rand!<\/p>\n\n\n\n<div style=\"height:40px\" aria-hidden=\"true\" class=\"wp-block-spacer\"><\/div>\n\n\n\n<hr class=\"wp-block-separator has-alpha-channel-opacity\"\/>\n\n\n\n<div style=\"height:40px\" aria-hidden=\"true\" class=\"wp-block-spacer\"><\/div>\n\n\n\n<p>Kus: Armastuse saal (Aparaaditehas, Kastani 42; uks nr 6)<\/p>\n\n\n\n<p>Mis kell: uksed avanevad kell 20.00 ja sulguvad 02.00, programm kestab 21.00-01.00<\/p>\n\n\n\n<p>Palju maksab: <\/p>\n\n\n\n<ul>\n<li>5\u20ac AniMatsuri k\u00e4epaelaga<\/li>\n\n\n\n<li>8\u20ac ilma k\u00e4epaelata<\/li>\n\n\n\n<li>AniMatsuri toetajapiletiga tasuta!<\/li>\n<\/ul>\n\n\n\n<p><strong>Piletim\u00fc\u00fck toimub sularahas!<\/strong><\/p>\n\n\n\n<div style=\"height:40px\" aria-hidden=\"true\" class=\"wp-block-spacer\"><\/div>\n\n\n\n<hr class=\"wp-block-separator has-alpha-channel-opacity\"\/>\n\n\n\n<div style=\"height:40px\" aria-hidden=\"true\" class=\"wp-block-spacer\"><\/div>\n\n\n\n<p>Janu korral saad baarist soetada nii mittealkohoolseid kui ka alkohoolseid jooke. Kui aga k\u00f5ht peaks t\u00fchi olema, siis soovitame kindlasti k\u00fclastada m\u00f5nda Aparaaditehases asuvat restorani!<\/p>\n\n\n\n<p><strong>Piletit ostes ole valmis oma dokumenti n\u00e4itama.<\/strong> Peole on oodatud igas vanuses k\u00fclastajad, k\u00fcll aga peab alaealistel alates 23.00-st olema t\u00e4iskasvanud saatja! Et baaril oleks lihtsam, m\u00e4rgistame alaealiste k\u00fclastajate k\u00e4epaelad uksel \u00e4ra.<\/p>\n\n\n\n<p>Peol n\u00e4eme!<\/p>\n","protected":false},"excerpt":{"rendered":"<p>AniMatsuri 2024 esimene p\u00e4ev l\u00f5ppeb peoga Armastuse saalis, mis asub festivali toimumispaiga vahetus l\u00e4heduses Aparaaditehases. Teid ootab ees m\u00f5nusa atmosf\u00e4\u00e4riga \u00f5htu t\u00e4is l\u00f5busaid m\u00e4nge, kaasakiskuvat muusikat ning v\u00f5imalust suhelda teiste festivalik\u00fclastajatega. Loomulikult ei puudu peolt ka p\u00f5nev esineja ja tantsup\u00f5rand! Kus: Armastuse saal (Aparaaditehas, Kastani 42; uks nr 6) Mis kell: uksed avanevad kell 20.00 [&hellip;]<\/p>\n","protected":false},"author":2,"featured_media":1684,"parent":0,"menu_order":0,"comment_status":"closed","ping_status":"closed","template":"","meta":{"footnotes":""},"_links":{"self":[{"href":"https:\/\/animatsuri.eu\/2024\/wp-json\/wp\/v2\/pages\/1669"}],"collection":[{"href":"https:\/\/animatsuri.eu\/2024\/wp-json\/wp\/v2\/pages"}],"about":[{"href":"https:\/\/animatsuri.eu\/2024\/wp-json\/wp\/v2\/types\/page"}],"author":[{"embeddable":true,"href":"https:\/\/animatsuri.eu\/2024\/wp-json\/wp\/v2\/users\/2"}],"replies":[{"embeddable":true,"href":"https:\/\/animatsuri.eu\/2024\/wp-json\/wp\/v2\/comments?post=1669"}],"version-history":[{"count":6,"href":"https:\/\/animatsuri.eu\/2024\/wp-json\/wp\/v2\/pages\/1669\/revisions"}],"predecessor-version":[{"id":1685,"href":"https:\/\/animatsuri.eu\/2024\/wp-json\/wp\/v2\/pages\/1669\/revisions\/1685"}],"wp:featuredmedia":[{"embeddable":true,"href":"https:\/\/animatsuri.eu\/2024\/wp-json\/wp\/v2\/media\/1684"}],"wp:attachment":[{"href":"https:\/\/animatsuri.eu\/2024\/wp-json\/wp\/v2\/media?parent=1669"}],"curies":[{"name":"wp","href":"https:\/\/api.w.org\/{rel}","templated":true}]}}