{"id":1699,"date":"2024-07-15T09:37:21","date_gmt":"2024-07-15T07:37:21","guid":{"rendered":"https:\/\/animatsuri.eu\/2024\/?page_id=1699"},"modified":"2024-07-15T09:48:00","modified_gmt":"2024-07-15T07:48:00","slug":"cosplay-zurii","status":"publish","type":"page","link":"https:\/\/animatsuri.eu\/2024\/cosplay-zurii\/","title":{"rendered":"Cosplay \u017e\u00fcrii"},"content":{"rendered":"\n<p>K\u00e4esoleval aastal hindab AniMatsuri cosplay v\u00f5istlust professionaalne rahvusvaheline cosplayeritest koosnev \u017e\u00fcrii. Teeme nendega tutvust!<\/p>\n\n\n\n<div style=\"height:40px\" aria-hidden=\"true\" class=\"wp-block-spacer\"><\/div>\n\n\n\n<div class=\"wp-block-media-text alignwide is-stacked-on-mobile is-vertically-aligned-top\"><figure class=\"wp-block-media-text__media\"><img fetchpriority=\"high\" decoding=\"async\" width=\"683\" height=\"1024\" src=\"https:\/\/animatsuri.eu\/2024\/wp-content\/uploads\/2024\/07\/Credit_LoviJ-683x1024.jpg\" alt=\"\" class=\"wp-image-1704 size-full\" srcset=\"https:\/\/animatsuri.eu\/2024\/wp-content\/uploads\/2024\/07\/Credit_LoviJ-683x1024.jpg 683w, https:\/\/animatsuri.eu\/2024\/wp-content\/uploads\/2024\/07\/Credit_LoviJ-200x300.jpg 200w, https:\/\/animatsuri.eu\/2024\/wp-content\/uploads\/2024\/07\/Credit_LoviJ-768x1152.jpg 768w, https:\/\/animatsuri.eu\/2024\/wp-content\/uploads\/2024\/07\/Credit_LoviJ-1024x1536.jpg 1024w, https:\/\/animatsuri.eu\/2024\/wp-content\/uploads\/2024\/07\/Credit_LoviJ-1365x2048.jpg 1365w, https:\/\/animatsuri.eu\/2024\/wp-content\/uploads\/2024\/07\/Credit_LoviJ-scaled.jpg 1707w\" sizes=\"(max-width: 683px) 100vw, 683px\" \/><\/figure><div class=\"wp-block-media-text__content\">\n<h2 class=\"wp-block-heading\">Elvea<\/h2>\n\n\n\n<p>Elvea on Rootsist p\u00e4rit cosplay veteran, kellel on \u00fcle k\u00fcmne aasta kestnud cosplay kogemus. K\u00f5ige t\u00f5en\u00e4olisemalt leiate ta lavalt nii v\u00f5istleja kui ka v\u00f5istluste ja cosplay festivalide \u00f5htujuhina. M\u00e4rkimisv\u00e4\u00e4rseteks saavutusteks on aastaid Nordic Cosplay Championshipi tseremooniameistriks saamine, 2020. aasta Rootsi cosplay meistriv\u00f5istlustel teise koha saavutamine, Rootsi esindamine 2019. aasta World Cosplay Summitil, Rootsi ainsa cosplay-keskse podcasti juhtimine ja Rootsi cosplay kogukonna esindamine nii televisioonis, raadios kui ka muus meedias. Vanema cosplayerina on ta see, kes hoolitseb selle eest, et cosplayerid saaksid oma t\u00f6\u00f6 eest h\u00fcvitist ja et neid austataks oma loomingu eest.<\/p>\n\n\n\n<p>Foto by: LoviJ<\/p>\n\n\n\n<p>Instagram: <a href=\"https:\/\/www.instagram.com\/elveacos\/\" target=\"_blank\" rel=\"noreferrer noopener\">https:\/\/www.instagram.com\/elveacos\/<\/a><\/p>\n<\/div><\/div>\n\n\n\n<div style=\"height:40px\" aria-hidden=\"true\" class=\"wp-block-spacer\"><\/div>\n\n\n\n<hr class=\"wp-block-separator has-alpha-channel-opacity\"\/>\n\n\n\n<div style=\"height:40px\" aria-hidden=\"true\" class=\"wp-block-spacer\"><\/div>\n\n\n\n<div class=\"wp-block-media-text alignwide is-stacked-on-mobile is-vertically-aligned-top\"><figure class=\"wp-block-media-text__media\"><img decoding=\"async\" width=\"683\" height=\"1024\" src=\"https:\/\/animatsuri.eu\/2024\/wp-content\/uploads\/2024\/07\/Anakin-Skywalker_02-683x1024.jpg\" alt=\"\" class=\"wp-image-1706 size-full\" srcset=\"https:\/\/animatsuri.eu\/2024\/wp-content\/uploads\/2024\/07\/Anakin-Skywalker_02-683x1024.jpg 683w, https:\/\/animatsuri.eu\/2024\/wp-content\/uploads\/2024\/07\/Anakin-Skywalker_02-200x300.jpg 200w, https:\/\/animatsuri.eu\/2024\/wp-content\/uploads\/2024\/07\/Anakin-Skywalker_02-768x1152.jpg 768w, https:\/\/animatsuri.eu\/2024\/wp-content\/uploads\/2024\/07\/Anakin-Skywalker_02-1024x1536.jpg 1024w, https:\/\/animatsuri.eu\/2024\/wp-content\/uploads\/2024\/07\/Anakin-Skywalker_02-1365x2048.jpg 1365w, https:\/\/animatsuri.eu\/2024\/wp-content\/uploads\/2024\/07\/Anakin-Skywalker_02-scaled.jpg 1707w\" sizes=\"(max-width: 683px) 100vw, 683px\" \/><\/figure><div class=\"wp-block-media-text__content\">\n<h2 class=\"wp-block-heading\">Element Fox<\/h2>\n\n\n\n<p>\u201cOlen cosplayga tegelenud rohkem kui kaheksa aastat. Enne graafiliseks disaineriks saamist t\u00f6\u00f6tasin 3D-kunstnikuna. Minu laialdased huvid on aidanud mul palju \u00f5ppida erinevate materjalide ja tehnikate kohta. Olgu selleks \u00f5mblemine, 3D-printimine, mustrid, EVA v\u00f5i nahk, p\u00fc\u00fcan alati oma oskusi k\u00f5igis valdkondades laiendada. Armastan oma teadmisi teistega jagada ja naudin eri riikides toimuvatel \u00fcritustel osalemist, panustades \u00fclemaailmsesse cosplay-kogukonda.\u201d<\/p>\n\n\n\n<p>Sotsiaal meedia: <a href=\"https:\/\/www.instagram.com\/element_fox\/\" rel=\"noreferrer noopener\" target=\"_blank\">https:\/\/www.instagram.com\/element_fox\/<\/a><\/p>\n\n\n\n<p><a href=\"https:\/\/www.facebook.com\/ElementF0X\/about\">https:\/\/www.facebook.com\/ElementF0X\/about<\/a><\/p>\n<\/div><\/div>\n\n\n\n<div style=\"height:40px\" aria-hidden=\"true\" class=\"wp-block-spacer\"><\/div>\n\n\n\n<hr class=\"wp-block-separator has-alpha-channel-opacity\"\/>\n\n\n\n<div style=\"height:40px\" aria-hidden=\"true\" class=\"wp-block-spacer\"><\/div>\n\n\n\n<div class=\"wp-block-media-text alignwide is-stacked-on-mobile is-vertically-aligned-top\"><figure class=\"wp-block-media-text__media\"><img decoding=\"async\" width=\"819\" height=\"1024\" src=\"https:\/\/animatsuri.eu\/2024\/wp-content\/uploads\/2024\/07\/3-819x1024.jpg\" alt=\"\" class=\"wp-image-1703 size-full\" srcset=\"https:\/\/animatsuri.eu\/2024\/wp-content\/uploads\/2024\/07\/3-819x1024.jpg 819w, https:\/\/animatsuri.eu\/2024\/wp-content\/uploads\/2024\/07\/3-240x300.jpg 240w, https:\/\/animatsuri.eu\/2024\/wp-content\/uploads\/2024\/07\/3-768x960.jpg 768w, https:\/\/animatsuri.eu\/2024\/wp-content\/uploads\/2024\/07\/3-1229x1536.jpg 1229w, https:\/\/animatsuri.eu\/2024\/wp-content\/uploads\/2024\/07\/3-1639x2048.jpg 1639w, https:\/\/animatsuri.eu\/2024\/wp-content\/uploads\/2024\/07\/3-scaled.jpg 2048w\" sizes=\"(max-width: 819px) 100vw, 819px\" \/><\/figure><div class=\"wp-block-media-text__content\">\n<h2 class=\"wp-block-heading\">Caiva<\/h2>\n\n\n\n<p>\u201cMinu nimi on Caiva ja alustasin oma cosplay-teekonda 2010. aastatel. Mul on alati olnud k\u00fclget\u00f5mme \u00f5rnade detailide, erinevate rekvisiitide ja huvitavate tekstuuridega kost\u00fc\u00fcmide meisterdamiseks. Viimased seitse aastat olen olnud aktiivne Euroopas nii v\u00f5istleja kui ka kohtunikuna.\u201d<\/p>\n\n\n\n<p>Foto: Marquad Photography<\/p>\n\n\n\n<p>Instagram: <a href=\"https:\/\/www.instagram.com\/caivacosplay\/\" target=\"_blank\" rel=\"noreferrer noopener\">https:\/\/www.instagram.com\/caivacosplay\/<\/a><\/p>\n<\/div><\/div>\n\n\n\n<div style=\"height:40px\" aria-hidden=\"true\" class=\"wp-block-spacer\"><\/div>\n","protected":false},"excerpt":{"rendered":"<p>K\u00e4esoleval aastal hindab AniMatsuri cosplay v\u00f5istlust professionaalne rahvusvaheline cosplayeritest koosnev \u017e\u00fcrii. Teeme nendega tutvust! Elvea Elvea on Rootsist p\u00e4rit cosplay veteran, kellel on \u00fcle k\u00fcmne aasta kestnud cosplay kogemus. K\u00f5ige t\u00f5en\u00e4olisemalt leiate ta lavalt nii v\u00f5istleja kui ka v\u00f5istluste ja cosplay festivalide \u00f5htujuhina. M\u00e4rkimisv\u00e4\u00e4rseteks saavutusteks on aastaid Nordic Cosplay Championshipi tseremooniameistriks saamine, 2020. aasta Rootsi [&hellip;]<\/p>\n","protected":false},"author":2,"featured_media":186,"parent":0,"menu_order":0,"comment_status":"closed","ping_status":"closed","template":"","meta":{"footnotes":""},"_links":{"self":[{"href":"https:\/\/animatsuri.eu\/2024\/wp-json\/wp\/v2\/pages\/1699"}],"collection":[{"href":"https:\/\/animatsuri.eu\/2024\/wp-json\/wp\/v2\/pages"}],"about":[{"href":"https:\/\/animatsuri.eu\/2024\/wp-json\/wp\/v2\/types\/page"}],"author":[{"embeddable":true,"href":"https:\/\/animatsuri.eu\/2024\/wp-json\/wp\/v2\/users\/2"}],"replies":[{"embeddable":true,"href":"https:\/\/animatsuri.eu\/2024\/wp-json\/wp\/v2\/comments?post=1699"}],"version-history":[{"count":4,"href":"https:\/\/animatsuri.eu\/2024\/wp-json\/wp\/v2\/pages\/1699\/revisions"}],"predecessor-version":[{"id":1712,"href":"https:\/\/animatsuri.eu\/2024\/wp-json\/wp\/v2\/pages\/1699\/revisions\/1712"}],"wp:featuredmedia":[{"embeddable":true,"href":"https:\/\/animatsuri.eu\/2024\/wp-json\/wp\/v2\/media\/186"}],"wp:attachment":[{"href":"https:\/\/animatsuri.eu\/2024\/wp-json\/wp\/v2\/media?parent=1699"}],"curies":[{"name":"wp","href":"https:\/\/api.w.org\/{rel}","templated":true}]}}