{"id":1795,"date":"2024-07-18T18:06:33","date_gmt":"2024-07-18T16:06:33","guid":{"rendered":"https:\/\/animatsuri.eu\/2024\/?page_id=1795"},"modified":"2024-07-19T05:54:39","modified_gmt":"2024-07-19T03:54:39","slug":"riietusruum","status":"publish","type":"page","link":"https:\/\/animatsuri.eu\/2024\/riietusruum\/","title":{"rendered":"Riietusruum"},"content":{"rendered":"\n<p>Festivalialal on riietusruum, mida saavad kasutada k\u00f5ik festivali k\u00fclastajad, kelle cosplay ei sobi v\u00e4litingimustesse, ei kannata pikaajalist kandmist v\u00f5i vajab parandamist.<\/p>\n\n\n\n<p>Esimesel korrusel vasakus tiivas saab olema klassiruum, mis on m\u00f5eldud just selle jaoks. Tegu on valveta klassiruumiga ehk \u00e4ra j\u00e4ta oma asju sinna. Vahetatud riided ja isiklikud esemed v\u00f5ib kotiga viia garderoobi.<\/p>\n\n\n\n<p>Ruumis ei ole seinaga eraldatud alasid, seega kui kost\u00fc\u00fcm vajab rohkemat riiete \u00e4rav\u00f5tmist, on esimesel korrusel paremas tiivas olemas WC (korruseplaan <a href=\"https:\/\/animatsuri.eu\/2024\/festivali-asukoht\/#majaplaan\" data-type=\"link\" data-id=\"https:\/\/animatsuri.eu\/2024\/festivali-asukoht\/#majaplaan\">SIIN<\/a>). Klassiruumis on olemas lauad, toolid, m\u00f5ned peeglid, pistikupesad ja v\u00e4ikese cosplay kriisikarp (niit, n\u00f5el, liimip\u00fcstol).<\/p>\n\n\n\n<p>Ruum ei ole m\u00f5eldud puhkamiseks &#8211; selle jaoks on meil eraldi <a href=\"https:\/\/animatsuri.eu\/2024\/puhkeruum-2\/\">puhkeruum<\/a>.<\/p>\n\n\n\n<p>P\u00fchap\u00e4eval on <strong>cosplay v\u00f5istluse<\/strong> riietusruumiks v\u00f5etud kasutusele v\u00f5imla.<\/p>\n","protected":false},"excerpt":{"rendered":"<p>Festivalialal on riietusruum, mida saavad kasutada k\u00f5ik festivali k\u00fclastajad, kelle cosplay ei sobi v\u00e4litingimustesse, ei kannata pikaajalist kandmist v\u00f5i vajab parandamist. Esimesel korrusel vasakus tiivas saab olema klassiruum, mis on m\u00f5eldud just selle jaoks. Tegu on valveta klassiruumiga ehk \u00e4ra j\u00e4ta oma asju sinna. Vahetatud riided ja isiklikud esemed v\u00f5ib kotiga viia garderoobi. Ruumis ei [&hellip;]<\/p>\n","protected":false},"author":2,"featured_media":186,"parent":0,"menu_order":0,"comment_status":"closed","ping_status":"closed","template":"","meta":{"footnotes":""},"_links":{"self":[{"href":"https:\/\/animatsuri.eu\/2024\/wp-json\/wp\/v2\/pages\/1795"}],"collection":[{"href":"https:\/\/animatsuri.eu\/2024\/wp-json\/wp\/v2\/pages"}],"about":[{"href":"https:\/\/animatsuri.eu\/2024\/wp-json\/wp\/v2\/types\/page"}],"author":[{"embeddable":true,"href":"https:\/\/animatsuri.eu\/2024\/wp-json\/wp\/v2\/users\/2"}],"replies":[{"embeddable":true,"href":"https:\/\/animatsuri.eu\/2024\/wp-json\/wp\/v2\/comments?post=1795"}],"version-history":[{"count":5,"href":"https:\/\/animatsuri.eu\/2024\/wp-json\/wp\/v2\/pages\/1795\/revisions"}],"predecessor-version":[{"id":1826,"href":"https:\/\/animatsuri.eu\/2024\/wp-json\/wp\/v2\/pages\/1795\/revisions\/1826"}],"wp:featuredmedia":[{"embeddable":true,"href":"https:\/\/animatsuri.eu\/2024\/wp-json\/wp\/v2\/media\/186"}],"wp:attachment":[{"href":"https:\/\/animatsuri.eu\/2024\/wp-json\/wp\/v2\/media?parent=1795"}],"curies":[{"name":"wp","href":"https:\/\/api.w.org\/{rel}","templated":true}]}}