{"id":281,"date":"2024-04-20T18:21:22","date_gmt":"2024-04-20T16:21:22","guid":{"rendered":"https:\/\/animatsuri.eu\/2024\/?page_id=281"},"modified":"2024-06-08T13:51:17","modified_gmt":"2024-06-08T11:51:17","slug":"mis-on-animatsuri","status":"publish","type":"page","link":"https:\/\/animatsuri.eu\/2024\/mis-on-animatsuri\/","title":{"rendered":"Mis on AniMatsuri?"},"content":{"rendered":"\n<p>Lihtsalt ja l\u00fchidalt \u00f6eldes on AniMatsuri jaapani kultuuri huvilistele suunatud festival. R\u00f5huasetus on Jaapani popkultuuril, mis h\u00f5lmab endas animet, mangat (Jaapanis toodetud koomiks), muusikat, arvutim\u00e4nge, moodi jne. Pikemalt kirjeldades on tegu vabatahtlike poolt kokku pandud kahep\u00e4evase \u00fcritusega, mille eesm\u00e4rk on tuua kokku Jaapani-huvilisi Eestist, naaberriikidest ja kaugemaltki. Selle n\u00e4dalavahetuse jooksul saavad k\u00fclastajad kuulata huvitavaid ettekandeid, proovida k\u00e4tt erinevates t\u00f6\u00f6tubades, vaadata v\u00f5i v\u00f5tta osa p\u00f5nevatest v\u00f5istlustest ning mis peamine, suhelda teiste kultuurihuvilistega. Festivali korraldajateks on Jaapani-huvilised ise, kes soovivad pakkuda hubast ja kodust kohta teistele omasugustele, olgu nad siis alles oma jalga ukse vahele saavad animef\u00e4nnid v\u00f5i juba t\u00f5simeelsed japanofiilid. Ja kuigi \u00fcritus on peaasjalikult suunatud noortele, leidub programmis p\u00f5nevat ka t\u00e4iskasvanutele. AniMatsuri eesm\u00e4rk on pakkuda \u00fchel s\u00fcgisesel n\u00e4dalavahetusel m\u00f5nusat meelelahutust ja tegevusi sellele \u00e4gedale kommuunile, ilma milleta seda \u00fcritust ei toimuks.<\/p>\n\n\n\n<p>Ja kuna kahest p\u00e4evast j\u00e4\u00e4b ilmselgelt liiga v\u00e4heks, et Jaapani kultuuri tutvustada, on viimastel aastatel AniMatsuri k\u00f5rval pead t\u00f5stnud teinegi festival \u2013 Momiji festival (algselt Jaapani kuu nime all). Nelja n\u00e4dala jooksul septembris ja oktoobris korraldame nii Tartus kui ka Tallinnas erinevaid huvitavaid tegevusi igas vanuses Jaapani kultuurihuvilistele. Toimuvad ettekanded, t\u00f6\u00f6toad, filmi\u00f5htud, video- ja lauam\u00e4ngu\u00f5htud, demonstratsioonid ning ka kontserdid.<\/p>\n\n\n\n<figure class=\"wp-block-embed is-type-video is-provider-youtube wp-block-embed-youtube wp-embed-aspect-4-3 wp-has-aspect-ratio\"><div class=\"wp-block-embed__wrapper\">\n<iframe title=\"AniMatsuri 2019 aftermovie\" width=\"800\" height=\"450\" src=\"https:\/\/www.youtube.com\/embed\/Txme8WOL28U?feature=oembed\" frameborder=\"0\" allow=\"accelerometer; autoplay; clipboard-write; encrypted-media; gyroscope; picture-in-picture; web-share\" referrerpolicy=\"strict-origin-when-cross-origin\" allowfullscreen><\/iframe>\n<\/div><\/figure>\n\n\n\n<p><strong>Meie sotsiaalmeedias:<\/strong><br>Facebooki leht&nbsp;<a href=\"https:\/\/www.facebook.com\/pages\/AniMatsuri\/193470314017309?ref=hl\" target=\"_blank\" rel=\"noreferrer noopener\">AniMatsuri<\/a><br>Facebooki grupp&nbsp;<a href=\"https:\/\/www.facebook.com\/groups\/1411873838869530\/\" target=\"_blank\" rel=\"noreferrer noopener\">AniMatsuri Estonia<\/a><br>Instagram&nbsp;<a href=\"http:\/\/instagram.com\/animatsuri_est\">@animatsuri_est<\/a><br>Twitter\/X&nbsp;<a href=\"https:\/\/twitter.com\/animatsuri_est\" target=\"_blank\" rel=\"noreferrer noopener\">@animatsuri_est<br><\/a>BlueSky <a href=\"https:\/\/bsky.app\/profile\/animatsuri.bsky.social\">@animatsuri.bsky.social<\/a><\/p>\n\n\n\n<p>Facebooki leht <a href=\"https:\/\/www.facebook.com\/momijifestival\">Momij festival<\/a><br>Instagram <a href=\"https:\/\/www.instagram.com\/momijifestival\/\">@momijifestival<\/a><\/p>\n\n\n\n<div style=\"height:40px\" aria-hidden=\"true\" class=\"wp-block-spacer\"><\/div>\n\n\n\n<hr class=\"wp-block-separator has-alpha-channel-opacity\"\/>\n\n\n\n<div style=\"height:40px\" aria-hidden=\"true\" class=\"wp-block-spacer\"><\/div>\n\n\n\n<h6 class=\"wp-block-heading\"><strong>Mis on anime ja mis on manga?<\/strong><\/h6>\n\n\n\n<p>Anime (animatsioon) ja manga (koomiksid) on \u00fched tuntuimad m\u00f5isted, mida v\u00f5ib kasutada t\u00e4nap\u00e4eva Jaapani noorte kultuuri iseloomustamiseks. Mis teeb need kaks m\u00f5istet erinevaks l\u00e4\u00e4nes toodetud animatsioonist v\u00f5i koomiksitest, on laiem \u017eanrivalik (lastesaadetest ulmeni, kom\u00f6\u00f6diast v\u00f5itluskunstideni), kaunis ja detailne visuaalne k\u00fclg ning tegelaste mitmek\u00fclgsus (maailm ei ole alati must-valge hea ja kurja vaheline v\u00f5itlus).<\/p>\n\n\n\n<p>Selline mitmek\u00fclgsus on inspireerinud ka Hollywoodi. Tuntud filmitriloogia \u201eMatrix\u201d loojad vennad Wachowskid on \u00f6elnud, et filmiseeria suureks inspiratsiooniks on olnud Mamoru Oshii re\u017eii all 1995. aastal valminud kultusanime \u201eGhost in the Shell\u201d. Koost\u00f6\u00f6 Hollywoodi ja Jaapani animaatorite vahel on toonud vaatajateni DC ning Marveli koomiksite kangelaste p\u00f5hjal valminud teosed nagu \u201eBatman\u201d, \u201eWolverine\u201d ja \u201eIron Man\u201d.<\/p>\n\n\n\n<p>Jaapan on \u00fchtlasi \u00fcks suurimaid ja edukamaid animatsioonitootjaid maailmas. Turuv\u00e4\u00e4rtust hinnatakse animel ainu\u00fcksi USA-s 334 miljonile eurole. Mangad on sarnases olukorras, kuigi v\u00e4hempopulaarsed. Jaapanis seevastu on aga mangaturg tunduvalt laiem, olles 2007. aastal 3,2 miljardit eurot.<\/p>\n\n\n\n<p>Suur m\u00f5ju on lisaks animele ja mangale ka Jaapani m\u00e4ngutootjatel.&nbsp;Paljud on tuttavad selliste m\u00e4ngukonsoolidega nagu Sony PlayStation v\u00f5i Nintendo Wii ning s\u00e4\u00e4raste m\u00e4ngudega nagu Super Mario, Final Fantasy (fantaasiam\u00e4ngude alal \u00fcks edukamaid standardiloojaid), Pok\u00e9mon, Resident Evil, MegaMan ja paljud teised.<\/p>\n\n\n\n<p>AniMatsuri korraldajaks on 2005. aastal Tartus asutatud&nbsp;<a href=\"http:\/\/asashio.anime.ee\/\" target=\"_blank\" rel=\"noreferrer noopener\">MT\u00dc Jaapani kultuuriklubi&nbsp;Asashio<\/a>.<\/p>\n","protected":false},"excerpt":{"rendered":"<p>Lihtsalt ja l\u00fchidalt \u00f6eldes on AniMatsuri jaapani kultuuri huvilistele suunatud festival. R\u00f5huasetus on Jaapani popkultuuril, mis h\u00f5lmab endas animet, mangat (Jaapanis toodetud koomiks), muusikat, arvutim\u00e4nge, moodi jne. Pikemalt kirjeldades on tegu vabatahtlike poolt kokku pandud kahep\u00e4evase \u00fcritusega, mille eesm\u00e4rk on tuua kokku Jaapani-huvilisi Eestist, naaberriikidest ja kaugemaltki. Selle n\u00e4dalavahetuse jooksul saavad k\u00fclastajad kuulata huvitavaid ettekandeid, [&hellip;]<\/p>\n","protected":false},"author":2,"featured_media":180,"parent":0,"menu_order":0,"comment_status":"closed","ping_status":"closed","template":"","meta":{"footnotes":""},"_links":{"self":[{"href":"https:\/\/animatsuri.eu\/2024\/wp-json\/wp\/v2\/pages\/281"}],"collection":[{"href":"https:\/\/animatsuri.eu\/2024\/wp-json\/wp\/v2\/pages"}],"about":[{"href":"https:\/\/animatsuri.eu\/2024\/wp-json\/wp\/v2\/types\/page"}],"author":[{"embeddable":true,"href":"https:\/\/animatsuri.eu\/2024\/wp-json\/wp\/v2\/users\/2"}],"replies":[{"embeddable":true,"href":"https:\/\/animatsuri.eu\/2024\/wp-json\/wp\/v2\/comments?post=281"}],"version-history":[{"count":11,"href":"https:\/\/animatsuri.eu\/2024\/wp-json\/wp\/v2\/pages\/281\/revisions"}],"predecessor-version":[{"id":1064,"href":"https:\/\/animatsuri.eu\/2024\/wp-json\/wp\/v2\/pages\/281\/revisions\/1064"}],"wp:featuredmedia":[{"embeddable":true,"href":"https:\/\/animatsuri.eu\/2024\/wp-json\/wp\/v2\/media\/180"}],"wp:attachment":[{"href":"https:\/\/animatsuri.eu\/2024\/wp-json\/wp\/v2\/media?parent=281"}],"curies":[{"name":"wp","href":"https:\/\/api.w.org\/{rel}","templated":true}]}}