{"id":328,"date":"2024-04-29T13:17:50","date_gmt":"2024-04-29T11:17:50","guid":{"rendered":"https:\/\/animatsuri.eu\/2024\/?page_id=328"},"modified":"2024-05-17T14:05:50","modified_gmt":"2024-05-17T12:05:50","slug":"korraldajatest","status":"publish","type":"page","link":"https:\/\/animatsuri.eu\/2024\/korraldajatest\/","title":{"rendered":"Korraldajatest"},"content":{"rendered":"\n<p>MT\u00dc Jaapani kultuuriklubi Asashio on 2005. aastast Tartus tegutsev Jaapani kultuurihuvilisi \u00fchendav klubi. Kui algselt oli klubiline suund peamiselt keskendunud Jaapani popkultuurile (eesk\u00e4tt animele ja mangale), siis praeguseks on v\u00f5etud laiem suund \u00fcldiselt Jaapanile endale. P\u00f5hitegevuselt keskendub klubi just erinevate \u00fcrituste korraldamisele. Korraldatud on erinevaid loenguid, ettekandeid, pidusid, m\u00e4ngu\u00f5htuid, filmi\u00f5htuid ja&nbsp;<em>workshop<\/em>e. \u00dcheks suurimaks ettev\u00f5tmiseks on aga iga-aastase AniMatsuri festivali korraldamine, mis edukalt kasvab ja kasvab. K\u00e4esoleval aastal toimub AniMatsuri juba 15. korda!<\/p>\n\n\n\n<p><a href=\"https:\/\/asashio.ee\/\" target=\"_blank\" rel=\"noreferrer noopener\">Klubi koduleht<\/a><br><a href=\"https:\/\/www.facebook.com\/jaapanikultuuriklubiasashio\" target=\"_blank\" rel=\"noreferrer noopener\">Facebook<\/a><\/p>\n","protected":false},"excerpt":{"rendered":"<p>MT\u00dc Jaapani kultuuriklubi Asashio on 2005. aastast Tartus tegutsev Jaapani kultuurihuvilisi \u00fchendav klubi. Kui algselt oli klubiline suund peamiselt keskendunud Jaapani popkultuurile (eesk\u00e4tt animele ja mangale), siis praeguseks on v\u00f5etud laiem suund \u00fcldiselt Jaapanile endale. P\u00f5hitegevuselt keskendub klubi just erinevate \u00fcrituste korraldamisele. Korraldatud on erinevaid loenguid, ettekandeid, pidusid, m\u00e4ngu\u00f5htuid, filmi\u00f5htuid ja&nbsp;workshope. \u00dcheks suurimaks ettev\u00f5tmiseks on [&hellip;]<\/p>\n","protected":false},"author":2,"featured_media":421,"parent":0,"menu_order":0,"comment_status":"closed","ping_status":"closed","template":"","meta":{"footnotes":""},"_links":{"self":[{"href":"https:\/\/animatsuri.eu\/2024\/wp-json\/wp\/v2\/pages\/328"}],"collection":[{"href":"https:\/\/animatsuri.eu\/2024\/wp-json\/wp\/v2\/pages"}],"about":[{"href":"https:\/\/animatsuri.eu\/2024\/wp-json\/wp\/v2\/types\/page"}],"author":[{"embeddable":true,"href":"https:\/\/animatsuri.eu\/2024\/wp-json\/wp\/v2\/users\/2"}],"replies":[{"embeddable":true,"href":"https:\/\/animatsuri.eu\/2024\/wp-json\/wp\/v2\/comments?post=328"}],"version-history":[{"count":1,"href":"https:\/\/animatsuri.eu\/2024\/wp-json\/wp\/v2\/pages\/328\/revisions"}],"predecessor-version":[{"id":329,"href":"https:\/\/animatsuri.eu\/2024\/wp-json\/wp\/v2\/pages\/328\/revisions\/329"}],"wp:featuredmedia":[{"embeddable":true,"href":"https:\/\/animatsuri.eu\/2024\/wp-json\/wp\/v2\/media\/421"}],"wp:attachment":[{"href":"https:\/\/animatsuri.eu\/2024\/wp-json\/wp\/v2\/media?parent=328"}],"curies":[{"name":"wp","href":"https:\/\/api.w.org\/{rel}","templated":true}]}}