{"id":332,"date":"2024-04-29T13:20:09","date_gmt":"2024-04-29T11:20:09","guid":{"rendered":"https:\/\/animatsuri.eu\/2024\/?page_id=332"},"modified":"2024-07-19T06:03:00","modified_gmt":"2024-07-19T04:03:00","slug":"festivali-asukoht","status":"publish","type":"page","link":"https:\/\/animatsuri.eu\/2024\/festivali-asukoht\/","title":{"rendered":"Festivali asukoht"},"content":{"rendered":"\n<p>AniMatsuri toimub k\u00e4esoleval aastal&nbsp;<strong>Mart Reiniku Kooli Riia 25<\/strong> \u00f5ppehoones. Siit lehelt leiad k\u00f5ik vajaliku info meie asukoha kohta. \u00dchtlasi jagame ka kaarti neile, kes Tartut eriti ehk ei tunne ning vajaks infot selle kohta, mis olulised asjad kus asuvad.<\/p>\n\n\n<div class=\"wp-block-image\">\n<figure class=\"aligncenter\"><img decoding=\"async\" src=\"https:\/\/animatsuri.eu\/2023\/wp-content\/uploads\/2023\/10\/001_1000025049-scaled.jpg\" alt=\"\" class=\"wp-image-896\"\/><\/figure><\/div>\n\n\n<p>Mart Reiniku kooli Riia 25 \u00f5ppehoone asub kesklinnast umbes 15-minutilise jalutusk\u00e4igu kaugusel. Kooli k\u00f5rval asuva Pauluse kiriku ees on bussipeatus \u201cPauluse\u201d, kus peatuvad kesklinnast tulevad bussid nr 1, 2, 8, 11 ja 12. Kirikust \u00fcle tee asub <a href=\"https:\/\/www.aparaaditehas.ee\/\">Aparaaditehas<\/a>, kus asuvad mitmed toidukohad (Aparaat, Trikster Tihane, Kolm Tilli, Veg Machine jt). 7 minuti kaugusel on Lembitu Konsum, kus asub Coopi pood. L\u00e4heduses on hostelid Looming ja Hektor.<\/p>\n\n\n\n<p>Palume p\u00f6\u00f6rata t\u00e4helepanu sellele, et Mart Reiniku ametlik aadress on Vanemuise 48. AniMatsuri ise toimub aga Riia 25 \u00f5ppehoones, kus on minevikus asunud nii T\u00e4iskasvanute G\u00fcmnaasium kui ka Pu\u0161kini G\u00fcmnaasium.<\/p>\n\n\n\n<p>Festival toimub koolimajas kolmel erineval korrusel. Majas puudub lift.<\/p>\n\n\n\n<div style=\"height:40px\" aria-hidden=\"true\" class=\"wp-block-spacer\"><\/div>\n\n\n\n<h4 class=\"wp-block-heading\">Linnakaart<\/h4>\n\n\n\n<p>Vajad autole parkimiskohta? Kus on su \u00f6\u00f6bimiskoht? Kus on pangaautomaat? Kust leiab s\u00fc\u00fca? Neile ja mitmetele teistele k\u00fcsimustele saate loodetavasti vastuse allolevalt kaardilt.<\/p>\n\n\n\n<div style=\"height:40px\" aria-hidden=\"true\" class=\"wp-block-spacer\"><\/div>\n\n\n\n<iframe src=\"https:\/\/www.google.com\/maps\/d\/u\/1\/embed?mid=1zYF7XPIat2RpZE4HupGKw3Bplh0zGDk&#038;ehbc=2E312F&#038;noprof=1\" width=\"640\" height=\"480\"><\/iframe>\n\n\n\n<div style=\"height:40px\" aria-hidden=\"true\" class=\"wp-block-spacer\"><\/div>\n\n\n\n<hr class=\"wp-block-separator has-alpha-channel-opacity\"\/>\n\n\n\n<div style=\"height:40px\" aria-hidden=\"true\" class=\"wp-block-spacer\"><\/div>\n\n\n\n<h4 class=\"wp-block-heading\">Transpordist<\/h4>\n\n\n\n<div style=\"height:20px\" aria-hidden=\"true\" class=\"wp-block-spacer\"><\/div>\n\n\n\n<h5 class=\"wp-block-heading\">Tartus liiklemine<\/h5>\n\n\n\n<p>Tartu bussiaegade app \u2013&nbsp;<a href=\"https:\/\/play.google.com\/store\/apps\/details?id=com.mobisolutions.transit&amp;hl=en&amp;gl=US\" target=\"_blank\" rel=\"noreferrer noopener\">Google Play Store<\/a>&nbsp;ja&nbsp;<a href=\"https:\/\/apps.apple.com\/ee\/app\/tartu-bussiajad\/id806135432\" target=\"_blank\" rel=\"noreferrer noopener\">App Store<\/a><br><a href=\"https:\/\/tartu.ee\/et\/jalgrattaliiklus\" target=\"_blank\" rel=\"noreferrer noopener\">Jalgrattaga liiklemisest<\/a><br><a href=\"https:\/\/ratas.tartu.ee\/\" target=\"_blank\" rel=\"noreferrer noopener\">Tartu rattaringlus \/ Smart bike<br><\/a>Tartus on v\u00f5imalik rentida Bolti t\u00f5ukerattaid<br><a href=\"https:\/\/www.elektritakso.ee\/\" target=\"_blank\" rel=\"noreferrer noopener\">Elektritakso<\/a>&nbsp;\/&nbsp;<a href=\"https:\/\/www.taksod.ee\/\" target=\"_blank\" rel=\"noreferrer noopener\">Takso \u00dcks<\/a>&nbsp;\/&nbsp;<a href=\"https:\/\/tartu.taksod.ee\/\" target=\"_blank\" rel=\"noreferrer noopener\">Tartu taksod<\/a><\/p>\n\n\n\n<p>Bolti \u00e4pp \u2013 <a href=\"https:\/\/play.google.com\/store\/apps\/details?id=ee.mtakso.client\">Google Play Store<\/a> ja <a href=\"https:\/\/apps.apple.com\/ee\/app\/bolt-request-a-ride\/id675033630\">App Store<\/a><\/p>\n\n\n\n<h5 class=\"wp-block-heading\">Tartusse saabumine ja lahkumine<\/h5>\n\n\n\n<p><a href=\"https:\/\/www.tpilet.ee\/\" target=\"_blank\" rel=\"noreferrer noopener\">Tpilet <\/a>\u2013 linnadevahelistele bussidele pileti ostmiseks<br><a href=\"https:\/\/www.elron.ee\/soiduinfo\/soiduplaanid\" target=\"_blank\" rel=\"noreferrer noopener\">Elron.ee <\/a>\u2013 Rongide s\u00f5iduplaanid ja piletid<br><a href=\"https:\/\/tartu.tallinn-airport.ee\/\" target=\"_blank\" rel=\"noreferrer noopener\">Tartu lennujaam<\/a><\/p>\n\n\n\n<div style=\"height:40px\" aria-hidden=\"true\" class=\"wp-block-spacer\"><\/div>\n\n\n\n<hr class=\"wp-block-separator has-alpha-channel-opacity\"\/>\n\n\n\n<div style=\"height:40px\" aria-hidden=\"true\" class=\"wp-block-spacer\"><\/div>\n\n\n\n<h4 class=\"wp-block-heading\" id=\"majaplaan\">Majaplaan<\/h4>\n\n\n\n<p>Festival asub kokku neljal korrusel, iga\u00fchel neist oma hingus:&nbsp;<\/p>\n\n\n\n<ul>\n<li>0. korrus \u2013 sissep\u00e4\u00e4s, garderoob, s\u00f6\u00f6giala ja v\u00f5imla<\/li>\n\n\n\n<li>1. korrus \u2013 piletim\u00fc\u00fck, infolet, riietusruum, DIY ja puhkeruum<\/li>\n\n\n\n<li>2. korrus \u2013 aula, m\u00fc\u00fcgiletit, kunstnike allee, karaoke, lauam\u00e4ngud, fotosein, joonistusv\u00f5istlus ja cosplay fotov\u00f5istlus<\/li>\n\n\n\n<li>3. korrus \u2013 ettekanded ja t\u00f6\u00f6toad<\/li>\n<\/ul>\n\n\n\n<p>Lae alla PDF versioon majaplaanist <a href=\"https:\/\/animatsuri.eu\/2024\/wp-content\/uploads\/2024\/07\/Kooli-plaan-2024.pdf\" data-type=\"link\" data-id=\"https:\/\/animatsuri.eu\/2024\/wp-content\/uploads\/2024\/07\/Kooli-plaan-2024.pdf\">SIIT<\/a>.<\/p>\n\n\n\n<div class=\"wp-block-columns is-layout-flex wp-container-core-columns-is-layout-1 wp-block-columns-is-layout-flex\">\n<div class=\"wp-block-column is-layout-flow wp-block-column-is-layout-flow\">\n<figure class=\"wp-block-image size-large\"><img fetchpriority=\"high\" decoding=\"async\" width=\"1024\" height=\"914\" src=\"https:\/\/animatsuri.eu\/2024\/wp-content\/uploads\/2024\/07\/kooli-plaan-0-korrus-1024x914.png\" alt=\"\" class=\"wp-image-1809\" srcset=\"https:\/\/animatsuri.eu\/2024\/wp-content\/uploads\/2024\/07\/kooli-plaan-0-korrus-1024x914.png 1024w, https:\/\/animatsuri.eu\/2024\/wp-content\/uploads\/2024\/07\/kooli-plaan-0-korrus-300x268.png 300w, https:\/\/animatsuri.eu\/2024\/wp-content\/uploads\/2024\/07\/kooli-plaan-0-korrus-768x686.png 768w, https:\/\/animatsuri.eu\/2024\/wp-content\/uploads\/2024\/07\/kooli-plaan-0-korrus-1536x1371.png 1536w, https:\/\/animatsuri.eu\/2024\/wp-content\/uploads\/2024\/07\/kooli-plaan-0-korrus-2048x1828.png 2048w\" sizes=\"(max-width: 1024px) 100vw, 1024px\" \/><\/figure>\n<\/div>\n\n\n\n<div class=\"wp-block-column is-layout-flow wp-block-column-is-layout-flow\">\n<figure class=\"wp-block-image size-large\"><img decoding=\"async\" width=\"1024\" height=\"914\" src=\"https:\/\/animatsuri.eu\/2024\/wp-content\/uploads\/2024\/07\/kooli-plaan-1-korrus-1024x914.png\" alt=\"\" class=\"wp-image-1810\" srcset=\"https:\/\/animatsuri.eu\/2024\/wp-content\/uploads\/2024\/07\/kooli-plaan-1-korrus-1024x914.png 1024w, https:\/\/animatsuri.eu\/2024\/wp-content\/uploads\/2024\/07\/kooli-plaan-1-korrus-300x268.png 300w, https:\/\/animatsuri.eu\/2024\/wp-content\/uploads\/2024\/07\/kooli-plaan-1-korrus-768x685.png 768w, https:\/\/animatsuri.eu\/2024\/wp-content\/uploads\/2024\/07\/kooli-plaan-1-korrus-1536x1371.png 1536w, https:\/\/animatsuri.eu\/2024\/wp-content\/uploads\/2024\/07\/kooli-plaan-1-korrus-2048x1827.png 2048w\" sizes=\"(max-width: 1024px) 100vw, 1024px\" \/><\/figure>\n<\/div>\n<\/div>\n\n\n\n<div class=\"wp-block-columns is-layout-flex wp-container-core-columns-is-layout-2 wp-block-columns-is-layout-flex\">\n<div class=\"wp-block-column is-layout-flow wp-block-column-is-layout-flow\">\n<figure class=\"wp-block-image size-large\"><img decoding=\"async\" width=\"1024\" height=\"914\" src=\"https:\/\/animatsuri.eu\/2024\/wp-content\/uploads\/2024\/07\/kooli-plaan-2-korrus-1024x914.png\" alt=\"\" class=\"wp-image-1811\" srcset=\"https:\/\/animatsuri.eu\/2024\/wp-content\/uploads\/2024\/07\/kooli-plaan-2-korrus-1024x914.png 1024w, https:\/\/animatsuri.eu\/2024\/wp-content\/uploads\/2024\/07\/kooli-plaan-2-korrus-300x268.png 300w, https:\/\/animatsuri.eu\/2024\/wp-content\/uploads\/2024\/07\/kooli-plaan-2-korrus-768x686.png 768w, https:\/\/animatsuri.eu\/2024\/wp-content\/uploads\/2024\/07\/kooli-plaan-2-korrus-1536x1371.png 1536w, https:\/\/animatsuri.eu\/2024\/wp-content\/uploads\/2024\/07\/kooli-plaan-2-korrus-2048x1828.png 2048w\" sizes=\"(max-width: 1024px) 100vw, 1024px\" \/><\/figure>\n<\/div>\n\n\n\n<div class=\"wp-block-column is-layout-flow wp-block-column-is-layout-flow\">\n<figure class=\"wp-block-image size-large\"><img loading=\"lazy\" decoding=\"async\" width=\"1024\" height=\"914\" src=\"https:\/\/animatsuri.eu\/2024\/wp-content\/uploads\/2024\/07\/kooli-plaan-3-korrus-1024x914.png\" alt=\"\" class=\"wp-image-1812\" srcset=\"https:\/\/animatsuri.eu\/2024\/wp-content\/uploads\/2024\/07\/kooli-plaan-3-korrus-1024x914.png 1024w, https:\/\/animatsuri.eu\/2024\/wp-content\/uploads\/2024\/07\/kooli-plaan-3-korrus-300x268.png 300w, https:\/\/animatsuri.eu\/2024\/wp-content\/uploads\/2024\/07\/kooli-plaan-3-korrus-768x686.png 768w, https:\/\/animatsuri.eu\/2024\/wp-content\/uploads\/2024\/07\/kooli-plaan-3-korrus-1536x1371.png 1536w, https:\/\/animatsuri.eu\/2024\/wp-content\/uploads\/2024\/07\/kooli-plaan-3-korrus-2048x1828.png 2048w\" sizes=\"(max-width: 1024px) 100vw, 1024px\" \/><\/figure>\n<\/div>\n<\/div>\n","protected":false},"excerpt":{"rendered":"<p>AniMatsuri toimub k\u00e4esoleval aastal&nbsp;Mart Reiniku Kooli Riia 25 \u00f5ppehoones. Siit lehelt leiad k\u00f5ik vajaliku info meie asukoha kohta. \u00dchtlasi jagame ka kaarti neile, kes Tartut eriti ehk ei tunne ning vajaks infot selle kohta, mis olulised asjad kus asuvad. Mart Reiniku kooli Riia 25 \u00f5ppehoone asub kesklinnast umbes 15-minutilise jalutusk\u00e4igu kaugusel. Kooli k\u00f5rval asuva Pauluse [&hellip;]<\/p>\n","protected":false},"author":2,"featured_media":0,"parent":0,"menu_order":0,"comment_status":"closed","ping_status":"closed","template":"","meta":{"footnotes":""},"_links":{"self":[{"href":"https:\/\/animatsuri.eu\/2024\/wp-json\/wp\/v2\/pages\/332"}],"collection":[{"href":"https:\/\/animatsuri.eu\/2024\/wp-json\/wp\/v2\/pages"}],"about":[{"href":"https:\/\/animatsuri.eu\/2024\/wp-json\/wp\/v2\/types\/page"}],"author":[{"embeddable":true,"href":"https:\/\/animatsuri.eu\/2024\/wp-json\/wp\/v2\/users\/2"}],"replies":[{"embeddable":true,"href":"https:\/\/animatsuri.eu\/2024\/wp-json\/wp\/v2\/comments?post=332"}],"version-history":[{"count":11,"href":"https:\/\/animatsuri.eu\/2024\/wp-json\/wp\/v2\/pages\/332\/revisions"}],"predecessor-version":[{"id":1837,"href":"https:\/\/animatsuri.eu\/2024\/wp-json\/wp\/v2\/pages\/332\/revisions\/1837"}],"wp:attachment":[{"href":"https:\/\/animatsuri.eu\/2024\/wp-json\/wp\/v2\/media?parent=332"}],"curies":[{"name":"wp","href":"https:\/\/api.w.org\/{rel}","templated":true}]}}