{"id":722,"date":"2024-06-04T17:36:21","date_gmt":"2024-06-04T15:36:21","guid":{"rendered":"https:\/\/animatsuri.eu\/2024\/?page_id=722"},"modified":"2024-06-08T13:47:55","modified_gmt":"2024-06-08T11:47:55","slug":"oobimine-2","status":"publish","type":"page","link":"https:\/\/animatsuri.eu\/2024\/oobimine-2\/","title":{"rendered":"\u00d6\u00f6bimine"},"content":{"rendered":"\n<p>Tuled kaugelt ega oma Tartus kohta \u00f6\u00f6bimiseks? Meil on r\u00f5\u00f5m teatada, et k\u00e4esoleval aastal pakume koost\u00f6\u00f6s kolme majutusasutusega teile soodsamat \u00f6\u00f6bimist Tartus! Lisaks meie pikaajalisele majutuspartnerile Looming Hostelile pakub soodsamat \u00f6\u00f6bimist ka Hektor Design Hostel ja Hugo.Stay.<\/p>\n\n\n\n<div style=\"height:40px\" aria-hidden=\"true\" class=\"wp-block-spacer\"><\/div>\n\n\n\n<hr class=\"wp-block-separator has-alpha-channel-opacity\"\/>\n\n\n\n<div style=\"height:40px\" aria-hidden=\"true\" class=\"wp-block-spacer\"><\/div>\n\n\n\n<h4 class=\"wp-block-heading\"><img decoding=\"async\" src=\"https:\/\/animatsuri.eu\/2023\/wp-content\/uploads\/2023\/11\/looming-300x84.jpg\" alt=\"\" width=\"300\" height=\"84\" srcset=\"https:\/\/animatsuri.eu\/2023\/wp-content\/uploads\/2023\/11\/looming-300x84.jpg 300w, https:\/\/animatsuri.eu\/2023\/wp-content\/uploads\/2023\/11\/looming-1024x288.jpg 1024w, https:\/\/animatsuri.eu\/2023\/wp-content\/uploads\/2023\/11\/looming-768x216.jpg 768w, https:\/\/animatsuri.eu\/2023\/wp-content\/uploads\/2023\/11\/looming.jpg 1125w\"><\/h4>\n\n\n\n<p>Pikaaegne partner hostel Looming pakub -15% soodustust k\u00f5igile broneerijatele. Broneeri \u00f6\u00f6bimine enne 15. juulit Loomingu kodulehel <a href=\"http:\/\/www.loominghostel.ee\/\" target=\"_blank\" rel=\"noreferrer noopener\">www.loominghostel.ee<\/a> sooduskoodiga ANIMATSURI24. Soodustus kehtib vahemikule 19.-22. juuli. Looming Hostelis on hubane \u00f5hkkond, 1-5 kohaga privaattoad, 6 ja 16 voodiga \u00fchistoad, toidu valmistamiseks k\u00f6\u00f6ginurk, pesemisv\u00f5imalus, tasuta parkimine ja WiFi. Hostel asub paari minutilise jalutusk\u00e4igu kaugusel festivali toimumiskohast ja 15-minutilise jalutusk\u00e4igu kaugusel kesklinnast aadressil Kastani 38.<\/p>\n\n\n\n<p>Soodustuse detailid:<\/p>\n\n\n\n<ul>\n<li><em>-15%, kui broneerida kodulehel<\/em><\/li>\n\n\n\n<li><em>Soodusperiood on 19.-22. juuli<\/em>.<\/li>\n\n\n\n<li><em>Broneeri enne 15. juulit<\/em>.<\/li>\n\n\n\n<li><em>Sooduskood:<\/em> <strong>ANIMATSURI24<\/strong><\/li>\n<\/ul>\n\n\n\n<p>Veebileht: <a href=\"https:\/\/est.loominghostel.ee\/\">www.loominghostel.ee<\/a><br>E-mail: <a href=\"mailto:info@loominghostel.ee\">info@loominghostel.ee<\/a><br>Telefon: +372 56994398<\/p>\n\n\n\n<div style=\"height:40px\" aria-hidden=\"true\" class=\"wp-block-spacer\"><\/div>\n\n\n\n<hr class=\"wp-block-separator has-alpha-channel-opacity\"\/>\n\n\n\n<div style=\"height:40px\" aria-hidden=\"true\" class=\"wp-block-spacer\"><\/div>\n\n\n\n<h4 class=\"wp-block-heading\"><img decoding=\"async\" src=\"https:\/\/animatsuri.eu\/2023\/wp-content\/uploads\/2023\/11\/Hektor_Design_Hostels_logo_14-300x154.png\" alt=\"\" width=\"300\" height=\"154\" srcset=\"https:\/\/animatsuri.eu\/2023\/wp-content\/uploads\/2023\/11\/Hektor_Design_Hostels_logo_14-300x154.png 300w, https:\/\/animatsuri.eu\/2023\/wp-content\/uploads\/2023\/11\/Hektor_Design_Hostels_logo_14-1024x525.png 1024w, https:\/\/animatsuri.eu\/2023\/wp-content\/uploads\/2023\/11\/Hektor_Design_Hostels_logo_14-768x394.png 768w, https:\/\/animatsuri.eu\/2023\/wp-content\/uploads\/2023\/11\/Hektor_Design_Hostels_logo_14.png 1152w\"><\/h4>\n\n\n\n<p>Hektor Design Hostel Tartus on unikaalne Baltikumis, pakkudes traditsioonilist majutust hotelli kvaliteedi ja hosteli hindadega. Hektor on kontakti- ning v\u00f5tmevaba. Hostelisse ja tubadesse p\u00e4\u00e4seb iga k\u00fclaline enda privaatse uksekoodiga, mille v\u00f5\u00f5rustaja sulle edastab. Hostelil on enda kinnine autoparkla, millele ligip\u00e4\u00e4s on v\u00f5imaldatud hosteli klientidele.<\/p>\n\n\n\n<p>Soodustuse detailid:<\/p>\n\n\n\n<ul>\n<li><em>-30%<\/em><\/li>\n\n\n\n<li><em>Sooduskood:<strong> ANIMATSURI24<\/strong><\/em><\/li>\n\n\n\n<li><em>Soodusperiood on 19.-22. juuli<\/em><\/li>\n<\/ul>\n\n\n\n<p>Koduleht: <a href=\"https:\/\/www.hektorstay.com\/hostels\/\">www.hektorstay.com<\/a><br>E-Mail: <a href=\"mailto:hektor@hektorhostels.com\">hektor@hektorhostels.com<\/a><\/p>\n\n\n\n<div style=\"height:40px\" aria-hidden=\"true\" class=\"wp-block-spacer\"><\/div>\n\n\n\n<hr class=\"wp-block-separator has-alpha-channel-opacity\"\/>\n\n\n\n<div style=\"height:40px\" aria-hidden=\"true\" class=\"wp-block-spacer\"><\/div>\n\n\n\n<h4 class=\"wp-block-heading\"><img decoding=\"async\" src=\"https:\/\/animatsuri.eu\/2023\/wp-content\/uploads\/2023\/11\/hugostay_logo_main_1-300x76.png\" alt=\"\" width=\"300\" height=\"76\" srcset=\"https:\/\/animatsuri.eu\/2023\/wp-content\/uploads\/2023\/11\/hugostay_logo_main_1-300x76.png 300w, https:\/\/animatsuri.eu\/2023\/wp-content\/uploads\/2023\/11\/hugostay_logo_main_1-1024x261.png 1024w, https:\/\/animatsuri.eu\/2023\/wp-content\/uploads\/2023\/11\/hugostay_logo_main_1-768x196.png 768w, https:\/\/animatsuri.eu\/2023\/wp-content\/uploads\/2023\/11\/hugostay_logo_main_1-1536x391.png 1536w, https:\/\/animatsuri.eu\/2023\/wp-content\/uploads\/2023\/11\/hugostay_logo_main_1-2048x521.png 2048w, https:\/\/animatsuri.eu\/2023\/wp-content\/uploads\/2023\/11\/hugostay_logo_main_1-1200x305.png 1200w, https:\/\/animatsuri.eu\/2023\/wp-content\/uploads\/2023\/11\/hugostay_logo_main_1-1980x504.png 1980w\"><\/h4>\n\n\n\n<p>Hugo.Stay on uudne majutusasutus Tartu kesklinnas. Meie nutika planeeringu ja minimalistliku disainiga pisikorterid sobivad ideaalselt linnapuhkuseks. Kui Tartust saab sinu peatuspaik vaid m\u00f5neks \u00f6\u00f6ks, on Hugo.Stay nutikad ja funktsionaalsed pisikorterid Tartu kesklinnas sinu jaoks juba valmis. P\u00e4\u00e4sed majja ja oma korterisse kontaktivabalt isikliku koodiga, mis teeb k\u00fclastuse mugavaks ja turvaliseks.<\/p>\n\n\n\n<p>Soodustuse detailid:<\/p>\n\n\n\n<ul>\n<li><em>-30%<\/em><\/li>\n\n\n\n<li><em>Sooduskood:<strong> ANIMATSURI24<\/strong><\/em><\/li>\n\n\n\n<li><em>Soodusperiood on 19.-22. juuli<\/em><\/li>\n<\/ul>\n\n\n\n<p>Koduleht: <a href=\"https:\/\/hugostay.com\/et\/\">www.hugostay.com<\/a><br>E-Mail: <a href=\"mailto:hello@hugostay.com\">hello@hugostay.com<\/a><\/p>\n\n\n\n<div style=\"height:40px\" aria-hidden=\"true\" class=\"wp-block-spacer\"><\/div>\n\n\n\n<hr class=\"wp-block-separator has-alpha-channel-opacity\"\/>\n\n\n\n<div style=\"height:40px\" aria-hidden=\"true\" class=\"wp-block-spacer\"><\/div>\n\n\n\n<p>Lisaks nendele kohtadele leidub Tartus veel erinevaid \u00f6\u00f6bimiskohti. Nende leidmiseks saab k\u00fclastada j\u00e4rgnevaid veebilehti: <a href=\"https:\/\/visittartu.com\/et\/majutus\">visittartu.com<\/a>, <a href=\"https:\/\/www.booking.com\/city\/ee\/tartu.et.html\">booking.com<\/a> v\u00f5i <a href=\"https:\/\/www.airbnb.com.ee\">airbnb.com<\/a><\/p>\n","protected":false},"excerpt":{"rendered":"<p>Tuled kaugelt ega oma Tartus kohta \u00f6\u00f6bimiseks? Meil on r\u00f5\u00f5m teatada, et k\u00e4esoleval aastal pakume koost\u00f6\u00f6s kolme majutusasutusega teile soodsamat \u00f6\u00f6bimist Tartus! Lisaks meie pikaajalisele majutuspartnerile Looming Hostelile pakub soodsamat \u00f6\u00f6bimist ka Hektor Design Hostel ja Hugo.Stay. Pikaaegne partner hostel Looming pakub -15% soodustust k\u00f5igile broneerijatele. Broneeri \u00f6\u00f6bimine enne 15. juulit Loomingu kodulehel www.loominghostel.ee sooduskoodiga [&hellip;]<\/p>\n","protected":false},"author":2,"featured_media":181,"parent":0,"menu_order":0,"comment_status":"closed","ping_status":"closed","template":"","meta":{"footnotes":""},"_links":{"self":[{"href":"https:\/\/animatsuri.eu\/2024\/wp-json\/wp\/v2\/pages\/722"}],"collection":[{"href":"https:\/\/animatsuri.eu\/2024\/wp-json\/wp\/v2\/pages"}],"about":[{"href":"https:\/\/animatsuri.eu\/2024\/wp-json\/wp\/v2\/types\/page"}],"author":[{"embeddable":true,"href":"https:\/\/animatsuri.eu\/2024\/wp-json\/wp\/v2\/users\/2"}],"replies":[{"embeddable":true,"href":"https:\/\/animatsuri.eu\/2024\/wp-json\/wp\/v2\/comments?post=722"}],"version-history":[{"count":5,"href":"https:\/\/animatsuri.eu\/2024\/wp-json\/wp\/v2\/pages\/722\/revisions"}],"predecessor-version":[{"id":1060,"href":"https:\/\/animatsuri.eu\/2024\/wp-json\/wp\/v2\/pages\/722\/revisions\/1060"}],"wp:featuredmedia":[{"embeddable":true,"href":"https:\/\/animatsuri.eu\/2024\/wp-json\/wp\/v2\/media\/181"}],"wp:attachment":[{"href":"https:\/\/animatsuri.eu\/2024\/wp-json\/wp\/v2\/media?parent=722"}],"curies":[{"name":"wp","href":"https:\/\/api.w.org\/{rel}","templated":true}]}}