{"id":886,"date":"2024-06-08T09:12:32","date_gmt":"2024-06-08T07:12:32","guid":{"rendered":"https:\/\/animatsuri.eu\/2024\/?page_id=886"},"modified":"2024-07-03T18:29:46","modified_gmt":"2024-07-03T16:29:46","slug":"amv-voistlus","status":"publish","type":"page","link":"https:\/\/animatsuri.eu\/2024\/amv-voistlus\/","title":{"rendered":"AMV v\u00f5istlus"},"content":{"rendered":"\n<p>AniMatsuri AMV v\u00f5istlus on tagasi! Meil on r\u00f5\u00f5m teatada, et p\u00e4rast mitmeaastast vaheaega ootame k\u00f5iki huvilisi uuesti osalema AniMatsuri anime-muusikavideote (AMV) meisterdamise v\u00f5istlusel. On aeg k\u00e4ised \u00fcles k\u00e4\u00e4rida ja meelde tuletada, kuidas see videote l\u00f5ikamine ja kleepimine t\u00e4pselt k\u00e4is!<\/p>\n\n\n\n<div style=\"height:40px\" aria-hidden=\"true\" class=\"wp-block-spacer\"><\/div>\n\n\n\n<hr class=\"wp-block-separator has-alpha-channel-opacity\"\/>\n\n\n\n<div style=\"height:40px\" aria-hidden=\"true\" class=\"wp-block-spacer\"><\/div>\n\n\n\n<h5 class=\"wp-block-heading\">REEGLID<\/h5>\n\n\n\n<ol>\n<li><strong>Osaleda saavad ainult AniMatsuri festivalile pileti ostnud isikud<\/strong> \u2013 pilet peab olema v\u00e4hemalt \u00fchel meeskonnaliikmel.<\/li>\n\n\n\n<li>Video pikkus peab j\u00e4\u00e4ma <strong>2 ja 5 minuti<\/strong> vahele.<\/li>\n\n\n\n<li>Iga osaleja v\u00f5ib esitada <strong>kuni kaks videot<\/strong>.<\/li>\n\n\n\n<li>AMV peab olema autori enda valmistatud \u2013 kellegi teise poolt loodud AMV-de kasutamine, kas v\u00f5i osaliselt, ei ole lubatud.<\/li>\n\n\n\n<li>Korraldajatel on \u00f5igus v\u00f5istluselt k\u00f5rvaldada pornograafiat v\u00f5i muud noorte\u00fcritusele mittesobivat materjali sisaldavad videod. Kui kahtled materjali sobivuses, k\u00fcsi eelnevalt \u00fcle.<\/li>\n\n\n\n<li>V\u00e4hemalt 70% videomaterjalist peab p\u00e4rinema animest, animestiilis videom\u00e4ngudest v\u00f5i sama stiili j\u00e4ljendavast muust animatsioonist. \u00dclej\u00e4\u00e4nu osas on autoril vabad k\u00e4ed.<\/li>\n\n\n\n<li>Muusikavalik on vaba. Lubatud on kasutada mitut erinevat lugu, samuti dialoogi ja heliefekte. Arvestada tuleb, et tegu on siiski muusikavideoga, seega p\u00f5hir\u00f5hk peab j\u00e4\u00e4ma muusikale.<\/li>\n\n\n\n<li>Meeskonnat\u00f6\u00f6 on lubatud \u2013 video esitamisel tuleb \u00e4ra m\u00e4rkida k\u00f5ik meeskonnaliikmed.<\/li>\n\n\n\n<li>Et k\u00f5igil oleks v\u00f5rdsemad v\u00f5imalused, ei ole lubatud oma video laiem promomine enne v\u00f5istlust, samuti pole lubatud esitada videoid, mis on juba varem m\u00f5nel v\u00f5istlusel osalenud.<\/li>\n\n\n\n<li><strong>V\u00f5istlust\u00f6\u00f6 ei tohi sisaldada algus- ega l\u00f5putiitreid<\/strong> (n\u00e4iteks logosid, autori ja video nime, t\u00e4nuavaldusi vms). Samuti ei ole lubatud logode ja vesim\u00e4rkidega videoklipid, kui need ei t\u00e4ida kunstilist eesm\u00e4rki. Korraldajad lisavad ise iga video algusesse tutvustava klipi koos v\u00f5istlust\u00f6\u00f6 ja autorite nimedega.<\/li>\n\n\n\n<li>V\u00f5istlust\u00f6\u00f6 tuleb esitada digitaalsel kujul. Lubatud on k\u00f5ik levinumad videoformaadid, millega VLC ja MPC-HC meediam\u00e4ngijad hakkama saavad. Korraldajatel on \u00f5igus v\u00f5istluselt eemaldada suures saalis n\u00e4itamiseks sobimatult halva pildi- v\u00f5i helikvaliteediga videoid.<\/li>\n\n\n\n<li>Tehisintellekti poolt loodud videote esitamine v\u00f5istlust\u00f6\u00f6na v\u00f5i kasutamine v\u00f5istlust\u00f6\u00f6 osana ei ole lubatud.<\/li>\n<\/ol>\n\n\n\n<div style=\"height:40px\" aria-hidden=\"true\" class=\"wp-block-spacer\"><\/div>\n\n\n\n<h6 class=\"wp-block-heading\"><strong>M\u00f5ned t\u00e4iendavad soovitused korraldajatelt<\/strong><\/h6>\n\n\n\n<ol>\n<li>Kvaliteetse tulemuse tagamiseks soovitame videote valmistamisel kasutada HD-kvaliteediga algmaterjali (<strong>1080p v\u00f5i 4k<\/strong>) ja salvestada l\u00f5pptulemus samuti 1920\u00d71080 v\u00f5i 4k resolutsiooniga. K\u00f5ik teistsuguse resolutsiooniga videod konverteeritakse korraldajate poolt \u00fcmber ja me ei suuda garanteerida, et pildikvaliteet selle k\u00e4igus ei halvene. Seet\u00f5ttu palume kindlasti kasutada standardseid 16:9 kuvasuhtega k\u00f5rge lahutusega resolutsioone.<\/li>\n\n\n\n<li>Soovitame video salvestamisel kasutada <strong>H.264<\/strong> kodeeringut ja VBRi (variable bit rate).<\/li>\n\n\n\n<li>Palume p\u00f6\u00f6rata t\u00e4helepanu ka helikvaliteedile. Soovitame kasutada <strong>AAC<\/strong> kodeeringut (<strong>192kbps<\/strong> v\u00f5i rohkem) ja j\u00e4lgida, et erinevate klippide kombineerimisel oleksid helitugevused \u00fchtlustatud.<\/li>\n\n\n\n<li>Anime algus- v\u00f5i l\u00f5puklippide kasutamine, eriti kui need sisaldavad tiitreid, karaoket v\u00f5i muid tekste, ei ole hea tava ning j\u00e4tab AMVst ebaprofessionaalse mulje.<\/li>\n\n\n\n<li>Et mitte minna vastuollu \u00fcheksanda reeglipunktiga (video promomine), ei ole soovitav videot \u00fcles laadida YouTube\u2019i ega muusse avalikku kohta. Korraldajad v\u00f5ivad sellised videod v\u00f5istluselt eemaldada (otsuse teeme iga olukorra kohta eraldi, v\u00f5ttes arvesse vaatamiste arvu ja muid kriteeriumeid).<\/li>\n<\/ol>\n\n\n\n<div style=\"height:40px\" aria-hidden=\"true\" class=\"wp-block-spacer\"><\/div>\n\n\n\n<h5 class=\"wp-block-heading\">V\u00d5ISTLUSE K\u00c4IK<\/h5>\n\n\n\n<p>Korraldajate poolt kokku kutsutav \u017e\u00fcrii valib saabunud v\u00f5istlust\u00f6\u00f6de hulgast v\u00e4lja k\u00fcmme paremat, mis p\u00e4\u00e4sevad l\u00f5ppv\u00f5istlusele. V\u00f5itja selgitatakse v\u00e4lja AniMatsuri festivalil rahvah\u00e4\u00e4letuse teel.<\/p>\n\n\n\n<div style=\"height:40px\" aria-hidden=\"true\" class=\"wp-block-spacer\"><\/div>\n\n\n\n<h5 class=\"wp-block-heading\">V\u00d5ISTLUST\u00d6\u00d6DE ESITAMINE<\/h5>\n\n\n\n<p>T\u00f6\u00f6de esitamise t\u00e4htaeg: <strong>1. juuli 2024 kell 19.00 (GMT+3)<\/strong>.<\/p>\n\n\n\n<p>V\u00f5id kasutada v\u00f5istlust\u00f6\u00f6 \u00fcleslaadimiseks oma isiklikku failiserverit v\u00f5i m\u00f5nda usaldusv\u00e4\u00e4rset avalikku kohta nagu Dropbox, Google Drive vms. Video peab olema serverist allalaaditav ilma spetsiaalse tarkvarata (YouTube\u2019i lingid ei ole lubatud). V\u00f5istluse korraldajad video \u00fcleslaadimiseks failiserverit ei paku.<\/p>\n\n\n\n<p>Videofailide maksimaalseks lubatud suuruseks on 5 GB. Video peab olema serveris k\u00e4ttesaadav kuni AniMatsuri festivali l\u00f5puni (21. juuli 2024).<\/p>\n\n\n\n<p>V\u00f5istlusel osalemisest palume teada anda e-postiga aadressil <a href=\"mailto:amv@animatsuri.eu\">amv@animatsuri.eu<\/a>.<\/p>\n\n\n\n<p>Kiri peab sisaldama:<\/p>\n\n\n\n<ul>\n<li>v\u00f5istlust\u00f6\u00f6 nime,<\/li>\n\n\n\n<li>k\u00f5igi osalejate t\u00e4isnimesid, vanuseid ja e-postiaadresse,<\/li>\n\n\n\n<li>linki videole,<\/li>\n\n\n\n<li>k\u00f5igi videos kasutatud lugude ja animete nimesid,<\/li>\n\n\n\n<li>AniMatsuri \u00fche- v\u00f5i kahep\u00e4evapileti koopiat v\u00f5i fotot piletist (\u00fche meeskonnaliikme oma).<\/li>\n<\/ul>\n\n\n\n<p>NB! Kui soovid esineda oma t\u00e4isnime asemel aliase v\u00f5i h\u00fc\u00fcdnime all, anna sellest meile teada. P\u00e4risnimi peab osalemistaotluses siiski kirjas olema, kuid vastava sooviavalduse korral me seda ei avalda.<\/p>\n\n\n\n<p>V\u00f5istlust\u00f6\u00f6de saatmisel annad korraldajatele \u00f5iguse avaldada ja reklaamida neid festivaliga seotud meediakanalites, sealhulgas AniMatsuri kodulehel, YouTube\u2019is ja sotsiaalmeedias.<\/p>\n\n\n\n<p><strong>Head meisterdamist!<\/strong><\/p>\n","protected":false},"excerpt":{"rendered":"<p>AniMatsuri AMV v\u00f5istlus on tagasi! Meil on r\u00f5\u00f5m teatada, et p\u00e4rast mitmeaastast vaheaega ootame k\u00f5iki huvilisi uuesti osalema AniMatsuri anime-muusikavideote (AMV) meisterdamise v\u00f5istlusel. On aeg k\u00e4ised \u00fcles k\u00e4\u00e4rida ja meelde tuletada, kuidas see videote l\u00f5ikamine ja kleepimine t\u00e4pselt k\u00e4is! REEGLID M\u00f5ned t\u00e4iendavad soovitused korraldajatelt V\u00d5ISTLUSE K\u00c4IK Korraldajate poolt kokku kutsutav \u017e\u00fcrii valib saabunud v\u00f5istlust\u00f6\u00f6de hulgast [&hellip;]<\/p>\n","protected":false},"author":2,"featured_media":888,"parent":0,"menu_order":0,"comment_status":"closed","ping_status":"closed","template":"","meta":{"footnotes":""},"_links":{"self":[{"href":"https:\/\/animatsuri.eu\/2024\/wp-json\/wp\/v2\/pages\/886"}],"collection":[{"href":"https:\/\/animatsuri.eu\/2024\/wp-json\/wp\/v2\/pages"}],"about":[{"href":"https:\/\/animatsuri.eu\/2024\/wp-json\/wp\/v2\/types\/page"}],"author":[{"embeddable":true,"href":"https:\/\/animatsuri.eu\/2024\/wp-json\/wp\/v2\/users\/2"}],"replies":[{"embeddable":true,"href":"https:\/\/animatsuri.eu\/2024\/wp-json\/wp\/v2\/comments?post=886"}],"version-history":[{"count":8,"href":"https:\/\/animatsuri.eu\/2024\/wp-json\/wp\/v2\/pages\/886\/revisions"}],"predecessor-version":[{"id":1313,"href":"https:\/\/animatsuri.eu\/2024\/wp-json\/wp\/v2\/pages\/886\/revisions\/1313"}],"wp:featuredmedia":[{"embeddable":true,"href":"https:\/\/animatsuri.eu\/2024\/wp-json\/wp\/v2\/media\/888"}],"wp:attachment":[{"href":"https:\/\/animatsuri.eu\/2024\/wp-json\/wp\/v2\/media?parent=886"}],"curies":[{"name":"wp","href":"https:\/\/api.w.org\/{rel}","templated":true}]}}