{"id":892,"date":"2024-06-08T09:14:33","date_gmt":"2024-06-08T07:14:33","guid":{"rendered":"https:\/\/animatsuri.eu\/2024\/?page_id=892"},"modified":"2024-06-08T13:28:08","modified_gmt":"2024-06-08T11:28:08","slug":"joonistusvoistlus","status":"publish","type":"page","link":"https:\/\/animatsuri.eu\/2024\/joonistusvoistlus\/","title":{"rendered":"Joonistusv\u00f5istlus"},"content":{"rendered":"\n<p><strong>Kuidas t\u00e4histavad suvefestivali Aki, Sousuke ja Wilhelm?<\/strong> Missuguseid soove v\u00f5iksid nad soovipuu k\u00fclge riputada? Kes kolmest saab hakkama k\u00f5ige suurema kusudama (origami-palli) meisterdamisega? Ava aknad ja lase v\u00e4rskel suve\u00f5hul festivaliemotsioonid enda l\u00f5uendile kanda!<\/p>\n\n\n\n<p>Tutvu meie maskottidega <a href=\"https:\/\/animatsuri.eu\/2024\/maskotid-2\/\">siin<\/a>.<\/p>\n\n\n\n<div style=\"height:40px\" aria-hidden=\"true\" class=\"wp-block-spacer\"><\/div>\n\n\n\n<hr class=\"wp-block-separator has-alpha-channel-opacity\"\/>\n\n\n\n<div style=\"height:40px\" aria-hidden=\"true\" class=\"wp-block-spacer\"><\/div>\n\n\n\n<h5 class=\"wp-block-heading\">REEGLID JA OLULINE INFO<\/h5>\n\n\n\n<ul>\n<li>\u00dche autori poolt kuni kaks t\u00f6\u00f6d. V\u00f5ib esitada kaks digitaalset t\u00f6\u00f6d, kaks paberkujul t\u00f6\u00f6d, aga ka n\u00e4iteks \u00fche t\u00f6\u00f6 digitaalselt ja teine f\u00fc\u00fcsiliselt.<\/li>\n\n\n\n<li>Pilt peab olema <strong>A4 formaadis<\/strong> (21\u00d729,7 cm) v\u00f5i <strong>.png formaadis<\/strong> (soovitatavad m\u00f5\u00f5tmed 2480 x 3508 px).<\/li>\n\n\n\n<li>F\u00fc\u00fcsilisel kujul esitatud pilt ei tohi olla kokku murtud, seega kasutada A4 formaadi jaoks sobivat \u00fcmbrikut. <strong>Pilt peab olema kiletasku sees.<\/strong><\/li>\n\n\n\n<li><strong>Pildi esik\u00fclg ei tohi olla signeeritud.<\/strong> Signatuuri\/autori nime v\u00f5ib hariliku pliiatsiga kirjutada t\u00f6\u00f6 tagak\u00fcljele (t\u00f6\u00f6de valedesse k\u00e4tesse j\u00f5udmist pole vaja karta, niisiis pole range signeerimine vajalik).<\/li>\n\n\n\n<li>Joonistuse paberkujul saatmine: t\u00f6\u00f6\/d tuleb saata <strong>hiljemalt 15. juulil 2024<\/strong> aadressil <em>Vanemuise 48, 51003 Tartu<\/em>. Saaja nimeks m\u00e4rkida MT\u00dc Jaapani kultuuriklubi Asashio. Pildi tagak\u00fcljele kirjutada t\u00e4isnimi, vanus ning e-maili aadress (kasutuselolev). Kui on soov t\u00f6\u00f6\/d isiklikult \u00fcle anda, saatke kiri e-maili aadressil <a href=\"mailto:art@animatsuri.eu\">art@animatsuri.eu<\/a>, siis lepime kokku, kuidas edasi toimida. <strong>NB!<\/strong> Kui saadate postiga, p\u00e4\u00e4sevad v\u00f5istlusele ainult need t\u00f6\u00f6d, mille postitemplil on saatmiskuup\u00e4evaks <strong>hiljemalt 15. juuli<\/strong>.<\/li>\n\n\n\n<li>Joonistuse digitaalselt saatmine: t\u00f6\u00f6\/d tuleb saata <strong>hiljemalt 15. juulil 2024<\/strong> aadressil <a href=\"mailto:art@animatsuri.eu\">art@animatsuri.eu<\/a>. E-maili pealkirjaks panna \u201cJoonistusv\u00f5istlus 2024\u201d ja oma nimi. Kirja kehatekstisse lisada autori t\u00e4isnimi, vanus ja link pildifailile (soovitame faili panna n\u00e4iteks Dropboxi v\u00f5i Google Drive\u2019i). V\u00f5istlusele p\u00e4\u00e4sevad ainult need t\u00f6\u00f6d, mis on saadetud <strong>hiljemalt 15. juulil kell 23.59<\/strong> (GMT +3).<\/li>\n\n\n\n<li>Pildid v\u00f5ivad postis kaduma minna, palun sellega arvestada. Soovituslik on <strong>enda t\u00f6\u00f6st varukoopia teha ja see festivalile kaasa v\u00f5tta<\/strong>, et t\u00f6\u00f6 saaks \u00fcles ka siis, kui originaal on t\u00f5esti postis kaduma l\u00e4inud. <strong>NB!<\/strong> Kui t\u00f6\u00f6\/d on k\u00e4tte saadud, saadab korraldaja pildile lisatud e-maili aadressile kirja, et t\u00f6\u00f6\/d on kohale j\u00f5udnud. Kui vastavat kirja pole tulnud <strong>17. juuliks<\/strong>, palun korraldajaga \u00fchendust v\u00f5tta. T\u00f6\u00f6d, mis tuuakse festivalip\u00e4eval, aga mille postis kadumamineku kohta pole korraldajal andmeid, v\u00f5istlusele ei p\u00e4\u00e4se.<\/li>\n\n\n\n<li>Pilt ei tohi sisaldada pornograafiat, kutsuda \u00fcles v\u00e4givallale, sisaldada roppusi v\u00f5i muud ebasobivat.<\/li>\n\n\n\n<li>AI kasutamine \u00fcksk\u00f5ik millise pildiosa loomiseks ei ole lubatud. Veendumaks, et sinu t\u00f6\u00f6 p\u00e4\u00e4seb v\u00f5istlusele, <strong>palun j\u00e4\u00e4dvusta progressifotosid v\u00f5i -videoklippe enda t\u00f6\u00f6protsessist<\/strong>. V\u00f5istluse korraldaja v\u00f5ib sult neid k\u00fcsida.<\/li>\n\n\n\n<li>Digitaalselt esitatud t\u00f6\u00f6d prindime ise v\u00e4lja, aga ei saa garanteerida, et v\u00e4lja prinditud t\u00f6\u00f6 n\u00e4eb v\u00e4lja samasugune nagu arvutis.<\/li>\n\n\n\n<li>Pilti\/e autorile ei tagastata.<\/li>\n\n\n\n<li>Keelatud on oma v\u00f5istlust\u00f6\u00f6d\/t\u00f6id enne v\u00f5istluse l\u00f5ppu Internetis avaldada. T\u00f6\u00f6\/d v\u00f5ib avalikustada alles p\u00e4rast v\u00f5istlust.<\/li>\n\n\n\n<li>Joonistused pannakse festivalil \u00fcles n\u00e4itusena ning k\u00f5ikidel k\u00fclastajatel on v\u00f5imalik anda oma h\u00e4\u00e4l*. H\u00e4\u00e4letus ja pildid on anon\u00fc\u00fcmsed.<\/li>\n<\/ul>\n\n\n\n<p>Joonistusv\u00f5istluse v\u00f5itja kuulutatakse v\u00e4lja festivali teisel p\u00e4eval l\u00f5putseremoonial. Esikolmikule toredad auhinnad!<\/p>\n\n\n\n<ul>\n<li><em>Kuna tegu on rahvah\u00e4\u00e4letusega, v\u00f5ivad v\u00f5istlusest soovi korral osa v\u00f5tta ka AniMatsuri meeskonnaliikmed.<\/em><\/li>\n<\/ul>\n\n\n\n<p>Joonistusv\u00f5istlusele t\u00f6\u00f6 saatmisega annad n\u00f5usoleku, et sinu t\u00f6\u00f6d v\u00f5idakse koos korrektse viitega autorile kasutada n\u00e4ituse jaoks ja AniMatsuri festivali reklaamimiseks.<\/p>\n\n\n\n<p><strong>Kui tekib k\u00fcsimusi<\/strong> v\u00f5istluse, failide salvestamise vm kohta, v\u00f5ib julgelt kirjutada <a href=\"mailto:art@animatsuri.eu\">art@animatsuri.eu<\/a>.<\/p>\n","protected":false},"excerpt":{"rendered":"<p>Kuidas t\u00e4histavad suvefestivali Aki, Sousuke ja Wilhelm? Missuguseid soove v\u00f5iksid nad soovipuu k\u00fclge riputada? Kes kolmest saab hakkama k\u00f5ige suurema kusudama (origami-palli) meisterdamisega? Ava aknad ja lase v\u00e4rskel suve\u00f5hul festivaliemotsioonid enda l\u00f5uendile kanda! Tutvu meie maskottidega siin. REEGLID JA OLULINE INFO Joonistusv\u00f5istluse v\u00f5itja kuulutatakse v\u00e4lja festivali teisel p\u00e4eval l\u00f5putseremoonial. Esikolmikule toredad auhinnad! Joonistusv\u00f5istlusele t\u00f6\u00f6 saatmisega [&hellip;]<\/p>\n","protected":false},"author":2,"featured_media":998,"parent":0,"menu_order":0,"comment_status":"closed","ping_status":"closed","template":"","meta":{"footnotes":""},"_links":{"self":[{"href":"https:\/\/animatsuri.eu\/2024\/wp-json\/wp\/v2\/pages\/892"}],"collection":[{"href":"https:\/\/animatsuri.eu\/2024\/wp-json\/wp\/v2\/pages"}],"about":[{"href":"https:\/\/animatsuri.eu\/2024\/wp-json\/wp\/v2\/types\/page"}],"author":[{"embeddable":true,"href":"https:\/\/animatsuri.eu\/2024\/wp-json\/wp\/v2\/users\/2"}],"replies":[{"embeddable":true,"href":"https:\/\/animatsuri.eu\/2024\/wp-json\/wp\/v2\/comments?post=892"}],"version-history":[{"count":7,"href":"https:\/\/animatsuri.eu\/2024\/wp-json\/wp\/v2\/pages\/892\/revisions"}],"predecessor-version":[{"id":1048,"href":"https:\/\/animatsuri.eu\/2024\/wp-json\/wp\/v2\/pages\/892\/revisions\/1048"}],"wp:featuredmedia":[{"embeddable":true,"href":"https:\/\/animatsuri.eu\/2024\/wp-json\/wp\/v2\/media\/998"}],"wp:attachment":[{"href":"https:\/\/animatsuri.eu\/2024\/wp-json\/wp\/v2\/media?parent=892"}],"curies":[{"name":"wp","href":"https:\/\/api.w.org\/{rel}","templated":true}]}}