{"id":906,"date":"2024-06-08T09:19:59","date_gmt":"2024-06-08T07:19:59","guid":{"rendered":"https:\/\/animatsuri.eu\/2024\/?page_id=906"},"modified":"2024-07-15T19:42:57","modified_gmt":"2024-07-15T17:42:57","slug":"cosplay-photo-competition","status":"publish","type":"page","link":"https:\/\/animatsuri.eu\/2024\/en\/cosplay-photo-competition\/","title":{"rendered":"Cosplay photo competition"},"content":{"rendered":"\n<p><a href=\"#application\" data-type=\"internal\" data-id=\"#application\">APPLICATION<\/a> | <a href=\"#main_rules\" data-type=\"internal\" data-id=\"#main_rules\">MAIN RULES<\/a> | <a href=\"#awards\" data-type=\"internal\" data-id=\"#awards\">AWARDS<\/a> | <a href=\"#judges\" data-type=\"internal\" data-id=\"#judges\">JUDGES<\/a><\/p>\n\n\n\n<div style=\"height:40px\" aria-hidden=\"true\" class=\"wp-block-spacer\"><\/div>\n\n\n\n<h5 class=\"wp-block-heading\" id=\"application\">APPLICATION<\/h5>\n\n\n\n<ol>\n<li>Fill in the online application form <a href=\"https:\/\/docs.google.com\/forms\/d\/e\/1FAIpQLSfsdgDiimq215GA3w9rSsz1rqOvWDlI6xCUUYe3RarU96aOaQ\/viewform\">HERE<\/a> stating all the required information on the character, model, and photographer down below. The deadline is <strong>7th July 2024.<\/strong><\/li>\n\n\n\n<li>Photos can be submitted by either the photographer or the cosplay model, but they must have CONSENT to do so from both parties involved.<\/li>\n\n\n\n<li>To take part in the contest the participant must submit photos both in <strong>digital format<\/strong> and a <strong>physical copy<\/strong> that will be showcased during the event.<\/li>\n\n\n\n<li>The physical photos must be <strong>sent by postal mail latest by 15th July 2024<\/strong> to <strong>Vanemuise 48, 51003, Tartu linn, Tartumaa, Estonia<\/strong> or submitted on the <strong>first day of the event (20nd of July) until 13:00<\/strong> to the information desk. If the photo hasn\u2019t arrived by <strong>19th of July,<\/strong> we will ask you to bring the photo to the event, otherwise you will be disqualified. NB! Packages can get lost in the mail so make sure that you have an extra copy just in case to bring to the event on 20th of July if the unfortunate event happens.<\/li>\n\n\n\n<li>If you wish, you will be able to get your photos back at the end of the 2nd day at the information desk or by contacting the cosplay staff, we will not however mail photos back.<\/li>\n\n\n\n<li>The awards will be announced on the 2nd day of the event (21st of July) during the main award ceremony.<\/li>\n\n\n\n<li>Even though one photographer can submit multiple photos, they can only place once in the competition, meaning they can not win multiple prizes (other than audience favourite).<\/li>\n<\/ol>\n\n\n\n<div style=\"height:40px\" aria-hidden=\"true\" class=\"wp-block-spacer\"><\/div>\n\n\n\n<h5 class=\"wp-block-heading\" id=\"main_rules\">MAIN RULES<\/h5>\n\n\n\n<ol>\n<li>The photos cannot contain any sexual material, indecent gestures, profanities, or explicit violence.<\/li>\n\n\n\n<li>The photos must be printed in good quality on photo paper of at least <strong>A4<\/strong> size (recommended 2480 x 3508 pixels) and <strong>max<\/strong>imum <strong>A3 <\/strong>size (4961 x 3508 px). Online photos must be submitted in JPG, JPEG or PNG format.<\/li>\n\n\n\n<li>It is allowed to use Photoshop.<\/li>\n\n\n\n<li>All photos must be sent to us via the online application form and approved by our committee to be valid. After receiving the confirmation email, the photos <strong>must be physically submitted via postal mail or given to the staff on the first morning of the event by 13:00<\/strong> (Saturday, 20th of July).<\/li>\n\n\n\n<li>Sending the photos via postal mail: must be sent latest by <strong>15th of July 2024<\/strong> to the address of<strong> Vanemuise 48, 51003, Tartu, Tartumaa, Estonia.<\/strong> Receiver name must be marked as <strong>MT\u00dc Jaapani kultuuriklubi Asashio<\/strong>. Behind the photo please write the photographer&#8217;s full name and model\u2019s name. The photos must arrive by <strong>19th of July<\/strong> (better send them earlier than later). If the photo has not arrived by July 19th, please bring the photo to the event or you will be disqualified.&nbsp;<\/li>\n\n\n\n<li><strong>One photographer cannot submit more than 3 photos; one model cannot appear in more than 3 photos.<\/strong> Submissions that were not agreed upon between the model and the photographer will not be accepted and will not be exhibited at the event.<\/li>\n\n\n\n<li>Cosband\/group is limited to one photoshoot with <strong>3 group photos per, <\/strong>and if individual photos are submitted, one person still can appear only on 3 photos in total.<\/li>\n\n\n\n<li>By sending us photos, you confirm that all of the parties allow the photos to be involved in the contest. If photos are sent without consent of any party &#8211; the photos will not be accepted to compete in the event.<\/li>\n\n\n\n<li>By joining the competition, you agree that photos may be used for AniMatsuri advertisement purposes (with photographer info of course).<\/li>\n\n\n\n<li>By submitting your application, you agree to follow the contest rules.<\/li>\n\n\n\n<li>\u200bThe works that were approved and brought to us on time will be displayed in a gallery at AniMatsuri 2024, on 20th and 21st of July 2024.<\/li>\n<\/ol>\n\n\n\n<div style=\"height:40px\" aria-hidden=\"true\" class=\"wp-block-spacer\"><\/div>\n\n\n\n<h5 class=\"wp-block-heading\" id=\"awards\">AWARDS<\/h5>\n\n\n\n<p>All works will be evaluated by a professional jury and top 3 photos will be awarded with prizes. To find out the judges, keep a close eye on our social medias! Additionally, we have an audience favourite prize that will be chosen by the audience during the event.<\/p>\n\n\n\n<p>In case you have additional questions, please contact us by <a href=\"mailto:cosplay@animatsuri.eu\">cosplay@animatsuri.eu<\/a>.<\/p>\n\n\n\n<div style=\"height:40px\" aria-hidden=\"true\" class=\"wp-block-spacer\"><\/div>\n\n\n\n<h5 class=\"wp-block-heading\" id=\"judges\">JUDGES<\/h5>\n\n\n\n<div class=\"wp-block-media-text is-stacked-on-mobile\"><figure class=\"wp-block-media-text__media\"><img fetchpriority=\"high\" decoding=\"async\" width=\"683\" height=\"1024\" src=\"https:\/\/animatsuri.eu\/2024\/wp-content\/uploads\/2024\/07\/Chris-Kon-683x1024.jpg\" alt=\"\" class=\"wp-image-1719 size-full\" srcset=\"https:\/\/animatsuri.eu\/2024\/wp-content\/uploads\/2024\/07\/Chris-Kon-683x1024.jpg 683w, https:\/\/animatsuri.eu\/2024\/wp-content\/uploads\/2024\/07\/Chris-Kon-200x300.jpg 200w, https:\/\/animatsuri.eu\/2024\/wp-content\/uploads\/2024\/07\/Chris-Kon-768x1152.jpg 768w, https:\/\/animatsuri.eu\/2024\/wp-content\/uploads\/2024\/07\/Chris-Kon.jpg 800w\" sizes=\"(max-width: 683px) 100vw, 683px\" \/><\/figure><div class=\"wp-block-media-text__content\">\n<h4 class=\"wp-block-heading\">Chris Kon<\/h4>\n\n\n\n<p>Chris Kon on p\u00fchendunud cosplay kogukonna kunstilisuse j\u00e4\u00e4dvustamisele visuaalselt rabava fotograafia abil. Erinevatest kunstivormidest inspireerituna katsetab ta meelsasti erinevate temaatikate ja valgustehnikatega, et luua ainulaadseid ja kaasahaaravaid pilte. P\u00fc\u00fcdes pidevalt oma oskusi t\u00e4iustada, keskendub Chris igal fotosessioonil v\u00e4rske vaatenurga ja loovuse toomisele.<\/p>\n\n\n\n<p><br>Leia ta sotsiaalmeedias:<br><a href=\"https:\/\/www.instagram.com\/chriskonphoto\/\" target=\"_blank\" rel=\"noreferrer noopener\">https:\/\/www.instagram.com\/chriskonphoto\/<\/a><br><a href=\"https:\/\/www.facebook.com\/ChrisKonPhoto?__cft__[0]=AZW5AWnd52vj6lJ93TxgR_yRisk3o5H_dpAqdU_EYiPAAjnDW6_n0INL_GQJAc2T9cUJASg-vacJsgZbPA2y40MjX-6TK3sLMajj1x_5mqCghK-GJt82Edf8AY2zJF9HHE5xr4MUXK-vzAULf8rPdRq19kWYdrM5XziXBA2u8fyVe56EIM19YctkTWpVTvCQjtU&amp;__tn__=-]K*F\">https:\/\/www.facebook.com\/ChrisKonPhoto<\/a><\/p>\n<\/div><\/div>\n\n\n\n<div style=\"height:40px\" aria-hidden=\"true\" class=\"wp-block-spacer\"><\/div>\n\n\n\n<hr class=\"wp-block-separator has-alpha-channel-opacity\"\/>\n\n\n\n<div style=\"height:40px\" aria-hidden=\"true\" class=\"wp-block-spacer\"><\/div>\n\n\n\n<div class=\"wp-block-media-text is-stacked-on-mobile\"><figure class=\"wp-block-media-text__media\"><img decoding=\"async\" width=\"683\" height=\"1024\" src=\"https:\/\/animatsuri.eu\/2024\/wp-content\/uploads\/2024\/07\/AME4501-683x1024.jpg\" alt=\"\" class=\"wp-image-1721 size-full\" srcset=\"https:\/\/animatsuri.eu\/2024\/wp-content\/uploads\/2024\/07\/AME4501-683x1024.jpg 683w, https:\/\/animatsuri.eu\/2024\/wp-content\/uploads\/2024\/07\/AME4501-200x300.jpg 200w, https:\/\/animatsuri.eu\/2024\/wp-content\/uploads\/2024\/07\/AME4501-768x1152.jpg 768w, https:\/\/animatsuri.eu\/2024\/wp-content\/uploads\/2024\/07\/AME4501-1024x1536.jpg 1024w, https:\/\/animatsuri.eu\/2024\/wp-content\/uploads\/2024\/07\/AME4501-1366x2048.jpg 1366w, https:\/\/animatsuri.eu\/2024\/wp-content\/uploads\/2024\/07\/AME4501.jpg 1707w\" sizes=\"(max-width: 683px) 100vw, 683px\" \/><\/figure><div class=\"wp-block-media-text__content\">\n<h4 class=\"wp-block-heading\">Kristof Nachtergaele<\/h4>\n\n\n\n<p>Kristof Nachtergaele ehk N8e v\u00f5ttis kaamera k\u00e4tte 2006. aastal ja sattus aasta p\u00e4rast seda \u00fcritusele, kus avastas cosplay, ja sellest saati j\u00e4igi taolistel \u00fcritustel k\u00e4ima. Fotograafia on hobi, mis arenes lihtsalt sisseehitatud v\u00e4lguga kaamerast kuni autot\u00e4ie v\u00e4lklampide kaasas vedamiseni. Ta peab endiselt h\u00e4mmastavaks, et see hobi v\u00f5imaldab tal kohtuda inimestega \u00fcle kogu maailma ja inimesed tulevad ikka veel koos temaga \u00fcritustele pildistama.<\/p>\n\n\n\n<p>Leia ta instagramist:<br><a href=\"https:\/\/www.instagram.com\/knachte\/\" target=\"_blank\" rel=\"noreferrer noopener\">https:\/\/www.instagram.com\/knachte\/<\/a><\/p>\n<\/div><\/div>\n\n\n\n<div style=\"height:40px\" aria-hidden=\"true\" class=\"wp-block-spacer\"><\/div>\n\n\n\n<hr class=\"wp-block-separator has-alpha-channel-opacity\"\/>\n\n\n\n<div style=\"height:40px\" aria-hidden=\"true\" class=\"wp-block-spacer\"><\/div>\n\n\n\n<div class=\"wp-block-media-text is-stacked-on-mobile\"><figure class=\"wp-block-media-text__media\"><img decoding=\"async\" width=\"683\" height=\"1024\" src=\"https:\/\/animatsuri.eu\/2024\/wp-content\/uploads\/2024\/07\/Autoportree-683x1024.jpeg\" alt=\"\" class=\"wp-image-1722 size-full\" srcset=\"https:\/\/animatsuri.eu\/2024\/wp-content\/uploads\/2024\/07\/Autoportree-683x1024.jpeg 683w, https:\/\/animatsuri.eu\/2024\/wp-content\/uploads\/2024\/07\/Autoportree-200x300.jpeg 200w, https:\/\/animatsuri.eu\/2024\/wp-content\/uploads\/2024\/07\/Autoportree-768x1152.jpeg 768w, https:\/\/animatsuri.eu\/2024\/wp-content\/uploads\/2024\/07\/Autoportree-1024x1536.jpeg 1024w, https:\/\/animatsuri.eu\/2024\/wp-content\/uploads\/2024\/07\/Autoportree-1365x2048.jpeg 1365w, https:\/\/animatsuri.eu\/2024\/wp-content\/uploads\/2024\/07\/Autoportree.jpeg 1448w\" sizes=\"(max-width: 683px) 100vw, 683px\" \/><\/figure><div class=\"wp-block-media-text__content\">\n<h4 class=\"wp-block-heading\">Marcus Vall<\/h4>\n\n\n\n<p>Marcus Vall ehk Strawtownhero on enda kohta \u00f6elnud j\u00e4rgmist:<\/p>\n\n\n\n<p>\u201cAeg ja koht on vahe edu ja eba\u00f5nnestumise vahel. Valguse koosm\u00f5ju m\u00f5istmine on v\u00f5tmes\u00f5naks, kas midagi on v\u00f5i mitte. Umbes k\u00fcmme aastat olen k\u00f5ndinud valguse k\u00f5rval, kaamera k\u00e4es, nii portreede kui ka maastikufotograafiaga.\u201d<\/p>\n\n\n\n<p>Leia ta sotsiaalmeedias:<br><a href=\"https:\/\/www.instagram.com\/strawtownhero\/\" target=\"_blank\" rel=\"noreferrer noopener\">https:\/\/www.instagram.com\/strawtownhero\/<\/a><br><a href=\"https:\/\/www.instagram.com\/cosplayarkivet\/\" target=\"_blank\" rel=\"noreferrer noopener\">https:\/\/www.instagram.com\/cosplayarkivet\/<\/a><br><a href=\"https:\/\/www.facebook.com\/Strawtownhero?__cft__[0]=AZXrt54FWj2-Nkx6DBnGb1O7iW7tjSXjpNAkSpdQJXqP-aFKKQEIl4hln5GXkzmDUcVgmo2OcnNnucmiHnHWWGqS02tkwHJFdR9vOx-vOQxTk2CWnhmaNhpRW3Y-WsZqlKy842rUzBXdA1f280tS-MZK63EHghaJ12k0v4y185qYgEHiOs5yu1fSyJL6cTH7YPs&amp;__tn__=-]K*F\">https:\/\/www.facebook.com\/Strawtownhero\/<\/a><\/p>\n<\/div><\/div>\n","protected":false},"excerpt":{"rendered":"<p>APPLICATION | MAIN RULES | AWARDS | JUDGES APPLICATION MAIN RULES AWARDS All works will be evaluated by a professional jury and top 3 photos will be awarded with prizes. To find out the judges, keep a close eye on our social medias! Additionally, we have an audience favourite prize that will be chosen by [&hellip;]<\/p>\n","protected":false},"author":2,"featured_media":999,"parent":0,"menu_order":0,"comment_status":"closed","ping_status":"closed","template":"","meta":{"footnotes":""},"_links":{"self":[{"href":"https:\/\/animatsuri.eu\/2024\/wp-json\/wp\/v2\/pages\/906"}],"collection":[{"href":"https:\/\/animatsuri.eu\/2024\/wp-json\/wp\/v2\/pages"}],"about":[{"href":"https:\/\/animatsuri.eu\/2024\/wp-json\/wp\/v2\/types\/page"}],"author":[{"embeddable":true,"href":"https:\/\/animatsuri.eu\/2024\/wp-json\/wp\/v2\/users\/2"}],"replies":[{"embeddable":true,"href":"https:\/\/animatsuri.eu\/2024\/wp-json\/wp\/v2\/comments?post=906"}],"version-history":[{"count":9,"href":"https:\/\/animatsuri.eu\/2024\/wp-json\/wp\/v2\/pages\/906\/revisions"}],"predecessor-version":[{"id":1741,"href":"https:\/\/animatsuri.eu\/2024\/wp-json\/wp\/v2\/pages\/906\/revisions\/1741"}],"wp:featuredmedia":[{"embeddable":true,"href":"https:\/\/animatsuri.eu\/2024\/wp-json\/wp\/v2\/media\/999"}],"wp:attachment":[{"href":"https:\/\/animatsuri.eu\/2024\/wp-json\/wp\/v2\/media?parent=906"}],"curies":[{"name":"wp","href":"https:\/\/api.w.org\/{rel}","templated":true}]}}