{"id":935,"date":"2024-06-08T10:36:44","date_gmt":"2024-06-08T08:36:44","guid":{"rendered":"https:\/\/animatsuri.eu\/2024\/?page_id=935"},"modified":"2024-06-08T10:36:44","modified_gmt":"2024-06-08T08:36:44","slug":"viktoriin","status":"publish","type":"page","link":"https:\/\/animatsuri.eu\/2024\/viktoriin\/","title":{"rendered":"Viktoriin"},"content":{"rendered":"\n<p>Traditsiooniline AniMatsuri viktoriin paneb proovile osalejate teadmised nii animest kui ka Jaapanist. Osalemiseks ei pea aga olema n\u00e4inud igat animeseeriat viimase 30 aasta jooksul ega omama kraadi Aasia uuringutes \u2013 vastusevariante on vaid neli ja loogilise v\u00e4listamise teel v\u00f5ib leida ootamatu vastuse ka k\u00f5ige keerulisematele k\u00fcsimustele. Selle aasta teemaks on Jaapani m\u00fctoloogia.<\/p>\n\n\n\n<p>V\u00f5isteldakse kahestes gruppides, paariline v\u00f5ta kaasa v\u00f5i leia kohapealt. K\u00fcsimused esitatakse nii eesti kui inglise keeles. Soovi korral v\u00f5imalik k\u00fcsida t\u00f5lget vene keelde.<\/p>\n\n\n\n<p>K\u00fcsimuste koostaja Piiu Pilt on AniMatsuri viktoriine koostanud ja l\u00e4bi viinud rohkem, kui ta kokku lugeda suudab. K\u00fcsimuste koostamisel on abiks s\u00f5brad Google ja Wikipedia. Piiu lemmikk\u00fcsimused on sellised, kus \u00f5ige vastus on variantidest totraim.<\/p>\n","protected":false},"excerpt":{"rendered":"<p>Traditsiooniline AniMatsuri viktoriin paneb proovile osalejate teadmised nii animest kui ka Jaapanist. Osalemiseks ei pea aga olema n\u00e4inud igat animeseeriat viimase 30 aasta jooksul ega omama kraadi Aasia uuringutes \u2013 vastusevariante on vaid neli ja loogilise v\u00e4listamise teel v\u00f5ib leida ootamatu vastuse ka k\u00f5ige keerulisematele k\u00fcsimustele. Selle aasta teemaks on Jaapani m\u00fctoloogia. V\u00f5isteldakse kahestes gruppides, [&hellip;]<\/p>\n","protected":false},"author":2,"featured_media":180,"parent":0,"menu_order":0,"comment_status":"closed","ping_status":"closed","template":"","meta":{"footnotes":""},"_links":{"self":[{"href":"https:\/\/animatsuri.eu\/2024\/wp-json\/wp\/v2\/pages\/935"}],"collection":[{"href":"https:\/\/animatsuri.eu\/2024\/wp-json\/wp\/v2\/pages"}],"about":[{"href":"https:\/\/animatsuri.eu\/2024\/wp-json\/wp\/v2\/types\/page"}],"author":[{"embeddable":true,"href":"https:\/\/animatsuri.eu\/2024\/wp-json\/wp\/v2\/users\/2"}],"replies":[{"embeddable":true,"href":"https:\/\/animatsuri.eu\/2024\/wp-json\/wp\/v2\/comments?post=935"}],"version-history":[{"count":1,"href":"https:\/\/animatsuri.eu\/2024\/wp-json\/wp\/v2\/pages\/935\/revisions"}],"predecessor-version":[{"id":936,"href":"https:\/\/animatsuri.eu\/2024\/wp-json\/wp\/v2\/pages\/935\/revisions\/936"}],"wp:featuredmedia":[{"embeddable":true,"href":"https:\/\/animatsuri.eu\/2024\/wp-json\/wp\/v2\/media\/180"}],"wp:attachment":[{"href":"https:\/\/animatsuri.eu\/2024\/wp-json\/wp\/v2\/media?parent=935"}],"curies":[{"name":"wp","href":"https:\/\/api.w.org\/{rel}","templated":true}]}}